{"id":993,"date":"2018-02-08T11:46:43","date_gmt":"2018-02-08T10:46:43","guid":{"rendered":"http:\/\/sp1.zielonka.pl\/sp1\/?page_id=993"},"modified":"2024-02-02T16:39:15","modified_gmt":"2024-02-02T15:39:15","slug":"zespol-psychologiczno-pedagogiczny","status":"publish","type":"page","link":"https:\/\/sp1.zielonka.pl\/index.php\/pomoc-psychologiczno-pedagogiczna\/zespol-psychologiczno-pedagogiczny\/","title":{"rendered":"Zesp\u00f3\u0142 psychologiczno-pedagogiczny"},"content":{"rendered":"<p><strong><em>Iwona Bartkowska<\/em><\/strong> \u2013 psycholog<br \/>\nsala 56<\/p>\n<p><strong><em>El\u017cbieta B\u0142o\u0144ska<\/em><\/strong> \u2013 logopeda<br \/>\nGabinet logopedyczny &#8211; sala 45<\/p>\n<p><strong><em>Marta \u0141ach<\/em><\/strong> \u2013 terapeuta pedagogiczny<br \/>\nsala 49<\/p>\n<p><em><strong>Aleksandra Polakowska-Kurowska<\/strong><\/em> &#8211; terapeuta Integracji Sensorycznej<br \/>\nsala 53<\/p>\n<p><strong><em>Michalina Pytlewska<\/em><\/strong> \u2013 doradztwo zawodowe<br \/>\nsala 48<\/p>\n<p><strong><em>Katarzyna Wojno<\/em><\/strong> \u2013 pedagog<br \/>\nsala 17<\/p>\n<p>Nauczyciele wspomagaj\u0105cy:<\/p>\n<ul>\n<li>Joanna Chaniewska<\/li>\n<li>Joanna Hetnar<\/li>\n<li>Bo\u017cena Jusi\u0144ska<\/li>\n<li>Aleksandra Kurowska \u2013 Polakowska<\/li>\n<li>Ma\u0142gorzata Ostrowska<\/li>\n<li>Klaudia Rudzik<\/li>\n<li>Anna Zaburko<\/li>\n<\/ul>\n","protected":false},"excerpt":{"rendered":"<p>Iwona Bartkowska \u2013 psycholog sala 56 El\u017cbieta B\u0142o\u0144ska \u2013 logopeda Gabinet logopedyczny &#8211; sala 45 Marta \u0141ach \u2013 terapeuta pedagogiczny sala 49 Aleksandra Polakowska-Kurowska &#8211; terapeuta Integracji Sensorycznej sala 53 Michalina Pytlewska \u2013 doradztwo zawodowe sala 48 Katarzyna Wojno \u2013 pedagog sala 17 Nauczyciele wspomagaj\u0105cy: Joanna Chaniewska Joanna Hetnar Bo\u017cena Jusi\u0144ska Aleksandra Kurowska \u2013 Polakowska [&hellip;]<\/p>\n","protected":false},"author":3,"featured_media":0,"parent":990,"menu_order":0,"comment_status":"closed","ping_status":"closed","template":"","meta":{"footnotes":""},"class_list":["post-993","page","type-page","status-publish","hentry"],"_links":{"self":[{"href":"https:\/\/sp1.zielonka.pl\/index.php\/wp-json\/wp\/v2\/pages\/993","targetHints":{"allow":["GET"]}}],"collection":[{"href":"https:\/\/sp1.zielonka.pl\/index.php\/wp-json\/wp\/v2\/pages"}],"about":[{"href":"https:\/\/sp1.zielonka.pl\/index.php\/wp-json\/wp\/v2\/types\/page"}],"author":[{"embeddable":true,"href":"https:\/\/sp1.zielonka.pl\/index.php\/wp-json\/wp\/v2\/users\/3"}],"replies":[{"embeddable":true,"href":"https:\/\/sp1.zielonka.pl\/index.php\/wp-json\/wp\/v2\/comments?post=993"}],"version-history":[{"count":8,"href":"https:\/\/sp1.zielonka.pl\/index.php\/wp-json\/wp\/v2\/pages\/993\/revisions"}],"predecessor-version":[{"id":12251,"href":"https:\/\/sp1.zielonka.pl\/index.php\/wp-json\/wp\/v2\/pages\/993\/revisions\/12251"}],"up":[{"embeddable":true,"href":"https:\/\/sp1.zielonka.pl\/index.php\/wp-json\/wp\/v2\/pages\/990"}],"wp:attachment":[{"href":"https:\/\/sp1.zielonka.pl\/index.php\/wp-json\/wp\/v2\/media?parent=993"}],"curies":[{"name":"wp","href":"https:\/\/api.w.org\/{rel}","templated":true}]}}