{"id":990,"date":"2018-02-08T11:43:43","date_gmt":"2018-02-08T10:43:43","guid":{"rendered":"http:\/\/sp1.zielonka.pl\/sp1\/?page_id=990"},"modified":"2025-10-06T15:26:07","modified_gmt":"2025-10-06T13:26:07","slug":"pomoc-psychologiczno-pedagogiczna","status":"publish","type":"page","link":"https:\/\/sp1.zielonka.pl\/index.php\/pomoc-psychologiczno-pedagogiczna\/","title":{"rendered":"Pomoc psychologiczno-pedagogiczna"},"content":{"rendered":"\n<p><strong>Przyk\u0142ady \u0107wicze\u0144 uwa\u017cno\u015bci i relaksacji<\/strong><\/p>\n\n\n\n<div data-wp-interactive=\"core\/file\" class=\"wp-block-file\"><object data-wp-bind--hidden=\"!state.hasPdfPreview\" hidden class=\"wp-block-file__embed\" data=\"https:\/\/sp1.zielonka.pl\/wp-content\/uploads\/2025\/10\/Karty-relaksacyjne-Stowarzyszenie-Mudita-3.pdf\" type=\"application\/pdf\" style=\"width:100%;height:600px\" aria-label=\"Osadzone z Osadzone z Karty-relaksacyjne-Stowarzyszenie-Mudita-3..\"><\/object><a id=\"wp-block-file--media-2bce0c33-abd2-4746-b058-93a2cbfc760e\" href=\"https:\/\/sp1.zielonka.pl\/wp-content\/uploads\/2025\/10\/Karty-relaksacyjne-Stowarzyszenie-Mudita-3.pdf\">Karty-relaksacyjne-Stowarzyszenie-Mudita-3<\/a><a href=\"https:\/\/sp1.zielonka.pl\/wp-content\/uploads\/2025\/10\/Karty-relaksacyjne-Stowarzyszenie-Mudita-3.pdf\" class=\"wp-block-file__button\" download aria-describedby=\"wp-block-file--media-2bce0c33-abd2-4746-b058-93a2cbfc760e\">Pobierz<\/a><\/div>\n\n\n\n<p><\/p>\n\n\n\n<hr class=\"wp-block-separator\"\/>\n\n\n\n<p>MI\u0118DZYNARODOWY DZIE\u0143 MIGRANT\u00d3W<\/p>\n\n\n\n<p>18 grudnia obchodzimy Mi\u0119dzynarodowy Dzie\u0144 Migrant\u00f3w. W naszej szkole z tej okazji przygotowana zosta\u0142a gazetka przybli\u017caj\u0105ca problem migracji. Jak podaje O\u015brodek Informacji ONZ w Warszawie, na \u015bwiecie co 35 osoba jest migrantem.<\/p>\n\n\n\n<p><\/p>\n\n\n\n<figure class=\"wp-block-image size-full\"><img loading=\"lazy\" decoding=\"async\" width=\"431\" height=\"800\" src=\"https:\/\/sp1.zielonka.pl\/wp-content\/uploads\/2024\/12\/dzien-migranta.jpg\" alt=\"\" class=\"wp-image-19662\" srcset=\"https:\/\/sp1.zielonka.pl\/wp-content\/uploads\/2024\/12\/dzien-migranta.jpg 431w, https:\/\/sp1.zielonka.pl\/wp-content\/uploads\/2024\/12\/dzien-migranta-162x300.jpg 162w, https:\/\/sp1.zielonka.pl\/wp-content\/uploads\/2024\/12\/dzien-migranta-13x24.jpg 13w, https:\/\/sp1.zielonka.pl\/wp-content\/uploads\/2024\/12\/dzien-migranta-19x36.jpg 19w, https:\/\/sp1.zielonka.pl\/wp-content\/uploads\/2024\/12\/dzien-migranta-26x48.jpg 26w\" sizes=\"auto, (max-width: 431px) 100vw, 431px\" \/><\/figure>\n\n\n\n<p><strong>Rz\u0105dowy&nbsp;Program \u201eAktywna tablica\u201d \u2013 Metoda Warnkego<\/strong><\/p>\n\n\n\n<p>W tym roku w naszej szkole&nbsp;realizowany jest program \u201eAktywna tablica\u201d maj\u0105cy na celu &nbsp;rozwijanie szkolnej infrastruktury oraz kompetencji uczni\u00f3w i nauczycieli w zakresie technologii informacyjno-komunikacyjnych.<br>W ramach programu, naszej szkole uda\u0142o si\u0119 zakupi\u0107 sprz\u0119t niezb\u0119dny do prowadzenia diagnozy i terapii&nbsp;<strong>metod\u0105 Warnkego.<\/strong>&nbsp;Uczniowie b\u0119d\u0105 mogli korzysta\u0107 z pomocy z wykorzystaniem&nbsp;metody, dzi\u0119ki zdobytej przez specjalist\u00f3w wiedzy w zakresie diagnozowania i terapii.<br><strong>Co to jest metoda Warnkego?<\/strong><br><strong>Metoda Warnkego to trening s\u0142uchowy, wzrokowy i motoryczny, niweluj\u0105cy miedzy innymi &nbsp;deficyty w zakresie nabywania umiej\u0119tno\u015bci czytania i pisania.<\/strong><br>Za\u0142o\u017ceniem Metody Warnkego jest&nbsp;oddzia\u0142ywanie podczas treningu&nbsp;na&nbsp;zmys\u0142y wzroku, s\u0142uchu&nbsp;i motoryk\u0119 \u0107wicz\u0105cego. Unikatowo\u015b\u0107 metody wynika z&nbsp;zaanga\u017cowania pacjenta w trening&nbsp;(\u0107wicz\u0105cy nie tylko s\u0142ucha, ale tak\u017ce odpowiednio reaguje na wyst\u0119puj\u0105ce bod\u017ace). <br>Metod\u0119 wykrywania i treningu deficyt\u00f3w (w zakresie percepcji, czynno\u015bci ruchowych, uwagi, prawid\u0142owej pracy funkcji wzrokowych, s\u0142uchowych i integracji mi\u0119dzy nimi) opracowa\u0142 Fred Warnke. Udowodni\u0142, \u017ce&nbsp;jedn\u0105 z najwa\u017cniejszych przyczyn dysleksji i afazji s\u0105 zaburzenia przetwarzania s\u0142uchowego. Uwa\u017ca\u0142 r\u00f3wnie\u017c, \u017ce mo\u017cna je zredukowa\u0107 lub zminimalizowa\u0107 stosuj\u0105c odpowiedni trening.<\/p>\n\n\n\n<p><strong>Do kogo skierowana jest Metoda Warnkego?<\/strong><\/p>\n\n\n\n<p>Metoda Warnkego umo\u017cliwia prac\u0119 z dzie\u0107mi&nbsp;<strong>od 5 roku \u017cycia oraz z osobami doros\u0142ymi&nbsp;<\/strong>maj\u0105cymi problemy w nast\u0119puj\u0105cych obszarach: <br>\u00b7&nbsp;&nbsp;&nbsp;&nbsp;&nbsp;&nbsp;&nbsp;trudno\u015bci w nauce, <br>\u00b7&nbsp;&nbsp;&nbsp;&nbsp;&nbsp;&nbsp;&nbsp;problemy w nauce czytania i pisania, <br>\u00b7&nbsp;&nbsp;&nbsp;&nbsp;&nbsp;&nbsp;&nbsp;zaburzenia przetwarzania s\u0142uchowego (APD), <br>\u00b7&nbsp;&nbsp;&nbsp;&nbsp;&nbsp;&nbsp;&nbsp;problemy logopedyczne, <br>\u00b7&nbsp;&nbsp;&nbsp;&nbsp;&nbsp;&nbsp;&nbsp;problemy os\u00f3b z grupy ryzyka dysleksji rozwojowej lub u kt\u00f3rych zdiagnozowano dysleksj\u0119, <br>\u00b7&nbsp;&nbsp;&nbsp;&nbsp;&nbsp;&nbsp;&nbsp;problemy w lateralizacji, <br>\u00b7&nbsp;&nbsp;&nbsp;&nbsp;&nbsp;&nbsp;&nbsp;problemy wynikaj\u0105ce z przebytych uszkodze\u0144 m\u00f3zgu (np. po udarze),                          <br>\u00b7&nbsp;&nbsp;&nbsp;&nbsp;&nbsp;&nbsp;&nbsp;problemy ze s\u0142yszeniem wynikaj\u0105ce ze starzenia si\u0119 uk\u0142adu s\u0142uchu.<\/p>\n\n\n\n<p><strong>Efekty treningu Metod\u0105 Warnkego<\/strong><\/p>\n\n\n\n<p>W wyniku oddzia\u0142ywa\u0144 terapeutycznych, poprawia si\u0119 funkcjonowanie w zakresie:  <br>\u00b7&nbsp;&nbsp;&nbsp;&nbsp;&nbsp;&nbsp;&nbsp;s\u0142uchu fonemowego \u2013 r\u00f3\u017cnicowania g\u0142osek\/fonem\u00f3w, <br>\u00b7&nbsp;&nbsp;&nbsp;&nbsp;&nbsp;&nbsp;&nbsp;analizy struktury g\u0142oskowej\/fonemowej par s\u0142\u00f3w bezsensownych, ich por\u00f3wnywania i abstrahowania g\u0142osek\/fonem\u00f3w, <br>\u00b7&nbsp;&nbsp;&nbsp;&nbsp;&nbsp;&nbsp;&nbsp;analizy oraz syntezy g\u0142oskowej\/fonemowej, <br>\u00b7&nbsp;&nbsp;&nbsp;&nbsp;&nbsp;&nbsp;&nbsp;pami\u0119ci fonologicznej, <br>\u00b7&nbsp;&nbsp;&nbsp;&nbsp;&nbsp;&nbsp;&nbsp;integracji wzrokowo s\u0142uchowej, pami\u0119ci werbalnej d\u0142ugoterminowej, a tak\u017ce szybkiego, automatycznego przypominania s\u0142\u00f3w oraz podzielno\u015bci uwagi.<\/p>\n\n\n\n<figure class=\"wp-block-gallery has-nested-images columns-default is-cropped wp-block-gallery-1 is-layout-flex wp-block-gallery-is-layout-flex\">\n<figure class=\"wp-block-image size-large\"><a href=\"https:\/\/sp1.zielonka.pl\/wp-content\/uploads\/2024\/11\/56c68b26-535d-4871-80b8-4ad1e78e5ca1-1.jpg\"><img loading=\"lazy\" decoding=\"async\" width=\"600\" height=\"800\" data-id=\"19103\" src=\"https:\/\/sp1.zielonka.pl\/wp-content\/uploads\/2024\/11\/56c68b26-535d-4871-80b8-4ad1e78e5ca1-1.jpg\" alt=\"\" class=\"wp-image-19103\" srcset=\"https:\/\/sp1.zielonka.pl\/wp-content\/uploads\/2024\/11\/56c68b26-535d-4871-80b8-4ad1e78e5ca1-1.jpg 600w, https:\/\/sp1.zielonka.pl\/wp-content\/uploads\/2024\/11\/56c68b26-535d-4871-80b8-4ad1e78e5ca1-1-225x300.jpg 225w, https:\/\/sp1.zielonka.pl\/wp-content\/uploads\/2024\/11\/56c68b26-535d-4871-80b8-4ad1e78e5ca1-1-18x24.jpg 18w, https:\/\/sp1.zielonka.pl\/wp-content\/uploads\/2024\/11\/56c68b26-535d-4871-80b8-4ad1e78e5ca1-1-27x36.jpg 27w, https:\/\/sp1.zielonka.pl\/wp-content\/uploads\/2024\/11\/56c68b26-535d-4871-80b8-4ad1e78e5ca1-1-36x48.jpg 36w\" sizes=\"auto, (max-width: 600px) 100vw, 600px\" \/><\/a><\/figure>\n\n\n\n<figure class=\"wp-block-image size-full\"><a href=\"https:\/\/sp1.zielonka.pl\/wp-content\/uploads\/2024\/11\/75a68481-8517-433f-bcbc-78d4a8bd5cf2.jpg\"><img loading=\"lazy\" decoding=\"async\" width=\"800\" height=\"600\" data-id=\"19114\" src=\"https:\/\/sp1.zielonka.pl\/wp-content\/uploads\/2024\/11\/75a68481-8517-433f-bcbc-78d4a8bd5cf2-1.jpg\" alt=\"\" class=\"wp-image-19114\" srcset=\"https:\/\/sp1.zielonka.pl\/wp-content\/uploads\/2024\/11\/75a68481-8517-433f-bcbc-78d4a8bd5cf2-1.jpg 800w, https:\/\/sp1.zielonka.pl\/wp-content\/uploads\/2024\/11\/75a68481-8517-433f-bcbc-78d4a8bd5cf2-1-300x225.jpg 300w, https:\/\/sp1.zielonka.pl\/wp-content\/uploads\/2024\/11\/75a68481-8517-433f-bcbc-78d4a8bd5cf2-1-768x576.jpg 768w, https:\/\/sp1.zielonka.pl\/wp-content\/uploads\/2024\/11\/75a68481-8517-433f-bcbc-78d4a8bd5cf2-1-24x18.jpg 24w, https:\/\/sp1.zielonka.pl\/wp-content\/uploads\/2024\/11\/75a68481-8517-433f-bcbc-78d4a8bd5cf2-1-36x27.jpg 36w, https:\/\/sp1.zielonka.pl\/wp-content\/uploads\/2024\/11\/75a68481-8517-433f-bcbc-78d4a8bd5cf2-1-48x36.jpg 48w\" sizes=\"auto, (max-width: 800px) 100vw, 800px\" \/><\/a><\/figure>\n\n\n\n<figure class=\"wp-block-image size-large\"><a href=\"https:\/\/sp1.zielonka.pl\/wp-content\/uploads\/2024\/11\/aeb45dc2-a63b-4241-9702-0c8c2b7e6cad.jpg\"><img loading=\"lazy\" decoding=\"async\" width=\"600\" height=\"800\" data-id=\"19106\" src=\"https:\/\/sp1.zielonka.pl\/wp-content\/uploads\/2024\/11\/aeb45dc2-a63b-4241-9702-0c8c2b7e6cad.jpg\" alt=\"\" class=\"wp-image-19106\" srcset=\"https:\/\/sp1.zielonka.pl\/wp-content\/uploads\/2024\/11\/aeb45dc2-a63b-4241-9702-0c8c2b7e6cad.jpg 600w, https:\/\/sp1.zielonka.pl\/wp-content\/uploads\/2024\/11\/aeb45dc2-a63b-4241-9702-0c8c2b7e6cad-225x300.jpg 225w, https:\/\/sp1.zielonka.pl\/wp-content\/uploads\/2024\/11\/aeb45dc2-a63b-4241-9702-0c8c2b7e6cad-18x24.jpg 18w, https:\/\/sp1.zielonka.pl\/wp-content\/uploads\/2024\/11\/aeb45dc2-a63b-4241-9702-0c8c2b7e6cad-27x36.jpg 27w, https:\/\/sp1.zielonka.pl\/wp-content\/uploads\/2024\/11\/aeb45dc2-a63b-4241-9702-0c8c2b7e6cad-36x48.jpg 36w\" sizes=\"auto, (max-width: 600px) 100vw, 600px\" \/><\/a><\/figure>\n\n\n\n<figure class=\"wp-block-image size-large\"><a href=\"https:\/\/sp1.zielonka.pl\/wp-content\/uploads\/2024\/11\/e1a081d0-654f-4e62-9df2-9b40c2b3d84b.jpg\"><img loading=\"lazy\" decoding=\"async\" width=\"600\" height=\"800\" data-id=\"19104\" src=\"https:\/\/sp1.zielonka.pl\/wp-content\/uploads\/2024\/11\/e1a081d0-654f-4e62-9df2-9b40c2b3d84b.jpg\" alt=\"\" class=\"wp-image-19104\" srcset=\"https:\/\/sp1.zielonka.pl\/wp-content\/uploads\/2024\/11\/e1a081d0-654f-4e62-9df2-9b40c2b3d84b.jpg 600w, https:\/\/sp1.zielonka.pl\/wp-content\/uploads\/2024\/11\/e1a081d0-654f-4e62-9df2-9b40c2b3d84b-225x300.jpg 225w, https:\/\/sp1.zielonka.pl\/wp-content\/uploads\/2024\/11\/e1a081d0-654f-4e62-9df2-9b40c2b3d84b-18x24.jpg 18w, https:\/\/sp1.zielonka.pl\/wp-content\/uploads\/2024\/11\/e1a081d0-654f-4e62-9df2-9b40c2b3d84b-27x36.jpg 27w, https:\/\/sp1.zielonka.pl\/wp-content\/uploads\/2024\/11\/e1a081d0-654f-4e62-9df2-9b40c2b3d84b-36x48.jpg 36w\" sizes=\"auto, (max-width: 600px) 100vw, 600px\" \/><\/a><\/figure>\n\n\n\n<figure class=\"wp-block-image size-large\"><a href=\"https:\/\/sp1.zielonka.pl\/wp-content\/uploads\/2024\/11\/e15a0011-8df9-48f9-a817-fca72b88bed3.jpg\"><img loading=\"lazy\" decoding=\"async\" width=\"800\" height=\"600\" data-id=\"19105\" src=\"https:\/\/sp1.zielonka.pl\/wp-content\/uploads\/2024\/11\/e15a0011-8df9-48f9-a817-fca72b88bed3.jpg\" alt=\"\" class=\"wp-image-19105\" srcset=\"https:\/\/sp1.zielonka.pl\/wp-content\/uploads\/2024\/11\/e15a0011-8df9-48f9-a817-fca72b88bed3.jpg 800w, https:\/\/sp1.zielonka.pl\/wp-content\/uploads\/2024\/11\/e15a0011-8df9-48f9-a817-fca72b88bed3-300x225.jpg 300w, https:\/\/sp1.zielonka.pl\/wp-content\/uploads\/2024\/11\/e15a0011-8df9-48f9-a817-fca72b88bed3-768x576.jpg 768w, https:\/\/sp1.zielonka.pl\/wp-content\/uploads\/2024\/11\/e15a0011-8df9-48f9-a817-fca72b88bed3-24x18.jpg 24w, https:\/\/sp1.zielonka.pl\/wp-content\/uploads\/2024\/11\/e15a0011-8df9-48f9-a817-fca72b88bed3-36x27.jpg 36w, https:\/\/sp1.zielonka.pl\/wp-content\/uploads\/2024\/11\/e15a0011-8df9-48f9-a817-fca72b88bed3-48x36.jpg 48w\" sizes=\"auto, (max-width: 800px) 100vw, 800px\" \/><\/a><\/figure>\n<\/figure>\n\n\n\n<p>                                                                              Zesp\u00f3\u0142 pomocy psychologiczno-pedagogicznej<\/p>\n\n\n\n<p><strong>10 pa\u017adziernika <\/strong>obchodzimy<strong> Dzie\u0144 Zdrowia Psychicznego<\/strong>, kt\u00f3rego celem jest:<\/p>\n<ul>\n<li>&nbsp;podkre\u015blenie znaczenia zdrowia psychicznego &#8211; jest ono tak samo wa\u017cne, jak zdrowie fizyczne,<\/li>\n<li>przeciwdzia\u0142anie stereotypom i pi\u0119tnowaniu os\u00f3b cierpi\u0105cych na r\u00f3\u017cne problemy natury psychicznej,<\/li>\n<li>zach\u0119canie do dbania o zdrowie psychiczne, do poszukiwania pomocy.<\/li>\n<\/ul>\n<p>Dbajmy o siebie samych i siebie nawzajem &#8211; pami\u0119tajmy, \u017ce odpowiedni sen, zdrowe od\u017cywianie, aktywno\u015b\u0107 fizyczna oraz pozytywne wi\u0119zi i relacje z innymi lud\u017ami to podstawa dobrego samopoczucia.&nbsp;<\/p>\n<p>Doros\u0142ych zach\u0119camy do skorzystania z Akademii Uwa\u017cnego Rodzica &#8211; szkole\u0144 dla rodzic\u00f3w i nauczycieli, kt\u00f3rzy chc\u0105 pog\u0142\u0119bi\u0107 swoj\u0105 wiedz\u0119 na temat potrzeb nastolatk\u00f3w, doskonali\u0107 komunikacj\u0119 z dzie\u0107mi i dowiedzie\u0107 si\u0119, jak rozpoznawa\u0107 i reagowa\u0107 na kryzysy emocjonalne m\u0142odych os\u00f3b oraz gdzie szuka\u0107 wsparcia i pomocy.<\/p>\n<hr>\n<p>W tym roku T\u015aD odbywa si\u0119 w dniach 7-13 pa\u017adziernika.<br>Rodzic\u00f3w zapraszamy do zapoznania si\u0119 z poni\u017cszymi poradnikami.<\/p>\n<p>linki poni\u017cej:<\/p>\n<p>Marta Bogdanowicz \u201cDzie\u0144 powszedni dyslektycznego dziecka\u201d <a href=\"https:\/\/www.ptd.edu.pl\/Marta%20Bogdanowicz%20-%20Dzie%C5%84%20powszedni%20dyslektycznego%20dziecka.pdf\">https:\/\/www.ptd.edu.pl\/Marta%20Bogdanowicz%20%20Dzie%C5%84%20powszedni%20dyslektycznego%20dziecka.pdf<\/a><\/p>\n<p>Ma\u0142gorzata Ro\u017cy\u0144ska \u201cJak rozwija\u0107 w dziecku pasj\u0119 do czytania\u201d<br><a href=\"https:\/\/www.ptd.edu.pl\/Jak%20rozwija%C4%87%20w%20dziecku%20pasj%C4%99%20do%20czytania.pdf\">https:\/\/www.ptd.edu.pl\/Jak%20rozwija%C4%87%20w%20dziecku%20pasj%C4%99%20do%20czytania.pdf<\/a><\/p>\n<p>Tydzie\u0144 z ruchem- pomys\u0142y na wspieranie rozwoju dziecka ka\u017cdego dnia.<br><a href=\"https:\/\/www.ptd.edu.pl\/Tydzie%C5%84%20z%20ruchem-%20kalendarz.pdf\">https:\/\/www.ptd.edu.pl\/Tydzie%C5%84%20z%20ruchem-%20kalendarz.pdf<\/a><\/p>\n<hr>\n<p><a href=\"https:\/\/sp1.zielonka.pl\/wp-content\/uploads\/2023\/04\/Diagnoza-autyzmu-poradnik.pdf\">Diagnoza autyzmu &#8211; poradnik<\/a><\/p>\n<p><a href=\"https:\/\/sp1.zielonka.pl\/wp-content\/uploads\/2023\/04\/Dziewczyny-i-kobiety-w-spektrum-autyzmu-Poradnik.pdf\">Dziewczyny i kobiety w spektrum autyzmu &#8211; Poradnik<\/a><\/p>\n<p><a href=\"https:\/\/sp1.zielonka.pl\/wp-content\/uploads\/2023\/04\/Po-diagnozie-autyzmu-poradnik.pdf\">Po diagnozie autyzmu &#8211; poradnik<\/a><\/p>\n<p><a href=\"https:\/\/sp1.zielonka.pl\/wp-content\/uploads\/2023\/04\/Poradnik-edukacja-dzieci-w-spektrum-autyzmu-1.pdf\">Poradnik &#8211; edukacja dzieci w spektrum autyzmu-1<\/a><\/p>\n\n\n\n<p>                                                          Zesp\u00f3\u0142 pomocy psychologiczno-pedagogicznej<\/p>\n\n\n\n<p><\/p>\n\n\n\n<div class=\"wp-block-media-text alignwide is-stacked-on-mobile is-vertically-aligned-center\" style=\"grid-template-columns:55% auto\"><figure class=\"wp-block-media-text__media\"><img loading=\"lazy\" decoding=\"async\" width=\"566\" height=\"800\" src=\"https:\/\/sp1.zielonka.pl\/wp-content\/uploads\/2022\/02\/EJ-Potrzebujesz-wsparcia.jpg\" alt=\"\" class=\"wp-image-9723 size-full\" srcset=\"https:\/\/sp1.zielonka.pl\/wp-content\/uploads\/2022\/02\/EJ-Potrzebujesz-wsparcia.jpg 566w, https:\/\/sp1.zielonka.pl\/wp-content\/uploads\/2022\/02\/EJ-Potrzebujesz-wsparcia-212x300.jpg 212w, https:\/\/sp1.zielonka.pl\/wp-content\/uploads\/2022\/02\/EJ-Potrzebujesz-wsparcia-17x24.jpg 17w, https:\/\/sp1.zielonka.pl\/wp-content\/uploads\/2022\/02\/EJ-Potrzebujesz-wsparcia-25x36.jpg 25w, https:\/\/sp1.zielonka.pl\/wp-content\/uploads\/2022\/02\/EJ-Potrzebujesz-wsparcia-34x48.jpg 34w\" sizes=\"auto, (max-width: 566px) 100vw, 566px\" \/><\/figure><div class=\"wp-block-media-text__content\">\n<p class=\"has-normal-font-size\">&#8222;Zapraszamy do zapoznania si\u0119 z materia\u0142ami na temat depresji, jej objaw\u00f3w, mo\u017cliwych form pomocy, sposob\u00f3w dbania o zdrowie i samopoczucie psychiczne:&#8221;<\/p>\n<\/div><\/div>\n\n\n\n<p><a href=\"https:\/\/sp1.zielonka.pl\/wp-content\/uploads\/2022\/02\/ulotka-depresja-i-zdrowie-psychiczne.pdf\">ulotka-depresja-i-zdrowie-psychiczne<\/a><\/p>\n<p><a href=\"https:\/\/sp1.zielonka.pl\/wp-content\/uploads\/2022\/02\/nastoletnia-depresja-poradnik-dla-mlodziezy.pdf\">nastoletnia-depresja-poradnik-dla-mlodziezy<\/a><\/p>\n<p><a href=\"https:\/\/sp1.zielonka.pl\/wp-content\/uploads\/2022\/02\/Broszura-depresja_mlodziencza.pdf\">Broszura-depresja_mlodziencza<\/a><\/p>\n\n\n\n<p>W ramach \u015awiatowego Dnia \u015awiadomo\u015bci Autyzmu obchodzonego 2 kwietnia zach\u0119camy do przeczytania poni\u017cszej bajki, kt\u00f3ra w bardzo przyst\u0119pny spos\u00f3b przybli\u017ca i wyja\u015bnia sytuacj\u0119 dzieci, m\u0142odzie\u017cy i doros\u0142ych z autyzmem. Mamy nadziej\u0119, \u017ce pos\u0142u\u017cy nie tylko m\u0142odszym uczniom w zrozumieniu istoty autyzmu.<\/p>\n<ul>\n<li><a href=\"http:\/\/swiatelkodladzieci.pl\/wp-content\/uploads\/2015\/05\/Czarodziejka.pdf\">http:\/\/swiatelkodladzieci.pl\/wp-content\/uploads\/2015\/05\/Czarodziejka.pdf<\/a><\/li>\n<\/ul>\n\n\n\n<ul class=\"wp-block-list\"><li><a href=\"http:\/\/www.youtube.com\/watch?v=wlsUN4VOcGs\">http:\/\/www.youtube.com\/watch?v=wlsUN4VOcGs<\/a><\/li><li><a rel=\"noreferrer noopener\" href=\"https:\/\/forumprzeciwdepresji.pl\/nastoletnia-depresja\" target=\"_blank\">https:\/\/forumprzeciwdepresji.pl\/nastoletnia-depresja<\/a><\/li><li><a href=\"https:\/\/sp1.zielonka.pl\/index.php\/pomoc-psychologiczno-pedagogiczna\/zespol-psychologiczno-pedagogiczny\/\">Zesp\u00f3\u0142 psychologiczno-pedagogiczny<\/a><\/li><li><a href=\"https:\/\/sp1.zielonka.pl\/index.php\/pomoc-psychologiczno-pedagogiczna\/o-diagnozie-i-pomocy-zajecia-specjalistyczne\/\">O diagnozie i pomocy &#8211; zaj\u0119cia specjalistyczne<\/a><\/li><li><a href=\"https:\/\/sp1.zielonka.pl\/index.php\/pomoc-psychologiczno-pedagogiczna\/zajecia-specjalistyczne\/\">Zaj\u0119cia specjalistyczne<\/a><\/li><li><a href=\"https:\/\/sp1.zielonka.pl\/index.php\/pomoc-psychologiczno-pedagogiczna\/artykuly-i-cwiczenia\/\">Artyku\u0142y i \u0107wiczenia<\/a><\/li><li><a href=\"https:\/\/sp1.zielonka.pl\/wp-content\/uploads\/2022\/03\/godziny-pracy-zespolu-pp-1.pdf\">Godziny pracy zespo\u0142u psychologiczno-pedagogicznego<\/a><\/li><li><a href=\"https:\/\/sp1.zielonka.pl\/index.php\/pomoc-psychologiczno-pedagogiczna\/zajecia-rozwijajace-kompetencje-emocjonalno-spoleczne\/\">Zaj\u0119cia rozwijaj\u0105ce kompetencje emocjonalno &#8211; spo\u0142eczne<\/a><\/li><li><a href=\"https:\/\/sp1.zielonka.pl\/index.php\/pomoc-psychologiczno-pedagogiczna\/zajecia-korekcyjno-kompensacyjne\/\">Zaj\u0119cia korekcyjno-kompensacyjne<\/a><\/li><\/ul>\n\n\n","protected":false},"excerpt":{"rendered":"<p>Przyk\u0142ady \u0107wicze\u0144 uwa\u017cno\u015bci i relaksacji MI\u0118DZYNARODOWY DZIE\u0143 MIGRANT\u00d3W 18 grudnia obchodzimy Mi\u0119dzynarodowy Dzie\u0144 Migrant\u00f3w. W naszej szkole z tej okazji przygotowana zosta\u0142a gazetka przybli\u017caj\u0105ca problem migracji. Jak podaje O\u015brodek Informacji ONZ w Warszawie, na \u015bwiecie co 35 osoba jest migrantem. Rz\u0105dowy&nbsp;Program \u201eAktywna tablica\u201d \u2013 Metoda Warnkego W tym roku w naszej szkole&nbsp;realizowany jest program \u201eAktywna [&hellip;]<\/p>\n","protected":false},"author":3,"featured_media":0,"parent":0,"menu_order":0,"comment_status":"closed","ping_status":"closed","template":"","meta":{"footnotes":""},"class_list":["post-990","page","type-page","status-publish","hentry"],"_links":{"self":[{"href":"https:\/\/sp1.zielonka.pl\/index.php\/wp-json\/wp\/v2\/pages\/990","targetHints":{"allow":["GET"]}}],"collection":[{"href":"https:\/\/sp1.zielonka.pl\/index.php\/wp-json\/wp\/v2\/pages"}],"about":[{"href":"https:\/\/sp1.zielonka.pl\/index.php\/wp-json\/wp\/v2\/types\/page"}],"author":[{"embeddable":true,"href":"https:\/\/sp1.zielonka.pl\/index.php\/wp-json\/wp\/v2\/users\/3"}],"replies":[{"embeddable":true,"href":"https:\/\/sp1.zielonka.pl\/index.php\/wp-json\/wp\/v2\/comments?post=990"}],"version-history":[{"count":84,"href":"https:\/\/sp1.zielonka.pl\/index.php\/wp-json\/wp\/v2\/pages\/990\/revisions"}],"predecessor-version":[{"id":22739,"href":"https:\/\/sp1.zielonka.pl\/index.php\/wp-json\/wp\/v2\/pages\/990\/revisions\/22739"}],"wp:attachment":[{"href":"https:\/\/sp1.zielonka.pl\/index.php\/wp-json\/wp\/v2\/media?parent=990"}],"curies":[{"name":"wp","href":"https:\/\/api.w.org\/{rel}","templated":true}]}}