{"id":99,"date":"2017-10-10T11:25:05","date_gmt":"2017-10-10T09:25:05","guid":{"rendered":"http:\/\/sp1.zielonka.pl\/sp1\/?page_id=99"},"modified":"2026-03-26T20:20:48","modified_gmt":"2026-03-26T19:20:48","slug":"biblioteka","status":"publish","type":"page","link":"https:\/\/sp1.zielonka.pl\/index.php\/biblioteka\/","title":{"rendered":"Biblioteka"},"content":{"rendered":"\n<div class=\"wp-block-media-text alignwide is-stacked-on-mobile\" style=\"grid-template-columns:33% auto\"><figure class=\"wp-block-media-text__media\"><a href=\"https:\/\/sp1.zielonka.pl\/index.php\/galeria\/gallery\/bon-czy-ton\/\"><img loading=\"lazy\" width=\"800\" height=\"360\" src=\"http:\/\/sp1.zielonka.pl\/wp-content\/uploads\/2026\/03\/przygoda-z-lektura-27.jpg\" alt=\"\" class=\"wp-image-25199 size-full\" srcset=\"https:\/\/sp1.zielonka.pl\/wp-content\/uploads\/2026\/03\/przygoda-z-lektura-27.jpg 800w, https:\/\/sp1.zielonka.pl\/wp-content\/uploads\/2026\/03\/przygoda-z-lektura-27-300x135.jpg 300w, https:\/\/sp1.zielonka.pl\/wp-content\/uploads\/2026\/03\/przygoda-z-lektura-27-768x346.jpg 768w, https:\/\/sp1.zielonka.pl\/wp-content\/uploads\/2026\/03\/przygoda-z-lektura-27-24x11.jpg 24w, https:\/\/sp1.zielonka.pl\/wp-content\/uploads\/2026\/03\/przygoda-z-lektura-27-36x16.jpg 36w, https:\/\/sp1.zielonka.pl\/wp-content\/uploads\/2026\/03\/przygoda-z-lektura-27-48x22.jpg 48w\" sizes=\"(max-width: 800px) 100vw, 800px\" \/><\/a><\/figure><div class=\"wp-block-media-text__content\">\n<p class=\"has-small-font-size\">Przygoda z lektur\u0105 <strong>&#8222;Bon czy ton&#8221;<\/strong> zako\u0144czy\u0142a si\u0119 otrzymaniem przez uczni\u00f3w kl. 3b certyfikatu znajomo\u015bci zasad dobrego zachowania! &#8222;Bon ton nie jest moda! To szacunek!&#8221;<\/p>\n\n\n\n<p class=\"has-small-font-size\">Zakup kompletu ksi\u0105\u017cek i projekt w kl. 3b &#8211; w ramach realizowanego w naszej szkole Narodowego Programu Rozwoju Czytelnictwa 2.0.<\/p>\n<\/div><\/div>\n\n\n\n<figure class=\"wp-block-image size-full\"><img loading=\"lazy\" width=\"566\" height=\"800\" src=\"https:\/\/sp1.zielonka.pl\/wp-content\/uploads\/2026\/03\/Z-KSIAZKA-MI-DO-TWARZY-1-strona.jpg\" alt=\"\" class=\"wp-image-25060\" srcset=\"https:\/\/sp1.zielonka.pl\/wp-content\/uploads\/2026\/03\/Z-KSIAZKA-MI-DO-TWARZY-1-strona.jpg 566w, https:\/\/sp1.zielonka.pl\/wp-content\/uploads\/2026\/03\/Z-KSIAZKA-MI-DO-TWARZY-1-strona-212x300.jpg 212w, https:\/\/sp1.zielonka.pl\/wp-content\/uploads\/2026\/03\/Z-KSIAZKA-MI-DO-TWARZY-1-strona-17x24.jpg 17w, https:\/\/sp1.zielonka.pl\/wp-content\/uploads\/2026\/03\/Z-KSIAZKA-MI-DO-TWARZY-1-strona-25x36.jpg 25w, https:\/\/sp1.zielonka.pl\/wp-content\/uploads\/2026\/03\/Z-KSIAZKA-MI-DO-TWARZY-1-strona-34x48.jpg 34w\" sizes=\"(max-width: 566px) 100vw, 566px\" \/><\/figure>\n\n\n\n<figure class=\"wp-block-gallery has-nested-images columns-default is-cropped\">\n<figure class=\"wp-block-image size-large\"><a href=\"http:\/\/sp1.zielonka.pl\/wp-content\/uploads\/2026\/03\/27fcafb47ece49fbdce9437f1d6eefb70mcJYX7ZvbodRzra-0.jpg\"><img loading=\"lazy\" width=\"724\" height=\"1024\" data-id=\"24773\"  src=\"https:\/\/sp1.zielonka.pl\/wp-content\/uploads\/2026\/03\/27fcafb47ece49fbdce9437f1d6eefb70mcJYX7ZvbodRzra-0-724x1024.jpg\" alt=\"\" class=\"wp-image-24773\" srcset=\"https:\/\/sp1.zielonka.pl\/wp-content\/uploads\/2026\/03\/27fcafb47ece49fbdce9437f1d6eefb70mcJYX7ZvbodRzra-0-724x1024.jpg 724w, https:\/\/sp1.zielonka.pl\/wp-content\/uploads\/2026\/03\/27fcafb47ece49fbdce9437f1d6eefb70mcJYX7ZvbodRzra-0-212x300.jpg 212w, https:\/\/sp1.zielonka.pl\/wp-content\/uploads\/2026\/03\/27fcafb47ece49fbdce9437f1d6eefb70mcJYX7ZvbodRzra-0-768x1086.jpg 768w, https:\/\/sp1.zielonka.pl\/wp-content\/uploads\/2026\/03\/27fcafb47ece49fbdce9437f1d6eefb70mcJYX7ZvbodRzra-0-1086x1536.jpg 1086w, https:\/\/sp1.zielonka.pl\/wp-content\/uploads\/2026\/03\/27fcafb47ece49fbdce9437f1d6eefb70mcJYX7ZvbodRzra-0-1448x2048.jpg 1448w, https:\/\/sp1.zielonka.pl\/wp-content\/uploads\/2026\/03\/27fcafb47ece49fbdce9437f1d6eefb70mcJYX7ZvbodRzra-0-17x24.jpg 17w, https:\/\/sp1.zielonka.pl\/wp-content\/uploads\/2026\/03\/27fcafb47ece49fbdce9437f1d6eefb70mcJYX7ZvbodRzra-0-25x36.jpg 25w, https:\/\/sp1.zielonka.pl\/wp-content\/uploads\/2026\/03\/27fcafb47ece49fbdce9437f1d6eefb70mcJYX7ZvbodRzra-0-34x48.jpg 34w, https:\/\/sp1.zielonka.pl\/wp-content\/uploads\/2026\/03\/27fcafb47ece49fbdce9437f1d6eefb70mcJYX7ZvbodRzra-0.jpg 1654w\" sizes=\"(max-width: 724px) 100vw, 724px\" \/><\/a><\/figure>\n\n\n\n<figure class=\"wp-block-image size-large\"><a href=\"http:\/\/sp1.zielonka.pl\/wp-content\/uploads\/2026\/03\/27fcafb47ece49fbdce9437f1d6eefb70mcJYX7ZvbodRzra-1.jpg\"><img loading=\"lazy\" width=\"724\" height=\"1024\" data-id=\"24774\"  src=\"https:\/\/sp1.zielonka.pl\/wp-content\/uploads\/2026\/03\/27fcafb47ece49fbdce9437f1d6eefb70mcJYX7ZvbodRzra-1-724x1024.jpg\" alt=\"\" class=\"wp-image-24774\" srcset=\"https:\/\/sp1.zielonka.pl\/wp-content\/uploads\/2026\/03\/27fcafb47ece49fbdce9437f1d6eefb70mcJYX7ZvbodRzra-1-724x1024.jpg 724w, https:\/\/sp1.zielonka.pl\/wp-content\/uploads\/2026\/03\/27fcafb47ece49fbdce9437f1d6eefb70mcJYX7ZvbodRzra-1-212x300.jpg 212w, https:\/\/sp1.zielonka.pl\/wp-content\/uploads\/2026\/03\/27fcafb47ece49fbdce9437f1d6eefb70mcJYX7ZvbodRzra-1-768x1086.jpg 768w, https:\/\/sp1.zielonka.pl\/wp-content\/uploads\/2026\/03\/27fcafb47ece49fbdce9437f1d6eefb70mcJYX7ZvbodRzra-1-1086x1536.jpg 1086w, https:\/\/sp1.zielonka.pl\/wp-content\/uploads\/2026\/03\/27fcafb47ece49fbdce9437f1d6eefb70mcJYX7ZvbodRzra-1-1448x2048.jpg 1448w, https:\/\/sp1.zielonka.pl\/wp-content\/uploads\/2026\/03\/27fcafb47ece49fbdce9437f1d6eefb70mcJYX7ZvbodRzra-1-17x24.jpg 17w, https:\/\/sp1.zielonka.pl\/wp-content\/uploads\/2026\/03\/27fcafb47ece49fbdce9437f1d6eefb70mcJYX7ZvbodRzra-1-25x36.jpg 25w, https:\/\/sp1.zielonka.pl\/wp-content\/uploads\/2026\/03\/27fcafb47ece49fbdce9437f1d6eefb70mcJYX7ZvbodRzra-1-34x48.jpg 34w, https:\/\/sp1.zielonka.pl\/wp-content\/uploads\/2026\/03\/27fcafb47ece49fbdce9437f1d6eefb70mcJYX7ZvbodRzra-1.jpg 1654w\" sizes=\"(max-width: 724px) 100vw, 724px\" \/><\/a><\/figure>\n<figcaption class=\"blocks-gallery-caption\">W szkolnej bibliotece szeroka oferta ksi\u0105\u017cek sprzyjaj\u0105cych w\u0142a\u015bciwemu rozwojowi psychicznemu, emocjonalnemu i spo\u0142ecznemu dziecka. Zach\u0119camy do zapoznania si\u0119 z ofert\u0105 (biuletyn) i korzystania z naszych zasob\u00f3w. Dzi\u0119ki realizacji Narodowego Programu Rozwoju Czytelnictwa 2.0 na lata 2021-2025 uda\u0142o si\u0119 nam uzupe\u0142ni\u0107 ksi\u0119gozbi\u00f3r w warto\u015bciowe pozycje.&nbsp;<\/figcaption><\/figure>\n\n\n\n<div class=\"wp-block-media-text alignwide is-stacked-on-mobile\" style=\"grid-template-columns:34% auto\"><figure class=\"wp-block-media-text__media\"><a href=\"https:\/\/sp1.zielonka.pl\/index.php\/galeria\/gallery\/czytelnictwo-2\/\"><img loading=\"lazy\" width=\"600\" height=\"800\" src=\"http:\/\/sp1.zielonka.pl\/wp-content\/uploads\/2026\/02\/czytelnictwo-11.jpg\" alt=\"\" class=\"wp-image-24562 size-full\" srcset=\"https:\/\/sp1.zielonka.pl\/wp-content\/uploads\/2026\/02\/czytelnictwo-11.jpg 600w, https:\/\/sp1.zielonka.pl\/wp-content\/uploads\/2026\/02\/czytelnictwo-11-225x300.jpg 225w, https:\/\/sp1.zielonka.pl\/wp-content\/uploads\/2026\/02\/czytelnictwo-11-18x24.jpg 18w, https:\/\/sp1.zielonka.pl\/wp-content\/uploads\/2026\/02\/czytelnictwo-11-27x36.jpg 27w, https:\/\/sp1.zielonka.pl\/wp-content\/uploads\/2026\/02\/czytelnictwo-11-36x48.jpg 36w\" sizes=\"(max-width: 600px) 100vw, 600px\" \/><\/a><\/figure><div class=\"wp-block-media-text__content\">\n<p class=\"has-small-font-size\">W ramach Narodowego Programu Rozwoju Czytelnictwa nasz\u0105 zer\u00f3wk\u0119 odwiedzi\u0142a mama Teresy \u2013 pani Ania. Podczas spotkania opowiedzia\u0142a dzieciom o zawodzie ilustratora ksi\u0105\u017cek dla dzieci oraz o tym, jak powstaj\u0105 kolorowanki \u2013 od pomys\u0142u, przez szkice, a\u017c po gotow\u0105 publikacj\u0119. Dzieci z du\u017cym zainteresowaniem s\u0142ucha\u0142y opowie\u015bci o pracy ilustratora i mog\u0142y dowiedzie\u0107 si\u0119, jak wygl\u0105da proces tworzenia ksi\u0105\u017cek \u201eod kuchni\u201d. Dodatkow\u0105 atrakcj\u0105 by\u0142a informacja, \u017ce nasza kole\u017canka z zer\u00f3wki jest bohaterk\u0105 jednej z ksi\u0105\u017cek. Spotkanie by\u0142o bardzo ciekawe i stanowi\u0142o warto\u015bciowe do\u015bwiadczenie rozwijaj\u0105ce zainteresowania czytelnicze dzieci.<\/p>\n<\/div><\/div>\n\n\n\n<div class=\"wp-block-media-text alignwide has-media-on-the-right is-stacked-on-mobile\"><figure class=\"wp-block-media-text__media\"><img loading=\"lazy\" width=\"800\" height=\"360\" src=\"http:\/\/sp1.zielonka.pl\/wp-content\/uploads\/2026\/02\/1000005263.jpg\" alt=\"\" class=\"wp-image-24465 size-full\" srcset=\"https:\/\/sp1.zielonka.pl\/wp-content\/uploads\/2026\/02\/1000005263.jpg 800w, https:\/\/sp1.zielonka.pl\/wp-content\/uploads\/2026\/02\/1000005263-300x135.jpg 300w, https:\/\/sp1.zielonka.pl\/wp-content\/uploads\/2026\/02\/1000005263-768x346.jpg 768w, https:\/\/sp1.zielonka.pl\/wp-content\/uploads\/2026\/02\/1000005263-24x11.jpg 24w, https:\/\/sp1.zielonka.pl\/wp-content\/uploads\/2026\/02\/1000005263-36x16.jpg 36w, https:\/\/sp1.zielonka.pl\/wp-content\/uploads\/2026\/02\/1000005263-48x22.jpg 48w\" sizes=\"(max-width: 800px) 100vw, 800px\" \/><\/figure><div class=\"wp-block-media-text__content\">\n<p class=\"has-small-font-size\">Chcesz zna\u0107 odpowied\u017a? KSI\u0104\u017bKA CI POWIE! Wyszukiwaniem ciekawostek o otaczajacym nas \u015bwiecie i odpowiedzi na trudne pytania zajmowali sie uczniowie kl. 3a i 3b. Nowe ksi\u0105\u017cki zakupione w Narodowym Programie Rozwoju Czytelnictwa wzbogaci\u0142y i uatrakcyjni\u0142y nasz ksi\u0119gozbi\u00f3r. Polecamy! Kto pyta, wie wi\u0119cej! \ud83d\ude09<\/p>\n<\/div><\/div>\n\n\n\n<p><img loading=\"lazy\" class=\"alignnone size-full wp-image-24036\" src=\"http:\/\/sp1.zielonka.pl\/wp-content\/uploads\/2026\/01\/nprcz-belka-men-bn-ik-nck-kolor-rgb.jpg\" alt=\"\" width=\"800\" height=\"66\" srcset=\"https:\/\/sp1.zielonka.pl\/wp-content\/uploads\/2026\/01\/nprcz-belka-men-bn-ik-nck-kolor-rgb.jpg 800w, https:\/\/sp1.zielonka.pl\/wp-content\/uploads\/2026\/01\/nprcz-belka-men-bn-ik-nck-kolor-rgb-300x25.jpg 300w, https:\/\/sp1.zielonka.pl\/wp-content\/uploads\/2026\/01\/nprcz-belka-men-bn-ik-nck-kolor-rgb-768x63.jpg 768w, https:\/\/sp1.zielonka.pl\/wp-content\/uploads\/2026\/01\/nprcz-belka-men-bn-ik-nck-kolor-rgb-24x2.jpg 24w, https:\/\/sp1.zielonka.pl\/wp-content\/uploads\/2026\/01\/nprcz-belka-men-bn-ik-nck-kolor-rgb-36x3.jpg 36w, https:\/\/sp1.zielonka.pl\/wp-content\/uploads\/2026\/01\/nprcz-belka-men-bn-ik-nck-kolor-rgb-48x4.jpg 48w\" sizes=\"(max-width: 800px) 100vw, 800px\" \/><\/p>\n\n\n\n<div class=\"wp-block-media-text alignwide is-stacked-on-mobile\"><figure class=\"wp-block-media-text__media\"><a href=\"https:\/\/sp1.zielonka.pl\/index.php\/galeria\/gallery\/biblioteka_2026\/\"><img loading=\"lazy\" width=\"800\" height=\"360\" src=\"http:\/\/sp1.zielonka.pl\/wp-content\/uploads\/2026\/01\/biblioteka-10.jpg\" alt=\"\" class=\"wp-image-24034 size-full\" srcset=\"https:\/\/sp1.zielonka.pl\/wp-content\/uploads\/2026\/01\/biblioteka-10.jpg 800w, https:\/\/sp1.zielonka.pl\/wp-content\/uploads\/2026\/01\/biblioteka-10-300x135.jpg 300w, https:\/\/sp1.zielonka.pl\/wp-content\/uploads\/2026\/01\/biblioteka-10-768x346.jpg 768w, https:\/\/sp1.zielonka.pl\/wp-content\/uploads\/2026\/01\/biblioteka-10-24x11.jpg 24w, https:\/\/sp1.zielonka.pl\/wp-content\/uploads\/2026\/01\/biblioteka-10-36x16.jpg 36w, https:\/\/sp1.zielonka.pl\/wp-content\/uploads\/2026\/01\/biblioteka-10-48x22.jpg 48w\" sizes=\"(max-width: 800px) 100vw, 800px\" \/><\/a><\/figure><div class=\"wp-block-media-text__content\">\n<p class=\"has-small-font-size\">Stare ksi\u0105\u017cki w nowej ods\u0142onie&#8230;&nbsp;<\/p>\n\n\n\n<p class=\"has-small-font-size\">Nowe ksi\u0105\u017cki na starym regale&#8230;<\/p>\n\n\n\n<p class=\"has-small-font-size\">A mo\u017ce&#8230; NOWE KSI\u0104\u017bKI z NOWEGO REGA\u0141U? Wed\u0142ug Zosi z 3b, naszej wiernej Czytelniczki: &#8222;z jej ulubionego dzia\u0142u w tej bibliotece&#8221;.&nbsp;<\/p>\n\n\n\n<p class=\"has-small-font-size\">Czytaj seriami albo&#8230; pasjami! \ud83d\ude42<\/p>\n\n\n\n<p class=\"has-small-font-size\">Nowo\u015bci wydawnicze, dwustronny rega\u0142 i nie tylko &#8211; z Narodowego Programu Rozwoju Czytelnictwa 2.0 na lata 2021-2025.<\/p>\n<\/div><\/div>\n\n\n\n<hr class=\"wp-block-separator\"\/>\n\n\n\n<div class=\"wp-block-media-text alignwide is-stacked-on-mobile\" style=\"grid-template-columns:39% auto\"><figure class=\"wp-block-media-text__media\"><a href=\"https:\/\/sp1.zielonka.pl\/index.php\/galeria\/gallery\/w-bibliotece\/\"><img loading=\"lazy\" width=\"800\" height=\"360\" src=\"http:\/\/sp1.zielonka.pl\/wp-content\/uploads\/2025\/12\/w-bibliotece-9.jpg\" alt=\"\" class=\"wp-image-23826 size-full\" srcset=\"https:\/\/sp1.zielonka.pl\/wp-content\/uploads\/2025\/12\/w-bibliotece-9.jpg 800w, https:\/\/sp1.zielonka.pl\/wp-content\/uploads\/2025\/12\/w-bibliotece-9-300x135.jpg 300w, https:\/\/sp1.zielonka.pl\/wp-content\/uploads\/2025\/12\/w-bibliotece-9-768x346.jpg 768w, https:\/\/sp1.zielonka.pl\/wp-content\/uploads\/2025\/12\/w-bibliotece-9-24x11.jpg 24w, https:\/\/sp1.zielonka.pl\/wp-content\/uploads\/2025\/12\/w-bibliotece-9-36x16.jpg 36w, https:\/\/sp1.zielonka.pl\/wp-content\/uploads\/2025\/12\/w-bibliotece-9-48x22.jpg 48w\" sizes=\"(max-width: 800px) 100vw, 800px\" \/><\/a><\/figure><div class=\"wp-block-media-text__content\">\n<p class=\"has-small-font-size\">&#8222;W naszej bibliotece s\u0105 chyba wszystkie ksi\u0105\u017cki \u015bwiata!&#8221; &#8211; powiedzia\u0142a z zachwytem Zosia z kl.3 na widok swojej ulubionej serii oraz innych ksi\u0105\u017cek kupionych w ramach Narodowego Programu Rozwoju Czytelnictwa. I to jest komentarz! <\/p>\n\n\n\n<p class=\"has-small-font-size\">Opr\u00f3cz ponad 500 nowo\u015bci biblioteka pozyska\u0142a nowy dwustronny rega\u0142, drug\u0105 wygodn\u0105 sof\u0119 oraz mobilny parawan do ekspozycji prac.<\/p>\n\n\n\n<p class=\"has-small-font-size\">Zapraszamy do biblioteki! Atrakcyjne ksi\u0105\u017cki na miejscu i na wynos. :))<\/p>\n<\/div><\/div>\n\n\n\n<hr class=\"wp-block-separator\"\/>\n\n\n\n<p>Narodowy Program Rozwoju Czytelnictwa.<\/p>\n\n\n\n<figure class=\"wp-block-gallery has-nested-images columns-default is-cropped\">\n<figure class=\"wp-block-image size-large\"><a href=\"https:\/\/sp1.zielonka.pl\/index.php\/galeria\/gallery\/nprc\/\"><img loading=\"lazy\" width=\"600\" height=\"797\" data-id=\"23297\"  src=\"https:\/\/sp1.zielonka.pl\/wp-content\/uploads\/2025\/11\/nprc-12.jpg\" alt=\"\" class=\"wp-image-23297\" srcset=\"https:\/\/sp1.zielonka.pl\/wp-content\/uploads\/2025\/11\/nprc-12.jpg 600w, https:\/\/sp1.zielonka.pl\/wp-content\/uploads\/2025\/11\/nprc-12-226x300.jpg 226w, https:\/\/sp1.zielonka.pl\/wp-content\/uploads\/2025\/11\/nprc-12-18x24.jpg 18w, https:\/\/sp1.zielonka.pl\/wp-content\/uploads\/2025\/11\/nprc-12-27x36.jpg 27w, https:\/\/sp1.zielonka.pl\/wp-content\/uploads\/2025\/11\/nprc-12-36x48.jpg 36w\" sizes=\"(max-width: 600px) 100vw, 600px\" \/><\/a><figcaption>Codzienne czytanie dziecku wp\u0142ywa na jego rozw\u00f3j emocjonalny, rozwija s\u0142ownictwo, pami\u0119\u0107 i wyobra\u017ani\u0119. Uczy logicznego my\u015blenia i zapami\u0119tywania, poprawia koncentracj\u0119, wzmacnia poczucie w\u0142asnej warto\u015bci, uczy warto\u015bci: odr\u00f3\u017cniania dobra od z\u0142a. Dzi\u0119kujemy Paniom z biblioteki za ob\u0142o\u017cenie ksi\u0105\u017cek, teraz \u017car\u00f3weczki mog\u0105 \u015bmia\u0142o z nich korzysta\u0107<\/figcaption><\/figure>\n<\/figure>\n\n\n\n<figure class=\"wp-block-image size-full\"><a href=\"https:\/\/sp1.zielonka.pl\/index.php\/galeria\/gallery\/ksiazki\/\"><img loading=\"lazy\" width=\"360\" height=\"800\" src=\"http:\/\/sp1.zielonka.pl\/wp-content\/uploads\/2025\/11\/czytelnictwo-4.jpg\" alt=\"\" class=\"wp-image-23223\" srcset=\"https:\/\/sp1.zielonka.pl\/wp-content\/uploads\/2025\/11\/czytelnictwo-4.jpg 360w, https:\/\/sp1.zielonka.pl\/wp-content\/uploads\/2025\/11\/czytelnictwo-4-135x300.jpg 135w, https:\/\/sp1.zielonka.pl\/wp-content\/uploads\/2025\/11\/czytelnictwo-4-11x24.jpg 11w, https:\/\/sp1.zielonka.pl\/wp-content\/uploads\/2025\/11\/czytelnictwo-4-16x36.jpg 16w, https:\/\/sp1.zielonka.pl\/wp-content\/uploads\/2025\/11\/czytelnictwo-4-22x48.jpg 22w\" sizes=\"(max-width: 360px) 100vw, 360px\" \/><\/a><figcaption>Ksi\u0105\u017cki z Narodowego Programu Rozwoju Czytelnictwa dla naszych przedszkolak\u00f3w! Ju\u017c podstemplowane, ju\u017c ob\u0142o\u017cone\u2026 Ciekawe, kolorowe, atrakcyjne\u2026<\/figcaption><\/figure>\n\n\n<p><img loading=\"lazy\" class=\"alignnone size-full wp-image-23220\" src=\"http:\/\/sp1.zielonka.pl\/wp-content\/uploads\/2025\/11\/czytelnictwo-1.jpg\" alt=\"\" width=\"800\" height=\"100\" srcset=\"https:\/\/sp1.zielonka.pl\/wp-content\/uploads\/2025\/11\/czytelnictwo-1.jpg 800w, https:\/\/sp1.zielonka.pl\/wp-content\/uploads\/2025\/11\/czytelnictwo-1-300x38.jpg 300w, https:\/\/sp1.zielonka.pl\/wp-content\/uploads\/2025\/11\/czytelnictwo-1-768x96.jpg 768w, https:\/\/sp1.zielonka.pl\/wp-content\/uploads\/2025\/11\/czytelnictwo-1-24x3.jpg 24w, https:\/\/sp1.zielonka.pl\/wp-content\/uploads\/2025\/11\/czytelnictwo-1-36x5.jpg 36w, https:\/\/sp1.zielonka.pl\/wp-content\/uploads\/2025\/11\/czytelnictwo-1-48x6.jpg 48w\" sizes=\"(max-width: 800px) 100vw, 800px\" \/><\/p>\n<p>\u00a0<\/p>\n<hr \/>\n<p><a href=\"http:\/\/sp1.zielonka.pl\/wp-content\/uploads\/2024\/09\/LEKTURY-2024-2025.pdf\">LEKTURY\u00a0<\/a><br \/><a href=\"http:\/\/sp1.zielonka.pl\/wp-content\/uploads\/2023\/04\/Czytajmy-Dzieciom-list-do-Rodzicow.pdf\">Czytajmy Dzieciom! &#8211; list do Rodzic\u00f3w<\/a><br \/><a href=\"http:\/\/sp1.zielonka.pl\/nowa\/pliki\/O%20szkolnej%20bibliotece.pdf\">O szkolnej bibliotece<\/a><br \/><a href=\"http:\/\/sp1.zielonka.pl\/wp-content\/uploads\/2017\/10\/Godziny-otwarcia.pdf\">Godziny otwarcia<\/a><br \/><a href=\"http:\/\/sp1.zielonka.pl\/nowa\/pliki\/REGULAMIN%20BIBLIOTEKI%20SZKOLNEJ.pdf\">Regulamin biblioteki szkolnej<\/a><\/p>\n<p><a href=\"https:\/\/bibliotekasp1zielonka.blogspot.com\/\">https:\/\/bibliotekasp1zielonka.blogspot.com\/<\/a><\/p>\n<p>Drodzy Uczniowie! W poni\u017cszych linkach znajdziecie lektury szkolne:<br \/><a href=\"https:\/\/lektury.gov.pl\/\">https:\/\/lektury.gov.pl\/<br \/><\/a><a href=\"https:\/\/wolnelektury.pl\/\">https:\/\/wolnelektury.pl\/<br \/><\/a><a href=\"https:\/\/polona.pl\/\">https:\/\/polona.pl\/<\/a><\/p>","protected":false},"excerpt":{"rendered":"<p>Przygoda z lektur\u0105 &#8222;Bon czy ton&#8221; zako\u0144czy\u0142a si\u0119 otrzymaniem przez uczni\u00f3w kl. 3b certyfikatu znajomo\u015bci zasad dobrego zachowania! &#8222;Bon ton nie jest moda! To szacunek!&#8221; Zakup kompletu ksi\u0105\u017cek i projekt w kl. 3b &#8211; w ramach realizowanego w naszej szkole Narodowego Programu Rozwoju Czytelnictwa 2.0. W ramach Narodowego Programu Rozwoju Czytelnictwa nasz\u0105 zer\u00f3wk\u0119 odwiedzi\u0142a mama [&hellip;]<\/p>\n","protected":false},"author":1,"featured_media":0,"parent":0,"menu_order":0,"comment_status":"closed","ping_status":"closed","template":"","meta":[],"_links":{"self":[{"href":"https:\/\/sp1.zielonka.pl\/index.php\/wp-json\/wp\/v2\/pages\/99"}],"collection":[{"href":"https:\/\/sp1.zielonka.pl\/index.php\/wp-json\/wp\/v2\/pages"}],"about":[{"href":"https:\/\/sp1.zielonka.pl\/index.php\/wp-json\/wp\/v2\/types\/page"}],"author":[{"embeddable":true,"href":"https:\/\/sp1.zielonka.pl\/index.php\/wp-json\/wp\/v2\/users\/1"}],"replies":[{"embeddable":true,"href":"https:\/\/sp1.zielonka.pl\/index.php\/wp-json\/wp\/v2\/comments?post=99"}],"version-history":[{"count":34,"href":"https:\/\/sp1.zielonka.pl\/index.php\/wp-json\/wp\/v2\/pages\/99\/revisions"}],"predecessor-version":[{"id":25209,"href":"https:\/\/sp1.zielonka.pl\/index.php\/wp-json\/wp\/v2\/pages\/99\/revisions\/25209"}],"wp:attachment":[{"href":"https:\/\/sp1.zielonka.pl\/index.php\/wp-json\/wp\/v2\/media?parent=99"}],"curies":[{"name":"wp","href":"https:\/\/api.w.org\/{rel}","templated":true}]}}