{"id":97,"date":"2017-10-10T11:24:23","date_gmt":"2017-10-10T09:24:23","guid":{"rendered":"http:\/\/sp1.zielonka.pl\/sp1\/?page_id=97"},"modified":"2026-04-03T14:56:51","modified_gmt":"2026-04-03T12:56:51","slug":"konkursy","status":"publish","type":"page","link":"https:\/\/sp1.zielonka.pl\/index.php\/konkursy\/","title":{"rendered":"Konkursy"},"content":{"rendered":"<p><span style=\"color: #0000ff;\"><strong>Rok szkolny 2025\/2026<\/strong><\/span><\/p>\n<p><strong>Konkurs&nbsp;<em>\u201eW \u015bniegu zapisane\u2026 czyli czyj to trop\u201d<\/em>&nbsp;rozstrzygni\u0119ty!<\/strong>&nbsp;\ufe0f<\/p>\n<p>Serdecznie gratulujemy wszystkim uczestnikom i dzi\u0119kujemy za zaanga\u017cowanie, pomys\u0142owo\u015b\u0107 i pi\u0119kne prace, kt\u00f3re przenios\u0142y nas w zimowy \u015bwiat trop\u00f3w i le\u015bnych tajemnic. Z przyjemno\u015bci\u0105 informujemy, \u017ce wszystkie dzieci otrzyma\u0142y<strong>&nbsp;<\/strong>tematyczne upominki oraz dyplomy za wspania\u0142\u0105 przygod\u0119 w tropieniu \u015blad\u00f3w na \u015bniegu, ciekawo\u015b\u0107 odkrywcy i pi\u0119kne spojrzenie na zimow\u0105 przyrod\u0119. Szczeg\u00f3lne podzi\u0119kowanie kierujemy do&nbsp;&nbsp;&nbsp;#Nadle\u015bnictwoDrewnica za wsp\u00f3\u0142prac\u0119 i pomoc w organizacji konkursu.<\/p>\n<p>Uczestnikom gratulujemy i \u017cyczymy kolejnych niezwyk\u0142ych wypraw z rodzin\u0105 i aparatem!<\/p>\n<p><img loading=\"lazy\" decoding=\"async\" class=\"alignnone size-full wp-image-24545\" src=\"https:\/\/sp1.zielonka.pl\/wp-content\/uploads\/2026\/02\/IMG_7291-scaled.jpg\" alt=\"\" width=\"2560\" height=\"1707\" srcset=\"https:\/\/sp1.zielonka.pl\/wp-content\/uploads\/2026\/02\/IMG_7291-scaled.jpg 2560w, https:\/\/sp1.zielonka.pl\/wp-content\/uploads\/2026\/02\/IMG_7291-300x200.jpg 300w, https:\/\/sp1.zielonka.pl\/wp-content\/uploads\/2026\/02\/IMG_7291-1024x683.jpg 1024w, https:\/\/sp1.zielonka.pl\/wp-content\/uploads\/2026\/02\/IMG_7291-768x512.jpg 768w, https:\/\/sp1.zielonka.pl\/wp-content\/uploads\/2026\/02\/IMG_7291-1536x1024.jpg 1536w, https:\/\/sp1.zielonka.pl\/wp-content\/uploads\/2026\/02\/IMG_7291-2048x1365.jpg 2048w, https:\/\/sp1.zielonka.pl\/wp-content\/uploads\/2026\/02\/IMG_7291-24x16.jpg 24w, https:\/\/sp1.zielonka.pl\/wp-content\/uploads\/2026\/02\/IMG_7291-36x24.jpg 36w, https:\/\/sp1.zielonka.pl\/wp-content\/uploads\/2026\/02\/IMG_7291-48x32.jpg 48w\" sizes=\"auto, (max-width: 2560px) 100vw, 2560px\" \/> <img loading=\"lazy\" decoding=\"async\" class=\"alignnone size-full wp-image-24543\" src=\"https:\/\/sp1.zielonka.pl\/wp-content\/uploads\/2026\/02\/IMG_7236a-scaled.jpg\" alt=\"\" width=\"2560\" height=\"2038\" srcset=\"https:\/\/sp1.zielonka.pl\/wp-content\/uploads\/2026\/02\/IMG_7236a-scaled.jpg 2560w, https:\/\/sp1.zielonka.pl\/wp-content\/uploads\/2026\/02\/IMG_7236a-300x239.jpg 300w, https:\/\/sp1.zielonka.pl\/wp-content\/uploads\/2026\/02\/IMG_7236a-1024x815.jpg 1024w, https:\/\/sp1.zielonka.pl\/wp-content\/uploads\/2026\/02\/IMG_7236a-768x611.jpg 768w, https:\/\/sp1.zielonka.pl\/wp-content\/uploads\/2026\/02\/IMG_7236a-1536x1223.jpg 1536w, https:\/\/sp1.zielonka.pl\/wp-content\/uploads\/2026\/02\/IMG_7236a-2048x1630.jpg 2048w, https:\/\/sp1.zielonka.pl\/wp-content\/uploads\/2026\/02\/IMG_7236a-24x19.jpg 24w, https:\/\/sp1.zielonka.pl\/wp-content\/uploads\/2026\/02\/IMG_7236a-36x29.jpg 36w, https:\/\/sp1.zielonka.pl\/wp-content\/uploads\/2026\/02\/IMG_7236a-48x38.jpg 48w\" sizes=\"auto, (max-width: 2560px) 100vw, 2560px\" \/> <img loading=\"lazy\" decoding=\"async\" class=\"alignnone size-full wp-image-24544\" src=\"https:\/\/sp1.zielonka.pl\/wp-content\/uploads\/2026\/02\/IMG_7297-scaled.jpg\" alt=\"\" width=\"1950\" height=\"2560\" srcset=\"https:\/\/sp1.zielonka.pl\/wp-content\/uploads\/2026\/02\/IMG_7297-scaled.jpg 1950w, https:\/\/sp1.zielonka.pl\/wp-content\/uploads\/2026\/02\/IMG_7297-229x300.jpg 229w, https:\/\/sp1.zielonka.pl\/wp-content\/uploads\/2026\/02\/IMG_7297-780x1024.jpg 780w, https:\/\/sp1.zielonka.pl\/wp-content\/uploads\/2026\/02\/IMG_7297-768x1008.jpg 768w, https:\/\/sp1.zielonka.pl\/wp-content\/uploads\/2026\/02\/IMG_7297-1170x1536.jpg 1170w, https:\/\/sp1.zielonka.pl\/wp-content\/uploads\/2026\/02\/IMG_7297-1560x2048.jpg 1560w, https:\/\/sp1.zielonka.pl\/wp-content\/uploads\/2026\/02\/IMG_7297-18x24.jpg 18w, https:\/\/sp1.zielonka.pl\/wp-content\/uploads\/2026\/02\/IMG_7297-27x36.jpg 27w, https:\/\/sp1.zielonka.pl\/wp-content\/uploads\/2026\/02\/IMG_7297-37x48.jpg 37w\" sizes=\"auto, (max-width: 1950px) 100vw, 1950px\" \/><\/p>\n<p><\/p>\n<p>Konkurs \u201eJeden li\u015b\u0107 i co dalej\u2026\u201d<\/p>\n<div id='gallery-1' class='gallery galleryid-97 gallery-columns-3 gallery-size-thumbnail'><figure class='gallery-item'>\n\t\t\t<div class='gallery-icon portrait'>\n\t\t\t\t<a href='https:\/\/sp1.zielonka.pl\/index.php\/konkursy\/konkurs-2-5\/'><img loading=\"lazy\" decoding=\"async\" width=\"150\" height=\"150\" src=\"https:\/\/sp1.zielonka.pl\/wp-content\/uploads\/2025\/11\/konkurs-2-150x150.jpeg\" class=\"attachment-thumbnail size-thumbnail\" alt=\"\" \/><\/a>\n\t\t\t<\/div><\/figure><figure class='gallery-item'>\n\t\t\t<div class='gallery-icon portrait'>\n\t\t\t\t<a href='https:\/\/sp1.zielonka.pl\/index.php\/konkursy\/konkurs-4-4\/'><img loading=\"lazy\" decoding=\"async\" width=\"150\" height=\"150\" src=\"https:\/\/sp1.zielonka.pl\/wp-content\/uploads\/2025\/11\/konkurs-4-150x150.jpeg\" class=\"attachment-thumbnail size-thumbnail\" alt=\"\" \/><\/a>\n\t\t\t<\/div><\/figure><figure class='gallery-item'>\n\t\t\t<div class='gallery-icon portrait'>\n\t\t\t\t<a href='https:\/\/sp1.zielonka.pl\/index.php\/konkursy\/konkurs-1-6\/'><img loading=\"lazy\" decoding=\"async\" width=\"150\" height=\"150\" src=\"https:\/\/sp1.zielonka.pl\/wp-content\/uploads\/2025\/11\/konkurs-1-150x150.jpeg\" class=\"attachment-thumbnail size-thumbnail\" alt=\"\" \/><\/a>\n\t\t\t<\/div><\/figure><figure class='gallery-item'>\n\t\t\t<div class='gallery-icon portrait'>\n\t\t\t\t<a href='https:\/\/sp1.zielonka.pl\/index.php\/konkursy\/konkurs-3-5\/'><img loading=\"lazy\" decoding=\"async\" width=\"150\" height=\"150\" src=\"https:\/\/sp1.zielonka.pl\/wp-content\/uploads\/2025\/11\/konkurs-3-150x150.jpeg\" class=\"attachment-thumbnail size-thumbnail\" alt=\"\" \/><\/a>\n\t\t\t<\/div><\/figure><figure class='gallery-item'>\n\t\t\t<div class='gallery-icon portrait'>\n\t\t\t\t<a href='https:\/\/sp1.zielonka.pl\/index.php\/konkursy\/konkurs-5-3\/'><img loading=\"lazy\" decoding=\"async\" width=\"150\" height=\"150\" src=\"https:\/\/sp1.zielonka.pl\/wp-content\/uploads\/2025\/11\/konkurs-5-150x150.jpeg\" class=\"attachment-thumbnail size-thumbnail\" alt=\"\" \/><\/a>\n\t\t\t<\/div><\/figure>\n\t\t<\/div>\n\n<p>W listopadzie w klasach I &#8211; III odby\u0142 si\u0119 szkolny konkurs plastyczny pt. \u201eJeden li\u015b\u0107 i co dalej\u2026\u201d. Dzieci wykaza\u0142y si\u0119 ogromn\u0105 kreatywno\u015bci\u0105 i wyobra\u017ani\u0105! Gratulujemy wszystkim nagrodzonym i wyr\u00f3\u017cnionym oraz dzi\u0119kujemy uczestnikom za pi\u0119kne prace.<\/p>\n<p><strong>I miejsce<\/strong><\/p>\n<p>Amelia Doncer kl 2b<br>Helena Piecek 3b<\/p>\n<p><strong>II miejsce<\/strong><\/p>\n<p>Nataniel Soba\u0144ski 2a<br>Marcel Ru\u015bniak 3b<\/p>\n<p><strong>III miejsce<\/strong><\/p>\n<p>Ula Gralec 2b<br>Stanis\u0142aw Tkachuk 1b<\/p>\n<p><strong>Wyr\u00f3\u017cnieni:<\/strong><\/p>\n<p>Jan Kude\u0142ka 1b<br>Matylda Sekunda 2a<br>Ola Kami\u0144ska<br>Liliana Ru\u015bniak 1b<br>Maja Wykpisz 1b<\/p>\n<p><\/p>\n<p><img loading=\"lazy\" decoding=\"async\" class=\"alignnone size-full wp-image-22870\" src=\"https:\/\/sp1.zielonka.pl\/wp-content\/uploads\/2025\/10\/Jeden-lisc-i-co-dalej.....png\" alt=\"\" width=\"566\" height=\"800\" srcset=\"https:\/\/sp1.zielonka.pl\/wp-content\/uploads\/2025\/10\/Jeden-lisc-i-co-dalej.....png 566w, https:\/\/sp1.zielonka.pl\/wp-content\/uploads\/2025\/10\/Jeden-lisc-i-co-dalej....-212x300.png 212w, https:\/\/sp1.zielonka.pl\/wp-content\/uploads\/2025\/10\/Jeden-lisc-i-co-dalej....-17x24.png 17w, https:\/\/sp1.zielonka.pl\/wp-content\/uploads\/2025\/10\/Jeden-lisc-i-co-dalej....-25x36.png 25w, https:\/\/sp1.zielonka.pl\/wp-content\/uploads\/2025\/10\/Jeden-lisc-i-co-dalej....-34x48.png 34w\" sizes=\"auto, (max-width: 566px) 100vw, 566px\" \/><\/p>\n<p>Konkursy kuratoryjne to przedmiotowe zawody dla uczni\u00f3w szk\u00f3\u0142 podstawowych i ponadpodstawowych, organizowane przez kuratoria o\u015bwiaty pod patronatem kuratora o\u015bwiaty, maj\u0105ce na celu rozwijanie szczeg\u00f3lnych zainteresowa\u0144 i wiedzy uczni\u00f3w w danym obszarze. S\u0105 one form\u0105 sprawdzania wiedzy wykraczaj\u0105cej poza program nauczania, a ich finali\u015bci i laureaci mog\u0105 uzyska\u0107 zwolnienie z egzaminu \u00f3smoklasisty z danego przedmiotu, a tak\u017ce inne przywileje.<\/p>\n<p><a href=\"http:\/\/konkursy.kuratorium.waw.pl\/\">http:\/\/konkursy.kuratorium.waw.pl\/<\/a><\/p>\n<p><img loading=\"lazy\" decoding=\"async\" class=\"alignnone size-full wp-image-22221\" src=\"https:\/\/sp1.zielonka.pl\/wp-content\/uploads\/2025\/09\/Konkurs-plakat-wrzesien.jpg\" alt=\"\" width=\"1587\" height=\"2245\" srcset=\"https:\/\/sp1.zielonka.pl\/wp-content\/uploads\/2025\/09\/Konkurs-plakat-wrzesien.jpg 1587w, https:\/\/sp1.zielonka.pl\/wp-content\/uploads\/2025\/09\/Konkurs-plakat-wrzesien-212x300.jpg 212w, https:\/\/sp1.zielonka.pl\/wp-content\/uploads\/2025\/09\/Konkurs-plakat-wrzesien-724x1024.jpg 724w, https:\/\/sp1.zielonka.pl\/wp-content\/uploads\/2025\/09\/Konkurs-plakat-wrzesien-768x1086.jpg 768w, https:\/\/sp1.zielonka.pl\/wp-content\/uploads\/2025\/09\/Konkurs-plakat-wrzesien-1086x1536.jpg 1086w, https:\/\/sp1.zielonka.pl\/wp-content\/uploads\/2025\/09\/Konkurs-plakat-wrzesien-1448x2048.jpg 1448w, https:\/\/sp1.zielonka.pl\/wp-content\/uploads\/2025\/09\/Konkurs-plakat-wrzesien-17x24.jpg 17w, https:\/\/sp1.zielonka.pl\/wp-content\/uploads\/2025\/09\/Konkurs-plakat-wrzesien-25x36.jpg 25w, https:\/\/sp1.zielonka.pl\/wp-content\/uploads\/2025\/09\/Konkurs-plakat-wrzesien-34x48.jpg 34w\" sizes=\"auto, (max-width: 1587px) 100vw, 1587px\" \/><\/p>\n<p><\/p>\n<p><strong><span style=\"color: #000080;\">Rok szkolny 2024\/2025<\/span><\/strong><\/p>\n<p><strong>\u201eMEM czytelniczy\u201d<\/strong><\/p>\n<p><strong><a href=\"https:\/\/sp1.zielonka.pl\/wp-content\/uploads\/2025\/06\/regulamin-konkursu-mem-biblioteczny.pdf\">Regulamin konkursu mem biblioteczny<img loading=\"lazy\" decoding=\"async\" class=\"alignnone size-full wp-image-21886\" src=\"https:\/\/sp1.zielonka.pl\/wp-content\/uploads\/2025\/06\/biblioteka-memy-plakat.png\" alt=\"\" width=\"3508\" height=\"4961\" srcset=\"https:\/\/sp1.zielonka.pl\/wp-content\/uploads\/2025\/06\/biblioteka-memy-plakat.png 3508w, https:\/\/sp1.zielonka.pl\/wp-content\/uploads\/2025\/06\/biblioteka-memy-plakat-212x300.png 212w, https:\/\/sp1.zielonka.pl\/wp-content\/uploads\/2025\/06\/biblioteka-memy-plakat-724x1024.png 724w, https:\/\/sp1.zielonka.pl\/wp-content\/uploads\/2025\/06\/biblioteka-memy-plakat-768x1086.png 768w, https:\/\/sp1.zielonka.pl\/wp-content\/uploads\/2025\/06\/biblioteka-memy-plakat-1086x1536.png 1086w, https:\/\/sp1.zielonka.pl\/wp-content\/uploads\/2025\/06\/biblioteka-memy-plakat-1448x2048.png 1448w, https:\/\/sp1.zielonka.pl\/wp-content\/uploads\/2025\/06\/biblioteka-memy-plakat-17x24.png 17w, https:\/\/sp1.zielonka.pl\/wp-content\/uploads\/2025\/06\/biblioteka-memy-plakat-25x36.png 25w, https:\/\/sp1.zielonka.pl\/wp-content\/uploads\/2025\/06\/biblioteka-memy-plakat-34x48.png 34w\" sizes=\"auto, (max-width: 3508px) 100vw, 3508px\" \/><\/a><\/strong><\/p>\n<hr>\n<hr>\n\n\n<p>&nbsp;<\/p>\n<p>&nbsp;<\/p>\n\n\n\n<p>\u00a0<\/p>\n<p>\u00a0<\/p>\n","protected":false},"excerpt":{"rendered":"<p>Rok szkolny 2025\/2026 Konkurs&nbsp;\u201eW \u015bniegu zapisane\u2026 czyli czyj to trop\u201d&nbsp;rozstrzygni\u0119ty!&nbsp;\ufe0f Serdecznie gratulujemy wszystkim uczestnikom i dzi\u0119kujemy za zaanga\u017cowanie, pomys\u0142owo\u015b\u0107 i pi\u0119kne prace, kt\u00f3re przenios\u0142y nas w zimowy \u015bwiat trop\u00f3w i le\u015bnych tajemnic. Z przyjemno\u015bci\u0105 informujemy, \u017ce wszystkie dzieci otrzyma\u0142y&nbsp;tematyczne upominki oraz dyplomy za wspania\u0142\u0105 przygod\u0119 w tropieniu \u015blad\u00f3w na \u015bniegu, ciekawo\u015b\u0107 odkrywcy i pi\u0119kne spojrzenie [&hellip;]<\/p>\n","protected":false},"author":1,"featured_media":0,"parent":0,"menu_order":0,"comment_status":"closed","ping_status":"closed","template":"","meta":{"footnotes":""},"class_list":["post-97","page","type-page","status-publish","hentry"],"_links":{"self":[{"href":"https:\/\/sp1.zielonka.pl\/index.php\/wp-json\/wp\/v2\/pages\/97","targetHints":{"allow":["GET"]}}],"collection":[{"href":"https:\/\/sp1.zielonka.pl\/index.php\/wp-json\/wp\/v2\/pages"}],"about":[{"href":"https:\/\/sp1.zielonka.pl\/index.php\/wp-json\/wp\/v2\/types\/page"}],"author":[{"embeddable":true,"href":"https:\/\/sp1.zielonka.pl\/index.php\/wp-json\/wp\/v2\/users\/1"}],"replies":[{"embeddable":true,"href":"https:\/\/sp1.zielonka.pl\/index.php\/wp-json\/wp\/v2\/comments?post=97"}],"version-history":[{"count":90,"href":"https:\/\/sp1.zielonka.pl\/index.php\/wp-json\/wp\/v2\/pages\/97\/revisions"}],"predecessor-version":[{"id":25288,"href":"https:\/\/sp1.zielonka.pl\/index.php\/wp-json\/wp\/v2\/pages\/97\/revisions\/25288"}],"wp:attachment":[{"href":"https:\/\/sp1.zielonka.pl\/index.php\/wp-json\/wp\/v2\/media?parent=97"}],"curies":[{"name":"wp","href":"https:\/\/api.w.org\/{rel}","templated":true}]}}