{"id":95,"date":"2017-10-10T11:24:05","date_gmt":"2017-10-10T09:24:05","guid":{"rendered":"http:\/\/sp1.zielonka.pl\/sp1\/?page_id=95"},"modified":"2023-12-29T14:18:58","modified_gmt":"2023-12-29T13:18:58","slug":"publikacje","status":"publish","type":"page","link":"https:\/\/sp1.zielonka.pl\/index.php\/publikacje\/","title":{"rendered":"Publikacje"},"content":{"rendered":"<p>Poni\u017cej prezentujemy Pa\u0144stwu ciekawe publikacje naszych uczni\u00f3w oraz nauczycieli. Zapraszamy do czytania!<\/p>\n<p><a href=\"http:\/\/sp1.zielonka.pl\/nowa\/memotechniki-w-nauczaniu\">Memotechniki w nauczaniu<\/a><\/p>\n<p><a href=\"http:\/\/sp1.zielonka.pl\/nowa\/rola-rodzica-w-przygotowaniu-dziecka-do-wlasciwego\">ROLA RODZICA W PRZYGOTOWANIU DZIECKA DO W\u0141A\u015aCIWEGO KORZYSTANIA Z MEDI\u00d3W CYFROWYCH<\/a><\/p>\n<p><a href=\"http:\/\/sp1.zielonka.pl\/wp-content\/uploads\/2017\/10\/Koncentracja-uwagi.pdf\">Koncentracja uwagi<\/a><\/p>\n","protected":false},"excerpt":{"rendered":"<p>Poni\u017cej prezentujemy Pa\u0144stwu ciekawe publikacje naszych uczni\u00f3w oraz nauczycieli. Zapraszamy do czytania! Memotechniki w nauczaniu ROLA RODZICA W PRZYGOTOWANIU DZIECKA DO W\u0141A\u015aCIWEGO KORZYSTANIA Z MEDI\u00d3W CYFROWYCH Koncentracja uwagi<\/p>\n","protected":false},"author":1,"featured_media":0,"parent":0,"menu_order":0,"comment_status":"closed","ping_status":"closed","template":"","meta":[],"_links":{"self":[{"href":"https:\/\/sp1.zielonka.pl\/index.php\/wp-json\/wp\/v2\/pages\/95"}],"collection":[{"href":"https:\/\/sp1.zielonka.pl\/index.php\/wp-json\/wp\/v2\/pages"}],"about":[{"href":"https:\/\/sp1.zielonka.pl\/index.php\/wp-json\/wp\/v2\/types\/page"}],"author":[{"embeddable":true,"href":"https:\/\/sp1.zielonka.pl\/index.php\/wp-json\/wp\/v2\/users\/1"}],"replies":[{"embeddable":true,"href":"https:\/\/sp1.zielonka.pl\/index.php\/wp-json\/wp\/v2\/comments?post=95"}],"version-history":[{"count":5,"href":"https:\/\/sp1.zielonka.pl\/index.php\/wp-json\/wp\/v2\/pages\/95\/revisions"}],"predecessor-version":[{"id":15473,"href":"https:\/\/sp1.zielonka.pl\/index.php\/wp-json\/wp\/v2\/pages\/95\/revisions\/15473"}],"wp:attachment":[{"href":"https:\/\/sp1.zielonka.pl\/index.php\/wp-json\/wp\/v2\/media?parent=95"}],"curies":[{"name":"wp","href":"https:\/\/api.w.org\/{rel}","templated":true}]}}