{"id":93,"date":"2017-10-10T11:23:19","date_gmt":"2017-10-10T09:23:19","guid":{"rendered":"http:\/\/sp1.zielonka.pl\/sp1\/?page_id=93"},"modified":"2017-10-10T11:23:32","modified_gmt":"2017-10-10T09:23:32","slug":"ksiazka-o-naszej-szkole","status":"publish","type":"page","link":"https:\/\/sp1.zielonka.pl\/index.php\/ksiazka-o-naszej-szkole\/","title":{"rendered":"Ksi\u0105\u017cka o naszej szkole"},"content":{"rendered":"<p style=\"text-align: center;\"><b>Ksi\u0105\u017cka o naszej szkole<\/b><\/p>\n<p>Z okazji 80-lecia szko\u0142y uczniowie, absolwenci, byli i obecni nauczyciele przegotowali publikacj\u0119 pod tytu\u0142em\u00a0<b><i>\u201e Jedynka \u2013 Dzieje najstarszej szko\u0142y w Zielonce\u201d.<\/i><\/b><\/p>\n<p>Cz\u0119\u015bci I przedstawia dzieje szko\u0142y.<\/p>\n<p>Cz\u0119\u015b\u0107 II prezentuje sylwetki dyrektor\u00f3w.<\/p>\n<p>Cz\u0119\u015b\u0107 III s\u0105 to wywiady z by\u0142ymi uczniami i nauczycielami.<\/p>\n<p>Cz\u0119\u015b\u0107 IV to historia harcerstwa zwi\u0105zanego z nasz\u0105 szko\u0142\u0105.<\/p>\n<p>Cz\u0119\u015b\u0107 V prezentuje tera\u017aniejszo\u015b\u0107 szko\u0142y, zawiera aktualne zdj\u0119cia klas.<\/p>\n<p>Publikacja b\u0119dzie do nabycia w czasie zebra\u0144 u przedstawicieli Rady Rodzic\u00f3w.<\/p>\n<p>Cegie\u0142ki ofiarowane przy tej okazji b\u0119d\u0105 przeznaczone na wzbogacenie bazy dydaktycznej szko\u0142y.<\/p>\n","protected":false},"excerpt":{"rendered":"<p>Ksi\u0105\u017cka o naszej szkole Z okazji 80-lecia szko\u0142y uczniowie, absolwenci, byli i obecni nauczyciele przegotowali publikacj\u0119 pod tytu\u0142em\u00a0\u201e Jedynka \u2013 Dzieje najstarszej szko\u0142y w Zielonce\u201d. Cz\u0119\u015bci I przedstawia dzieje szko\u0142y. Cz\u0119\u015b\u0107 II prezentuje sylwetki dyrektor\u00f3w. Cz\u0119\u015b\u0107 III s\u0105 to wywiady z by\u0142ymi uczniami i nauczycielami. Cz\u0119\u015b\u0107 IV to historia harcerstwa zwi\u0105zanego z nasz\u0105 szko\u0142\u0105. Cz\u0119\u015b\u0107 [&hellip;]<\/p>\n","protected":false},"author":1,"featured_media":0,"parent":0,"menu_order":0,"comment_status":"closed","ping_status":"closed","template":"","meta":[],"_links":{"self":[{"href":"https:\/\/sp1.zielonka.pl\/index.php\/wp-json\/wp\/v2\/pages\/93"}],"collection":[{"href":"https:\/\/sp1.zielonka.pl\/index.php\/wp-json\/wp\/v2\/pages"}],"about":[{"href":"https:\/\/sp1.zielonka.pl\/index.php\/wp-json\/wp\/v2\/types\/page"}],"author":[{"embeddable":true,"href":"https:\/\/sp1.zielonka.pl\/index.php\/wp-json\/wp\/v2\/users\/1"}],"replies":[{"embeddable":true,"href":"https:\/\/sp1.zielonka.pl\/index.php\/wp-json\/wp\/v2\/comments?post=93"}],"version-history":[{"count":1,"href":"https:\/\/sp1.zielonka.pl\/index.php\/wp-json\/wp\/v2\/pages\/93\/revisions"}],"predecessor-version":[{"id":94,"href":"https:\/\/sp1.zielonka.pl\/index.php\/wp-json\/wp\/v2\/pages\/93\/revisions\/94"}],"wp:attachment":[{"href":"https:\/\/sp1.zielonka.pl\/index.php\/wp-json\/wp\/v2\/media?parent=93"}],"curies":[{"name":"wp","href":"https:\/\/api.w.org\/{rel}","templated":true}]}}