{"id":6962,"date":"2021-02-26T16:22:12","date_gmt":"2021-02-26T15:22:12","guid":{"rendered":"http:\/\/sp1.zielonka.pl\/?page_id=6962"},"modified":"2021-02-26T16:22:12","modified_gmt":"2021-02-26T15:22:12","slug":"zajecia-rozwijajace-kompetencje-emocjonalno-spoleczne","status":"publish","type":"page","link":"https:\/\/sp1.zielonka.pl\/index.php\/pomoc-psychologiczno-pedagogiczna\/zajecia-rozwijajace-kompetencje-emocjonalno-spoleczne\/","title":{"rendered":"Zaj\u0119cia rozwijaj\u0105ce kompetencje emocjonalno &#8211; spo\u0142eczne"},"content":{"rendered":"\n<p align=\"left\"><span style=\"font-family: Times New Roman, serif;\"><span style=\"font-size: medium;\">(wcze\u015bniej socjoterapeutyczne) przeznaczone s\u0105 dla szerokiej grupy dzieci i m\u0142odzie\u017cy maj\u0105cej trudno\u015bci (z r\u00f3\u017cnych przyczyn) w funkcjonowaniu w sytuacjach spo\u0142ecznych. Problemy emocjonalne, spo\u0142eczne, tzw. trudne zachowania cz\u0119sto wi\u0105\u017c\u0105 si\u0119 te\u017c z k\u0142opotami w nauce.<\/span><\/span><\/p>\n<p align=\"left\"><span style=\"font-family: Times New Roman, serif;\"><span style=\"font-size: medium;\">W\/w zaj\u0119cia maj\u0105 charakter dzia\u0142a\u0144 profilaktycznych i terapeutycznych zapobiegaj\u0105cych utrwalaniu si\u0119 nieprawid\u0142owych reakcji i zachowa\u0144, a tym samym niedostosowaniu spo\u0142ecznemu.<\/span><\/span><\/p>\n<p align=\"left\"><span style=\"font-family: Times New Roman, serif;\"><span style=\"font-size: medium;\">Obejmuj\u0105 rozwijanie m. in. samo\u015bwiadomo\u015bci, samodzielno\u015bci, umiej\u0119tno\u015bci emocjonalnych (rozpoznawania, nazywania emocji, ich wyra\u017cania i regulowania w spos\u00f3b akceptowany spo\u0142ecznie), motywacji wewn\u0119trznej, przestrzegania norm i zasad, rozumienia sytuacji spo\u0142ecznych, umiej\u0119tno\u015bci komunikowania si\u0119, empatii, przyjmowania perspektywy innych, radzenia sobie ze stresem, konfliktami, niepowodzeniami, wsp\u00f3\u0142pracy i wiele innych.<\/span><\/span><\/p>\n","protected":false},"excerpt":{"rendered":"<p>(wcze\u015bniej socjoterapeutyczne) przeznaczone s\u0105 dla szerokiej grupy dzieci i m\u0142odzie\u017cy maj\u0105cej trudno\u015bci (z r\u00f3\u017cnych przyczyn) w funkcjonowaniu w sytuacjach spo\u0142ecznych. Problemy emocjonalne, spo\u0142eczne, tzw. trudne zachowania cz\u0119sto wi\u0105\u017c\u0105 si\u0119 te\u017c z k\u0142opotami w nauce. W\/w zaj\u0119cia maj\u0105 charakter dzia\u0142a\u0144 profilaktycznych i terapeutycznych zapobiegaj\u0105cych utrwalaniu si\u0119 nieprawid\u0142owych reakcji i zachowa\u0144, a tym samym niedostosowaniu spo\u0142ecznemu. Obejmuj\u0105 [&hellip;]<\/p>\n","protected":false},"author":3,"featured_media":0,"parent":990,"menu_order":0,"comment_status":"closed","ping_status":"closed","template":"","meta":{"footnotes":""},"class_list":["post-6962","page","type-page","status-publish","hentry"],"_links":{"self":[{"href":"https:\/\/sp1.zielonka.pl\/index.php\/wp-json\/wp\/v2\/pages\/6962","targetHints":{"allow":["GET"]}}],"collection":[{"href":"https:\/\/sp1.zielonka.pl\/index.php\/wp-json\/wp\/v2\/pages"}],"about":[{"href":"https:\/\/sp1.zielonka.pl\/index.php\/wp-json\/wp\/v2\/types\/page"}],"author":[{"embeddable":true,"href":"https:\/\/sp1.zielonka.pl\/index.php\/wp-json\/wp\/v2\/users\/3"}],"replies":[{"embeddable":true,"href":"https:\/\/sp1.zielonka.pl\/index.php\/wp-json\/wp\/v2\/comments?post=6962"}],"version-history":[{"count":1,"href":"https:\/\/sp1.zielonka.pl\/index.php\/wp-json\/wp\/v2\/pages\/6962\/revisions"}],"predecessor-version":[{"id":6963,"href":"https:\/\/sp1.zielonka.pl\/index.php\/wp-json\/wp\/v2\/pages\/6962\/revisions\/6963"}],"up":[{"embeddable":true,"href":"https:\/\/sp1.zielonka.pl\/index.php\/wp-json\/wp\/v2\/pages\/990"}],"wp:attachment":[{"href":"https:\/\/sp1.zielonka.pl\/index.php\/wp-json\/wp\/v2\/media?parent=6962"}],"curies":[{"name":"wp","href":"https:\/\/api.w.org\/{rel}","templated":true}]}}