{"id":6836,"date":"2021-02-22T16:33:52","date_gmt":"2021-02-22T15:33:52","guid":{"rendered":"http:\/\/sp1.zielonka.pl\/?page_id=6836"},"modified":"2026-03-12T21:21:34","modified_gmt":"2026-03-12T20:21:34","slug":"doradztwo-zawodowe","status":"publish","type":"page","link":"https:\/\/sp1.zielonka.pl\/index.php\/doradztwo-zawodowe\/","title":{"rendered":"Doradztwo zawodowe"},"content":{"rendered":"\n<p style=\"text-align: center;\"><strong>WA\u017bNE STRONY DLA \u00d3SMOKLASIST\u00d3W<br><\/strong><\/p>\n<p><strong>Dni otwarte&nbsp;<\/strong><\/p>\n<p><a href=\"https:\/\/edukacja.um.warszawa.pl\/dni-otwarte\">https:\/\/edukacja.um.warszawa.pl\/dni-otwarte<\/a><\/p>\n<p>Z my\u015bl\u0105 o tegorocznych Absolwentach zosta\u0142a przygotowana kampania informacyjna Akcja Rekrutacja 2025, kt\u00f3ra pomo\u017ce Uczniom i ich Rodzicom spokojnie przej\u015b\u0107 przez proces rekrutacji do szk\u00f3\u0142 ponadpodstawowych.<br><a href=\"https:\/\/eduvulcan.pl\/strefarekrutacji\/2025\">https:\/\/eduvulcan.pl\/strefarekrutacji\/2025<\/a><br><br>Na stronie znajduj\u0105 si\u0119 kluczowe materia\u0142y pomocne w rekrutacji:<br>&#8211; Bezp\u0142atny webinar \u201e10 krok\u00f3w przez rekrutacj\u0119\u201d;<br>&#8211; Terminy i zasady rekrutacji na rok 2025;<br>&#8211; Wyszukiwarka konkurs\u00f3w i zawod\u00f3w, kt\u00f3re s\u0105 punktowane w procesie naboru;<br>&#8211; FAQ \u2013 najcz\u0119stsze pytania i odpowiedzi dotycz\u0105ce rekrutacji.<\/p>\n<p>Wierzymy, \u017ce udost\u0119pnione materia\u0142y b\u0119d\u0105 realnym wsparciem dla Uczni\u00f3w i ich Rodzic\u00f3w w tym kluczowym momencie wyboru dalszej \u015bcie\u017cki edukacyjnej. B\u0119dziemy wdzi\u0119czni za wsparcie w rozpowszechnieniu tych materia\u0142\u00f3w w\u015br\u00f3d Uczni\u00f3w klas \u00f3smych i ich Rodzic\u00f3w.<\/p>\n<p style=\"text-align: center;\"><strong>&nbsp;<\/strong><\/p>\n<p>Rekrutacja:<\/p>\n<p>16 maja 2025r.<\/p>\n<p>odbywa si\u0119 w elektronicznym systemie rekrutacji na stronie:&nbsp;<\/p>\n<p><a style=\"font-size: revert;\" href=\"https:\/\/warszawa.edu.com.pl\/kandydat\/app\/\">https:\/\/warszawa.edu.com.pl<\/a><\/p>\n<p>(link otwiera si\u0119 w nowej karcie)<\/p>\n<p><strong>Od 16 maja do 28 maja do godz. 15:00: sk\u0142adanie wniosk\u00f3w do klas pierwszych szk\u00f3\u0142 ponadpodstawowych<\/strong><\/p>\n<p>Z\u0142\u00f3\u017c wniosek o przyj\u0119cie do szko\u0142y:<\/p>\n<ul>\n<li style=\"list-style-type: none;\">\n<ol>\n<li>Je\u015bli jeste\u015b uczniem klasy \u00f3smej&nbsp;<b>spoza Warszawy&nbsp;<\/b>\u2013 skorzystaj z zak\u0142adki&nbsp;<b>\u201eZg\u0142o\u015b kandydatur\u0119\u201d<\/b>&nbsp;i wprowad\u017a&nbsp;<b>PESEL<\/b>. Uzupe\u0142nij wszystkie dane i za\u0142\u00f3\u017c konto w systemie.<\/li>\n<\/ol>\n<\/li>\n<li>\n<p>NOWO\u015a\u0106<\/p>\n<p>Do ilu szk\u00f3\u0142 kandydat mo\u017ce z\u0142o\u017cy\u0107 wniosek?<\/p>\n<p>Wniosek o przyj\u0119cie do szko\u0142y mo\u017ce by\u0107 z\u0142o\u017cony do nie wi\u0119cej ni\u017c trzech wybranych publicznych szk\u00f3\u0142, chyba \u017ce organ prowadz\u0105cy dopu\u015bci mo\u017cliwo\u015b\u0107 sk\u0142adania wniosku do wi\u0119cej ni\u017c trzech wybranych publicznych szk\u00f3\u0142.<\/p>\n<p>W przypadku Warszawy zgodnie z Uchwa\u0142\u0105&nbsp; XXV\/713\/2020 Rady Miasta&nbsp; Sto\u0142ecznego Warszawy z dnia 16 stycznia 2020 r. wniosek o przyj\u0119cie absolwenta szko\u0142y podstawowej do publicznych szk\u00f3\u0142 ponadpodstawowych prowadzonych przez m.st. Warszaw\u0119 mo\u017cna sk\u0142ada\u0107 do dowolnej liczby szk\u00f3\u0142, kt\u00f3re prowadz\u0105 takie post\u0119powanie.<\/p>\n<\/li>\n<li>Na poni\u017cszej stronie warto zobaczy\u0107:<br>cz\u0119sto zadawane pytania, <strong style=\"font-size: revert; color: initial;\">prezentacj\u0119 dotycz\u0105c\u0105 rekrutacji- <\/strong><span style=\"font-size: revert; color: initial;\">zbi\u00f3r wszystkich najwa\u017cniejszych stron i informacji w pigu\u0142ce<br><\/span><a style=\"font-size: revert;\" href=\"https:\/\/edukacja.um.warszawa.pl\/aktualnosci-rekrutacja\">https:\/\/edukacja.um.warszawa.pl\/aktualnosci-rekrutacja<\/a><\/li>\n<\/ul>\n<ul>\n<li>Harmonogram rekrutacji, prosz\u0119 pami\u0119ta\u0107, \u017ce ostatniego dnia liczy si\u0119 r\u00f3wnie\u017c godzina.<br><a style=\"font-size: revert;\" href=\"https:\/\/edukacja.um.warszawa.pl\/harmonogram-rekrutacji2\">https:\/\/edukacja.um.warszawa.pl\/harmonogram-rekrutacji2<\/a><\/li>\n<\/ul>\n<ul>\n<li>Jak policzy\u0107 punkty<br><a style=\"font-size: revert;\" href=\"https:\/\/edukacja.um.warszawa.pl\/warunki-i-kryteria-rekrutacji\">https:\/\/edukacja.um.warszawa.pl\/warunki-i-kryteria-rekrutacji<\/a><\/li>\n<\/ul>\n<p>kalkulatory<br><a href=\"https:\/\/waszaedukacja.pl\/artykuly\/jak-obliczyc-punkty-do-szkoly-sredniej\">https:\/\/waszaedukacja.pl\/artykuly\/jak-obliczyc-punkty-do-szkoly-sredniej<\/a><br><br><a href=\"https:\/\/ilepunktow.github.io\/?fbclid=IwAR04SQPLJjoMRHJ8xT5P6hboUIDk9ORtcEIdCg0LycqsxCB03KZ-16D_uV4\">https:\/\/ilepunktow.github.io\/?fbclid=IwAR04SQPLJjoMRHJ8xT5P6hboUIDk9ORtcEIdCg0LycqsxCB03KZ-16D_uV4<\/a><\/p>\n<ul>\n<li>Wykaz konkurs\u00f3w, kt\u00f3re s\u0105 dodatkowo punktowane:<\/li>\n<li><a href=\"https:\/\/www.kuratorium.waw.pl\/pl\/rodzice-i-uczniowie\/rekrutacja-do-szkol\/18677,Wykaz-zawodow-wiedzy-artystycznych-i-sportowych-organizowanych-przez-kuratora-os.html\">https:\/\/www.kuratorium.waw.pl\/pl\/rodzice-i-uczniowie\/rekrutacja-do-szkol\/18677,Wykaz-zawodow-wiedzy-artystycznych-i-sportowych-organizowanych-przez-kuratora-os.html<\/a><\/li>\n<li>Szkolenie z ubieg\u0142ego roku, dlatego prosz\u0119 si\u0119 nie sugerowa\u0107 datami, o kt\u00f3rych jest mowa na pocz\u0105tku filmu, ale pozosta\u0142e informacje s\u0105 jak najbardziej aktualne. Jest r\u00f3wnie\u017c pokazane krok po kroku jak uczniowie musz\u0105 za\u0142o\u017cy\u0107 konto na VULCANIE i jak ze strony korzysta\u0107<\/li>\n<\/ul>\n<p><a href=\"https:\/\/www.youtube.com\/watch?v=gNfrvORM4IM\">Akcja Rekrutacja- Jak korzysta\u0107 z systemu naboru elektronicznego? &#8211; YouTube<\/a><\/p>\n<ul>\n<li>To strony, na kt\u00f3rych mo\u017cna znale\u017a\u0107 szko\u0142y ponadpodstawowe i odpowiednie profile klas:<\/li>\n<\/ul>\n<p><a href=\"https:\/\/waszaedukacja.pl\/ponadgimnazjalne\/mazowieckie\/warszawa\">https:\/\/waszaedukacja.pl\/ponadgimnazjalne\/mazowieckie\/warszawa<\/a><\/p>\n<p><a href=\"https:\/\/www.otouczelnie.pl\/artykul\/203\/Licea-w-Warszawie\">https:\/\/www.otouczelnie.pl\/artykul\/203\/Licea-w-Warszawie<\/a><\/p>\n<ul>\n<li>Ranking szk\u00f3\u0142<\/li>\n<\/ul>\n<p><a href=\"https:\/\/waszaedukacja.pl\/ranking\/warszawa\/licea\">https:\/\/waszaedukacja.pl\/ranking\/warszawa\/licea<\/a><\/p>\n\n\n","protected":false},"excerpt":{"rendered":"<p>WA\u017bNE STRONY DLA \u00d3SMOKLASIST\u00d3W Dni otwarte&nbsp; https:\/\/edukacja.um.warszawa.pl\/dni-otwarte Z my\u015bl\u0105 o tegorocznych Absolwentach zosta\u0142a przygotowana kampania informacyjna Akcja Rekrutacja 2025, kt\u00f3ra pomo\u017ce Uczniom i ich Rodzicom spokojnie przej\u015b\u0107 przez proces rekrutacji do szk\u00f3\u0142 ponadpodstawowych.https:\/\/eduvulcan.pl\/strefarekrutacji\/2025 Na stronie znajduj\u0105 si\u0119 kluczowe materia\u0142y pomocne w rekrutacji:&#8211; Bezp\u0142atny webinar \u201e10 krok\u00f3w przez rekrutacj\u0119\u201d;&#8211; Terminy i zasady rekrutacji na rok 2025;&#8211; [&hellip;]<\/p>\n","protected":false},"author":3,"featured_media":0,"parent":0,"menu_order":0,"comment_status":"closed","ping_status":"closed","template":"","meta":[],"_links":{"self":[{"href":"https:\/\/sp1.zielonka.pl\/index.php\/wp-json\/wp\/v2\/pages\/6836"}],"collection":[{"href":"https:\/\/sp1.zielonka.pl\/index.php\/wp-json\/wp\/v2\/pages"}],"about":[{"href":"https:\/\/sp1.zielonka.pl\/index.php\/wp-json\/wp\/v2\/types\/page"}],"author":[{"embeddable":true,"href":"https:\/\/sp1.zielonka.pl\/index.php\/wp-json\/wp\/v2\/users\/3"}],"replies":[{"embeddable":true,"href":"https:\/\/sp1.zielonka.pl\/index.php\/wp-json\/wp\/v2\/comments?post=6836"}],"version-history":[{"count":36,"href":"https:\/\/sp1.zielonka.pl\/index.php\/wp-json\/wp\/v2\/pages\/6836\/revisions"}],"predecessor-version":[{"id":24855,"href":"https:\/\/sp1.zielonka.pl\/index.php\/wp-json\/wp\/v2\/pages\/6836\/revisions\/24855"}],"wp:attachment":[{"href":"https:\/\/sp1.zielonka.pl\/index.php\/wp-json\/wp\/v2\/media?parent=6836"}],"curies":[{"name":"wp","href":"https:\/\/api.w.org\/{rel}","templated":true}]}}