{"id":5009,"date":"2020-03-12T16:01:50","date_gmt":"2020-03-12T15:01:50","guid":{"rendered":"http:\/\/sp1.zielonka.pl\/?page_id=5009"},"modified":"2024-09-08T13:16:58","modified_gmt":"2024-09-08T11:16:58","slug":"fizyka","status":"publish","type":"page","link":"https:\/\/sp1.zielonka.pl\/index.php\/fizyka\/","title":{"rendered":"Fizyka"},"content":{"rendered":"<p>Kliknij \u017ceby wr\u00f3ci\u0107 do <a href=\"https:\/\/sp1.zielonka.pl\/index.php\/wymagania-na-poszczegolne-oceny\/\">listy przedmiot\u00f3w<\/a><\/p>\n<p><a href=\"https:\/\/sp1.zielonka.pl\/wp-content\/uploads\/2024\/09\/NP-Sposob-na-fizyke-kl7-wymagania-edukacyjne-SP1.pdf\">NP Spos\u00f3b na fizyk\u0119 kl7 wymagania edukacyjne SP1<\/a><br><a href=\"https:\/\/sp1.zielonka.pl\/wp-content\/uploads\/2024\/09\/NP-Sposob-na-fizyke-kl8-wymagania-edukacyjne-SP1.pdf\">NP Spos\u00f3b na fizyk\u0119 kl8 wymagania edukacyjne SP1<\/a><\/p>\n\n","protected":false},"excerpt":{"rendered":"<p>Kliknij \u017ceby wr\u00f3ci\u0107 do listy przedmiot\u00f3w NP Spos\u00f3b na fizyk\u0119 kl7 wymagania edukacyjne SP1NP Spos\u00f3b na fizyk\u0119 kl8 wymagania edukacyjne SP1<\/p>\n","protected":false},"author":3,"featured_media":0,"parent":0,"menu_order":0,"comment_status":"closed","ping_status":"closed","template":"","meta":{"footnotes":""},"class_list":["post-5009","page","type-page","status-publish","hentry"],"_links":{"self":[{"href":"https:\/\/sp1.zielonka.pl\/index.php\/wp-json\/wp\/v2\/pages\/5009","targetHints":{"allow":["GET"]}}],"collection":[{"href":"https:\/\/sp1.zielonka.pl\/index.php\/wp-json\/wp\/v2\/pages"}],"about":[{"href":"https:\/\/sp1.zielonka.pl\/index.php\/wp-json\/wp\/v2\/types\/page"}],"author":[{"embeddable":true,"href":"https:\/\/sp1.zielonka.pl\/index.php\/wp-json\/wp\/v2\/users\/3"}],"replies":[{"embeddable":true,"href":"https:\/\/sp1.zielonka.pl\/index.php\/wp-json\/wp\/v2\/comments?post=5009"}],"version-history":[{"count":13,"href":"https:\/\/sp1.zielonka.pl\/index.php\/wp-json\/wp\/v2\/pages\/5009\/revisions"}],"predecessor-version":[{"id":17946,"href":"https:\/\/sp1.zielonka.pl\/index.php\/wp-json\/wp\/v2\/pages\/5009\/revisions\/17946"}],"wp:attachment":[{"href":"https:\/\/sp1.zielonka.pl\/index.php\/wp-json\/wp\/v2\/media?parent=5009"}],"curies":[{"name":"wp","href":"https:\/\/api.w.org\/{rel}","templated":true}]}}