{"id":4989,"date":"2020-03-12T16:00:05","date_gmt":"2020-03-12T15:00:05","guid":{"rendered":"http:\/\/sp1.zielonka.pl\/?page_id=4989"},"modified":"2023-09-12T14:14:09","modified_gmt":"2023-09-12T12:14:09","slug":"klasa-3","status":"publish","type":"page","link":"https:\/\/sp1.zielonka.pl\/index.php\/klasa-3\/","title":{"rendered":"Klasa 3"},"content":{"rendered":"<p>Kliknij \u017ceby wr\u00f3ci\u0107 do <a href=\"https:\/\/sp1.zielonka.pl\/index.php\/wymagania-na-poszczegolne-oceny\/\">listy przedmiot\u00f3w<\/a><\/p>\n<p><a href=\"https:\/\/sp1.zielonka.pl\/wp-content\/uploads\/2023\/09\/Wymagania-edukacyjne-kl.-3.pdf\">Wymagania edukacyjne kl. 3<\/a><\/p>\n<p><a href=\"https:\/\/sp1.zielonka.pl\/wp-content\/uploads\/2023\/09\/Jezyk-angielski-wymagania-edukacyjne-dla-klasy-3.pdf\">J\u0119zyk-angielski-wymagania-edukacyjne-dla-klasy 3<\/a><br \/>\n<a href=\"https:\/\/sp1.zielonka.pl\/wp-content\/uploads\/2021\/12\/WYMAGANIA-Z-RELIGII-DLA-KLASY-III.pdf\">WYMAGANIA Z RELIGII DLA KLASY III<\/a><\/p>\n","protected":false},"excerpt":{"rendered":"<p>Kliknij \u017ceby wr\u00f3ci\u0107 do listy przedmiot\u00f3w Wymagania edukacyjne kl. 3 J\u0119zyk-angielski-wymagania-edukacyjne-dla-klasy 3 WYMAGANIA Z RELIGII DLA KLASY III<\/p>\n","protected":false},"author":3,"featured_media":0,"parent":0,"menu_order":0,"comment_status":"closed","ping_status":"closed","template":"","meta":{"footnotes":""},"class_list":["post-4989","page","type-page","status-publish","hentry"],"_links":{"self":[{"href":"https:\/\/sp1.zielonka.pl\/index.php\/wp-json\/wp\/v2\/pages\/4989","targetHints":{"allow":["GET"]}}],"collection":[{"href":"https:\/\/sp1.zielonka.pl\/index.php\/wp-json\/wp\/v2\/pages"}],"about":[{"href":"https:\/\/sp1.zielonka.pl\/index.php\/wp-json\/wp\/v2\/types\/page"}],"author":[{"embeddable":true,"href":"https:\/\/sp1.zielonka.pl\/index.php\/wp-json\/wp\/v2\/users\/3"}],"replies":[{"embeddable":true,"href":"https:\/\/sp1.zielonka.pl\/index.php\/wp-json\/wp\/v2\/comments?post=4989"}],"version-history":[{"count":7,"href":"https:\/\/sp1.zielonka.pl\/index.php\/wp-json\/wp\/v2\/pages\/4989\/revisions"}],"predecessor-version":[{"id":14059,"href":"https:\/\/sp1.zielonka.pl\/index.php\/wp-json\/wp\/v2\/pages\/4989\/revisions\/14059"}],"wp:attachment":[{"href":"https:\/\/sp1.zielonka.pl\/index.php\/wp-json\/wp\/v2\/media?parent=4989"}],"curies":[{"name":"wp","href":"https:\/\/api.w.org\/{rel}","templated":true}]}}