{"id":4972,"date":"2020-03-12T15:37:46","date_gmt":"2020-03-12T14:37:46","guid":{"rendered":"http:\/\/sp1.zielonka.pl\/?page_id=4972"},"modified":"2023-09-12T14:12:53","modified_gmt":"2023-09-12T12:12:53","slug":"klasa-1","status":"publish","type":"page","link":"https:\/\/sp1.zielonka.pl\/index.php\/klasa-1\/","title":{"rendered":"Klasa 1"},"content":{"rendered":"<p>Kliknij \u017ceby wr\u00f3ci\u0107 do <a href=\"https:\/\/sp1.zielonka.pl\/index.php\/wymagania-na-poszczegolne-oceny\/\">listy przedmiot\u00f3w<\/a><\/p>\n<p><a href=\"https:\/\/sp1.zielonka.pl\/wp-content\/uploads\/2023\/09\/wymagania_edukacyjne_kl1.pdf\">Wymagania_edukacyjne_kl1<\/a><\/p>\n<p><a href=\"https:\/\/sp1.zielonka.pl\/wp-content\/uploads\/2023\/09\/Jezyk-angielski-wymagania-edukacyjne-dla-klasy-1.pdf\">J\u0119zyk-angielski-wymagania-edukacyjne-dla-klasy 1<\/a><\/p>\n\n\n<p><a href=\"https:\/\/sp1.zielonka.pl\/wp-content\/uploads\/2021\/12\/WYMAGANIA-Z-RELIGII-DLA-KLASY-I.pdf\">WYMAGANIA Z RELIGII DLA KLASY I<\/a><\/p>\n","protected":false},"excerpt":{"rendered":"<p>Kliknij \u017ceby wr\u00f3ci\u0107 do listy przedmiot\u00f3w Wymagania_edukacyjne_kl1 J\u0119zyk-angielski-wymagania-edukacyjne-dla-klasy 1 WYMAGANIA Z RELIGII DLA KLASY I<\/p>\n","protected":false},"author":3,"featured_media":0,"parent":0,"menu_order":0,"comment_status":"closed","ping_status":"closed","template":"","meta":{"footnotes":""},"class_list":["post-4972","page","type-page","status-publish","hentry"],"_links":{"self":[{"href":"https:\/\/sp1.zielonka.pl\/index.php\/wp-json\/wp\/v2\/pages\/4972","targetHints":{"allow":["GET"]}}],"collection":[{"href":"https:\/\/sp1.zielonka.pl\/index.php\/wp-json\/wp\/v2\/pages"}],"about":[{"href":"https:\/\/sp1.zielonka.pl\/index.php\/wp-json\/wp\/v2\/types\/page"}],"author":[{"embeddable":true,"href":"https:\/\/sp1.zielonka.pl\/index.php\/wp-json\/wp\/v2\/users\/3"}],"replies":[{"embeddable":true,"href":"https:\/\/sp1.zielonka.pl\/index.php\/wp-json\/wp\/v2\/comments?post=4972"}],"version-history":[{"count":8,"href":"https:\/\/sp1.zielonka.pl\/index.php\/wp-json\/wp\/v2\/pages\/4972\/revisions"}],"predecessor-version":[{"id":14057,"href":"https:\/\/sp1.zielonka.pl\/index.php\/wp-json\/wp\/v2\/pages\/4972\/revisions\/14057"}],"wp:attachment":[{"href":"https:\/\/sp1.zielonka.pl\/index.php\/wp-json\/wp\/v2\/media?parent=4972"}],"curies":[{"name":"wp","href":"https:\/\/api.w.org\/{rel}","templated":true}]}}