{"id":41,"date":"2017-10-10T10:56:37","date_gmt":"2017-10-10T08:56:37","guid":{"rendered":"http:\/\/sp1.zielonka.pl\/sp1\/?page_id=41"},"modified":"2025-11-23T20:26:50","modified_gmt":"2025-11-23T19:26:50","slug":"rada-rodzicow","status":"publish","type":"page","link":"https:\/\/sp1.zielonka.pl\/index.php\/aktualnosci\/dla-rodzicow\/rada-rodzicow\/","title":{"rendered":"RADA RODZIC\u00d3W"},"content":{"rendered":"<p style=\"text-align: center;\"><strong>Sk\u0142adki na rad\u0119 rodzic\u00f3w przyjmowane s\u0105\u00a0 w dni zebra\u0144 z rodzicami u\u00a0 skarbnika RR lub na konto RR\u00a0Szko\u0142y Podstawowej Nr 1\u00a0 im. Boles\u0142awa Prusa, ul Staszica 56, 05-220 Zielonka<br \/>\nSk\u0142adka roczna &#8211; 50 z\u0142 jednorazowo lub w dowolnych ratach, 50% w przypadku rodze\u0144stwa.\u00a0<\/strong><\/p>\n<div style=\"text-align: center;\"><\/div>\n<p style=\"text-align: center;\"><strong>Konto RR: Bank Santander\u00a0 60 1090 2590 0000 0001 3209 6524<\/strong><\/p>\n<p style=\"text-align: center;\"><a href=\"https:\/\/sp1.zielonka.pl\/nowa\/pliki\/rrr.pdf\">REGULAMIN RADY RODZIC\u00d3W<strong>\u00a0<\/strong><\/a><\/p>\n<p style=\"text-align: center;\"><strong>Szczeg\u00f3\u0142owa lista przedstawicieli do Rady Rodzic\u00f3w w roku szkolnym 2025\/2026<\/strong><\/p>\n<table style=\"height: 513px; width: 57.2443%; border-color: #0d2c59;\" border=\"2\" width=\"61.7857%\" cellspacing=\"2\">\n<tbody>\n<tr style=\"height: 27px; border-color: #10397a;\">\n<td style=\"width: 11.5734%; height: 27px; text-align: center; vertical-align: middle; border-color: #1e3d85;\" width=\"80\"><strong>Klasa<\/strong><\/td>\n<td style=\"width: 45.5968%; text-align: center; height: 27px; border-color: #1e3d85;\" width=\"242\"><strong>Imi<\/strong><strong>\u0119<\/strong><strong> i nazwisko<\/strong><\/td>\n<\/tr>\n<tr style=\"height: 27px;\">\n<td style=\"width: 11.5734%; height: 27px; border-color: #1e3d85; text-align: center;\" width=\"80\"><strong>0A<\/strong><\/td>\n<td style=\"width: 45.5968%; height: 27px; border-color: #1e3d85;\" width=\"242\">\u00a0Kamila \u017bak<\/td>\n<\/tr>\n<tr style=\"height: 27px;\">\n<td style=\"width: 11.5734%; height: 27px; border-color: #1e3d85; text-align: center;\" width=\"80\"><b>0B<\/b><\/td>\n<td style=\"width: 45.5968%; height: 27px; border-color: #1e3d85;\" width=\"242\">\u00a0Jerzy Bo\u0142bat<\/td>\n<\/tr>\n<tr style=\"height: 27px;\">\n<td style=\"width: 11.5734%; height: 27px; border-color: #1e3d85; text-align: center;\" width=\"80\"><strong>1A<\/strong><\/td>\n<td style=\"width: 45.5968%; height: 27px; border-color: #1e3d85;\" width=\"242\">\u00a0Maciej Skok<\/td>\n<\/tr>\n<tr style=\"height: 27px;\">\n<td style=\"width: 11.5734%; height: 27px; border-color: #1e3d85; text-align: center;\" width=\"80\"><b>1B<\/b><\/td>\n<td style=\"width: 45.5968%; height: 27px; border-color: #1e3d85;\" width=\"242\">\u00a0Adam Kude\u0142ka<\/td>\n<\/tr>\n<tr style=\"height: 27px;\">\n<td style=\"width: 11.5734%; height: 27px; border-color: #1e3d85; text-align: center;\" width=\"80\"><strong>2A<\/strong><\/td>\n<td style=\"width: 45.5968%; height: 27px; border-color: #1e3d85;\" width=\"242\">\u00a0Patrycja Sitkowska<\/td>\n<\/tr>\n<tr style=\"height: 27px;\">\n<td style=\"width: 11.5734%; height: 27px; border-color: #1e3d85; text-align: center;\" width=\"80\"><strong>2B<\/strong><\/td>\n<td style=\"width: 45.5968%; height: 27px; border-color: #1e3d85;\" width=\"242\">\u00a0Magda D\u0105browska<\/td>\n<\/tr>\n<tr style=\"height: 27px;\">\n<td style=\"width: 11.5734%; height: 27px; border-color: #1e3d85; text-align: center;\" width=\"80\"><strong>3A<\/strong><\/td>\n<td style=\"width: 45.5968%; height: 27px; border-color: #1e3d85;\" width=\"242\">\u00a0Paulina Tarajda<\/td>\n<\/tr>\n<tr style=\"height: 27px;\">\n<td style=\"width: 11.5734%; height: 27px; border-color: #1e3d85; text-align: center;\" width=\"80\"><strong>3B<\/strong><\/td>\n<td style=\"width: 45.5968%; height: 27px; border-color: #1e3d85;\" width=\"242\">\u00a0Adam Kude\u0142ka<\/td>\n<\/tr>\n<tr style=\"height: 27px;\">\n<td style=\"width: 11.5734%; height: 27px; border-color: #1e3d85; text-align: center;\" width=\"80\"><b>4A<\/b><\/td>\n<td style=\"width: 45.5968%; height: 27px; border-color: #1e3d85;\" width=\"242\">\u00a0Grzegorz Dudzik<\/td>\n<\/tr>\n<tr style=\"height: 27px;\">\n<td style=\"width: 11.5734%; height: 27px; border-color: #1e3d85; text-align: center;\" width=\"80\"><strong>4B<\/strong><\/td>\n<td style=\"width: 45.5968%; height: 27px; border-color: #1e3d85;\" width=\"242\">\u00a0Anna D\u0105bkowska<\/td>\n<\/tr>\n<tr style=\"height: 27px;\">\n<td style=\"width: 11.5734%; height: 27px; border-color: #1e3d85; text-align: center;\" width=\"80\"><b>5A<\/b><\/td>\n<td style=\"width: 45.5968%; height: 27px; border-color: #1e3d85;\" width=\"242\">\u00a0Sylwia Wimmer<\/td>\n<\/tr>\n<tr style=\"height: 27px;\">\n<td style=\"width: 11.5734%; height: 27px; border-color: #1e3d85; text-align: center;\" width=\"80\"><strong>5B<\/strong><\/td>\n<td style=\"width: 45.5968%; height: 27px; border-color: #1e3d85;\" width=\"242\">\u00a0Urszula Kleszko<\/td>\n<\/tr>\n<tr style=\"height: 27px;\">\n<td style=\"width: 11.5734%; height: 27px; border-color: #1e3d85; text-align: center;\" width=\"80\"><b>6A<\/b><\/td>\n<td style=\"width: 45.5968%; height: 27px; border-color: #1e3d85;\" width=\"242\">\u00a0Monika Dobrzy\u0144ska<\/td>\n<\/tr>\n<tr style=\"height: 27px;\">\n<td style=\"width: 11.5734%; height: 27px; border-color: #1e3d85; text-align: center;\" width=\"80\"><strong>6B<\/strong><\/td>\n<td style=\"width: 45.5968%; height: 27px; border-color: #1e3d85;\" width=\"242\">\u00a0Jerzy Bo\u0142bat<\/td>\n<\/tr>\n<tr style=\"height: 27px;\">\n<td style=\"width: 11.5734%; height: 27px; border-color: #1e3d85; text-align: center;\" width=\"80\"><b>7A<\/b><\/td>\n<td style=\"width: 45.5968%; height: 27px; border-color: #1e3d85;\" width=\"242\">\u00a0Jaros\u0142aw Jotkiewicz<\/td>\n<\/tr>\n<tr style=\"height: 27px;\">\n<td style=\"width: 11.5734%; height: 27px; border-color: #1e3d85; text-align: center;\" width=\"80\"><strong>7B<\/strong><\/td>\n<td style=\"width: 45.5968%; height: 27px; border-color: #1e3d85;\" width=\"242\">\u00a0Anna Lewandowska<\/td>\n<\/tr>\n<tr style=\"height: 27px;\">\n<td style=\"width: 11.5734%; height: 27px; border-color: #1e3d85; text-align: center;\" width=\"80\"><b>8A<\/b><\/td>\n<td style=\"width: 45.5968%; height: 27px; border-color: #1e3d85;\" width=\"242\">\u00a0Aneta Pasztaleniec<\/td>\n<\/tr>\n<tr style=\"height: 27px;\">\n<td style=\"width: 11.5734%; height: 27px; border-color: #1e3d85; text-align: center;\" width=\"80\"><b>8B<\/b><\/td>\n<td style=\"width: 45.5968%; height: 27px; border-color: #1e3d85;\" width=\"242\">\u00a0Marek Sk\u0142odowski<\/td>\n<\/tr>\n<\/tbody>\n<\/table>\n<p><strong>Sk\u0142ad Prezydium Rady Rodzic\u00f3w:<\/strong><br \/>\nPrzewodnicz\u0105cy &#8211; Monika Dobrzy\u0144ska<br \/>\nZast\u0119pca przewodnicz\u0105cego &#8211; Grzegorz Dudzik<br \/>\nSkarbnik &#8211; Adam Kude\u0142ka<br \/>\nSekretarz &#8211; Anna Lewandowska<\/p>\n<blockquote><p><strong>Komisja Rewizyjna RR:<\/strong><br \/>\n&#8211; Przewodnicz\u0105ca Komisji &#8211; Jerzy Bo\u0142bat<br \/>\n&#8211; Cz\u0142onek Komisji &#8211; Paulina Tarajda<br \/>\n&#8211; Cz\u0142onek Komisji &#8211; Sylwia Wimmer<\/p><\/blockquote>\n<p><!--more--><\/p>\n<div>\n<div><\/div>\n<\/div>\n","protected":false},"excerpt":{"rendered":"<p>Sk\u0142adki na rad\u0119 rodzic\u00f3w przyjmowane s\u0105\u00a0 w dni zebra\u0144 z rodzicami u\u00a0 skarbnika RR lub na konto RR\u00a0Szko\u0142y Podstawowej Nr 1\u00a0 im. Boles\u0142awa Prusa, ul Staszica 56, 05-220 Zielonka Sk\u0142adka roczna &#8211; 50 z\u0142 jednorazowo lub w dowolnych ratach, 50% w przypadku rodze\u0144stwa.\u00a0 Konto RR: Bank Santander\u00a0 60 1090 2590 0000 0001 3209 6524 REGULAMIN [&hellip;]<\/p>\n","protected":false},"author":1,"featured_media":0,"parent":39,"menu_order":0,"comment_status":"closed","ping_status":"closed","template":"","meta":{"footnotes":""},"class_list":["post-41","page","type-page","status-publish","hentry"],"_links":{"self":[{"href":"https:\/\/sp1.zielonka.pl\/index.php\/wp-json\/wp\/v2\/pages\/41","targetHints":{"allow":["GET"]}}],"collection":[{"href":"https:\/\/sp1.zielonka.pl\/index.php\/wp-json\/wp\/v2\/pages"}],"about":[{"href":"https:\/\/sp1.zielonka.pl\/index.php\/wp-json\/wp\/v2\/types\/page"}],"author":[{"embeddable":true,"href":"https:\/\/sp1.zielonka.pl\/index.php\/wp-json\/wp\/v2\/users\/1"}],"replies":[{"embeddable":true,"href":"https:\/\/sp1.zielonka.pl\/index.php\/wp-json\/wp\/v2\/comments?post=41"}],"version-history":[{"count":42,"href":"https:\/\/sp1.zielonka.pl\/index.php\/wp-json\/wp\/v2\/pages\/41\/revisions"}],"predecessor-version":[{"id":23403,"href":"https:\/\/sp1.zielonka.pl\/index.php\/wp-json\/wp\/v2\/pages\/41\/revisions\/23403"}],"up":[{"embeddable":true,"href":"https:\/\/sp1.zielonka.pl\/index.php\/wp-json\/wp\/v2\/pages\/39"}],"wp:attachment":[{"href":"https:\/\/sp1.zielonka.pl\/index.php\/wp-json\/wp\/v2\/media?parent=41"}],"curies":[{"name":"wp","href":"https:\/\/api.w.org\/{rel}","templated":true}]}}