{"id":285,"date":"2017-10-12T09:41:45","date_gmt":"2017-10-12T07:41:45","guid":{"rendered":"http:\/\/sp1.zielonka.pl\/sp1\/?page_id=285"},"modified":"2025-10-21T16:34:55","modified_gmt":"2025-10-21T14:34:55","slug":"stolowka","status":"publish","type":"page","link":"https:\/\/sp1.zielonka.pl\/index.php\/aktualnosci\/dla-rodzicow\/stolowka\/","title":{"rendered":"STO\u0141\u00d3WKA"},"content":{"rendered":"<p><img loading=\"lazy\" decoding=\"async\" class=\"alignnone  wp-image-22135\" src=\"https:\/\/sp1.zielonka.pl\/wp-content\/uploads\/2025\/08\/pobrane-1.png\" alt=\"\" width=\"147\" height=\"55\" srcset=\"https:\/\/sp1.zielonka.pl\/wp-content\/uploads\/2025\/08\/pobrane-1.png 367w, https:\/\/sp1.zielonka.pl\/wp-content\/uploads\/2025\/08\/pobrane-1-300x112.png 300w, https:\/\/sp1.zielonka.pl\/wp-content\/uploads\/2025\/08\/pobrane-1-24x9.png 24w, https:\/\/sp1.zielonka.pl\/wp-content\/uploads\/2025\/08\/pobrane-1-36x13.png 36w, https:\/\/sp1.zielonka.pl\/wp-content\/uploads\/2025\/08\/pobrane-1-48x18.png 48w\" sizes=\"auto, (max-width: 147px) 100vw, 147px\" \/><\/p>\n<p>Najwa\u017cniejsze informacje:<\/p>\n<ul style=\"list-style-type: circle;\">\n<li>posi\u0142ki dla uczni\u00f3w (klas 1-8 oraz oddzia\u0142\u00f3w przedszkolnych) zamawiamy przez stron\u0119 systemu LOCA (<a href=\"https:\/\/zielonkasp1.loca.pl\/\">LINK<\/a>);<span style=\"background-color: #ffffff; color: #ff0000;\">Aby otrzyma\u0107 link nale\u017cy dostarczy\u0107 zgody na powierzenie danych osobowych. Osoby kt\u00f3re wys\u0142a\u0142y zgody za po\u015brednictwem e-dziennika lub mailowo proszone s\u0105 o potwierdzenie w formie papierowej, dostarczaj\u0105c formularz do sekretariatu do dn. 12 wrze\u015bnia.<\/span><span style=\"background-color: #ffffff; color: #ff0000;\">Je\u017celi dziecko wymaga diety, prosimy o dostarczenie za\u015bwiadczenia od lekarza.<\/span><\/li>\n<li>sekretariat wysy\u0142a link aktywacyjny po otrzymaniu od prawnego opiekuna <a href=\"https:\/\/sp1.zielonka.pl\/wp-content\/uploads\/2025\/08\/Zgoda-na-przekazanie-danych-osobowych-firmie-zywieniowej-LOCA.pdf\">ZGODY<\/a><\/li>\n<li>Uczniowie potwierdzaj\u0105 odbi\u00f3r posi\u0142ku poprzez przy\u0142o\u017cenie karty do czytynika.<\/li>\n<li>Posi\u0142ki zamawiamy codziennie do godziny 7.00.<\/li>\n<li>Posi\u0142ki odwo\u0142ujemu codziennie do godziny 7.00.<\/li>\n<li>Pami\u0119tajmy, \u017ce posi\u0142ki dla ka\u017cdego dziecka zamawiamy osobno, nie jako rodzina. Z\u0142o\u017cone zam\u00f3wienie trafia do koszyka, a jest dopiero skuteczne po op\u0142aceniu go przez aplikacje.<\/li>\n<li>Odwo\u0142ane posi\u0142ki (po wcze\u015bniejszym wykupieniu na d\u0142u\u017cszy okres) przechodz\u0105 na kolejny miesi\u0105c.<\/li>\n<li>Dwa razy do roku (grudzie\u0144, czerwiec) konta opiekun\u00f3w s\u0105 &#8222;zerowane&#8221; i zwracane s\u0105 \u015brodki b\u0119d\u0105ce nawy\u017ck\u0105.<\/li>\n<\/ul>\n<p>OBOWI\u0104ZKIEM KA\u017bDEGO OPIEKUNA &#8211; KT\u00d3REGO DZIECKO KORZYSTA Z POSI\u0141K\u00d3W, JEST ZAPOZNANIE SI\u0118 Z PONI\u017bSZYMI DOKUMENTAMI:<\/p>\n<p>1. <a href=\"https:\/\/sp1.zielonka.pl\/wp-content\/uploads\/2025\/08\/SP1-Zielonka-Regulamin-Platforma-Rodzica.pdf\">Regulamin korzystania z e-sto\u0142\u00f3wki<\/a>;<\/p>\n<p>2<a href=\"https:\/\/sp1.zielonka.pl\/wp-content\/uploads\/2025\/08\/SP1_Zielonka_Polityka_prywatnosci_e-Stolowka.pdf\">. Polityka Prywatno\u015bci.<\/a><\/p>\n<p>3.<a href=\"https:\/\/sp1.zielonka.pl\/wp-content\/uploads\/2025\/08\/INSTRUKCJA1.pdf\"> Instrukcja do logowania si\u0119 do e-sto\u0142\u00f3wki.<\/a><\/p>\n","protected":false},"excerpt":{"rendered":"<p>Najwa\u017cniejsze informacje: posi\u0142ki dla uczni\u00f3w (klas 1-8 oraz oddzia\u0142\u00f3w przedszkolnych) zamawiamy przez stron\u0119 systemu LOCA (LINK);Aby otrzyma\u0107 link nale\u017cy dostarczy\u0107 zgody na powierzenie danych osobowych. Osoby kt\u00f3re wys\u0142a\u0142y zgody za po\u015brednictwem e-dziennika lub mailowo proszone s\u0105 o potwierdzenie w formie papierowej, dostarczaj\u0105c formularz do sekretariatu do dn. 12 wrze\u015bnia.Je\u017celi dziecko wymaga diety, prosimy o dostarczenie [&hellip;]<\/p>\n","protected":false},"author":3,"featured_media":0,"parent":39,"menu_order":0,"comment_status":"closed","ping_status":"closed","template":"","meta":{"footnotes":""},"class_list":["post-285","page","type-page","status-publish","hentry"],"_links":{"self":[{"href":"https:\/\/sp1.zielonka.pl\/index.php\/wp-json\/wp\/v2\/pages\/285","targetHints":{"allow":["GET"]}}],"collection":[{"href":"https:\/\/sp1.zielonka.pl\/index.php\/wp-json\/wp\/v2\/pages"}],"about":[{"href":"https:\/\/sp1.zielonka.pl\/index.php\/wp-json\/wp\/v2\/types\/page"}],"author":[{"embeddable":true,"href":"https:\/\/sp1.zielonka.pl\/index.php\/wp-json\/wp\/v2\/users\/3"}],"replies":[{"embeddable":true,"href":"https:\/\/sp1.zielonka.pl\/index.php\/wp-json\/wp\/v2\/comments?post=285"}],"version-history":[{"count":206,"href":"https:\/\/sp1.zielonka.pl\/index.php\/wp-json\/wp\/v2\/pages\/285\/revisions"}],"predecessor-version":[{"id":22988,"href":"https:\/\/sp1.zielonka.pl\/index.php\/wp-json\/wp\/v2\/pages\/285\/revisions\/22988"}],"up":[{"embeddable":true,"href":"https:\/\/sp1.zielonka.pl\/index.php\/wp-json\/wp\/v2\/pages\/39"}],"wp:attachment":[{"href":"https:\/\/sp1.zielonka.pl\/index.php\/wp-json\/wp\/v2\/media?parent=285"}],"curies":[{"name":"wp","href":"https:\/\/api.w.org\/{rel}","templated":true}]}}