{"id":281,"date":"2017-10-12T09:40:38","date_gmt":"2017-10-12T07:40:38","guid":{"rendered":"http:\/\/sp1.zielonka.pl\/sp1\/?page_id=281"},"modified":"2025-10-05T16:31:58","modified_gmt":"2025-10-05T14:31:58","slug":"dokumenty-do-pobrania","status":"publish","type":"page","link":"https:\/\/sp1.zielonka.pl\/index.php\/aktualnosci\/dla-rodzicow\/dokumenty-do-pobrania\/","title":{"rendered":"DOKUMENTY DO POBRANIA"},"content":{"rendered":"<p><a href=\"http:\/\/sp1.zielonka.pl\/wp-content\/uploads\/2024\/06\/podanie-o-podwyzszenie-oceny-na-wyzsza-niz-przewidywana.pdf\">P<\/a><a href=\"http:\/\/sp1.zielonka.pl\/wp-content\/uploads\/2025\/06\/podanie-o-podwyzszenie-oceny-na-wyzsza-niz-przewidywana.pdf\">odanie-o-podwy\u017cszenie-oceny-na-wy\u017csz\u0105-ni\u017c-przewidywana<\/a><\/p>\n<p><a href=\"http:\/\/sp1.zielonka.pl\/wp-content\/uploads\/2024\/02\/zgloszenie-do-klasy-1-2024_2025-SP1.pdf\" data-wplink-edit=\"true\">Zg\u0142oszenie do klasy 1 2024_2025 SP1<\/a><\/p>\n\n\n<p><a href=\"http:\/\/sp1.zielonka.pl\/wp-content\/uploads\/2025\/04\/Dyzury-wakacyjne-w-oddzialach-przedszkolnych.pdf\">Dy\u017cury wakacyjne w oddzia\u0142ach przedszkolnych<\/a><\/p>\n<p><a href=\"http:\/\/sp1.zielonka.pl\/wp-content\/uploads\/2025\/04\/Upowaznienie-do-odbioru.pdf\">Upowa\u017cnienie do odbioru<\/a>\u00a0<\/p>\n<p><a href=\"http:\/\/sp1.zielonka.pl\/wp-content\/uploads\/2025\/04\/Wniosek-o-przyjecie-dziecka-na-dyzur-wakacyjny.pdf\">Wniosek o przyj\u0119cie dziecka na dy\u017cur wakacyjny<\/a><\/p>\n<p>\u00a0<\/p>\n","protected":false},"excerpt":{"rendered":"<p>Podanie-o-podwy\u017cszenie-oceny-na-wy\u017csz\u0105-ni\u017c-przewidywana Zg\u0142oszenie do klasy 1 2024_2025 SP1 Dy\u017cury wakacyjne w oddzia\u0142ach przedszkolnych Upowa\u017cnienie do odbioru\u00a0 Wniosek o przyj\u0119cie dziecka na dy\u017cur wakacyjny \u00a0<\/p>\n","protected":false},"author":3,"featured_media":0,"parent":39,"menu_order":0,"comment_status":"closed","ping_status":"closed","template":"","meta":[],"_links":{"self":[{"href":"https:\/\/sp1.zielonka.pl\/index.php\/wp-json\/wp\/v2\/pages\/281"}],"collection":[{"href":"https:\/\/sp1.zielonka.pl\/index.php\/wp-json\/wp\/v2\/pages"}],"about":[{"href":"https:\/\/sp1.zielonka.pl\/index.php\/wp-json\/wp\/v2\/types\/page"}],"author":[{"embeddable":true,"href":"https:\/\/sp1.zielonka.pl\/index.php\/wp-json\/wp\/v2\/users\/3"}],"replies":[{"embeddable":true,"href":"https:\/\/sp1.zielonka.pl\/index.php\/wp-json\/wp\/v2\/comments?post=281"}],"version-history":[{"count":38,"href":"https:\/\/sp1.zielonka.pl\/index.php\/wp-json\/wp\/v2\/pages\/281\/revisions"}],"predecessor-version":[{"id":21814,"href":"https:\/\/sp1.zielonka.pl\/index.php\/wp-json\/wp\/v2\/pages\/281\/revisions\/21814"}],"up":[{"embeddable":true,"href":"https:\/\/sp1.zielonka.pl\/index.php\/wp-json\/wp\/v2\/pages\/39"}],"wp:attachment":[{"href":"https:\/\/sp1.zielonka.pl\/index.php\/wp-json\/wp\/v2\/media?parent=281"}],"curies":[{"name":"wp","href":"https:\/\/api.w.org\/{rel}","templated":true}]}}