{"id":277,"date":"2017-10-12T09:39:30","date_gmt":"2017-10-12T07:39:30","guid":{"rendered":"http:\/\/sp1.zielonka.pl\/sp1\/?page_id=277"},"modified":"2026-04-04T17:35:46","modified_gmt":"2026-04-04T15:35:46","slug":"zebrania","status":"publish","type":"page","link":"https:\/\/sp1.zielonka.pl\/index.php\/aktualnosci\/dla-rodzicow\/zebrania\/","title":{"rendered":"ZEBRANIA"},"content":{"rendered":"<table style=\"border-color: #0e2959; width: 95.687%; height: 753px;\" width=\"110%\">\n<tbody>\n<tr style=\"border-color: #143469;\">\n<td style=\"height: 49px; width: 84.5988%; border-style: dotted; border-color: #1e3861; text-align: center; background-color: #a4d1a3;\" colspan=\"3\" width=\"99%\"><strong>TERMINARZ SPOTKA\u0143 Z RODZICAMI w roku szkolnym 2025\/2026<\/strong><\/td>\n<\/tr>\n<tr style=\"border-color: #143469;\">\n<td style=\"height: 212px; width: 38.8853%; border-style: dotted; border-color: #1e3861; text-align: left; background-color: #f2eded;\" width=\"43%\"><strong>&nbsp;wst\u0119pne spotkanie&nbsp; &nbsp;informacyjne z wychowawc\u0105:<\/strong><br>&nbsp;&#8211; system oceniania,<br>&nbsp;&#8211; programy i wymagania z&nbsp; &nbsp; &nbsp; &nbsp; &nbsp;przedmiot\u00f3w,<br>&nbsp;&#8211; wybory do Rady Oddzia\u0142owej,<br>&nbsp;&#8211; informacja dotycz\u0105ca organizacji pracy szko\u0142y<\/td>\n<td style=\"height: 212px; width: 21.8388%; border-style: dotted; border-color: #1e3861; text-align: center; background-color: #a4d1a3;\" width=\"31%\">&nbsp;9 wrze\u015bnia 2025 &#8211; wtorek<\/td>\n<td style=\"height: 212px; width: 23.8747%; border-style: dotted; border-color: #1e3861; text-align: center; background-color: #faf7f7;\" width=\"24%\">\n<p><strong style=\"font-size: inherit; font-family: inherit;\">&nbsp;kl. 4 \u2013 8,<\/strong><span style=\"font-size: inherit; font-family: inherit; font-weight: inherit;\"> godz. <strong>17<\/strong><sup><strong>30<\/strong><\/sup><\/span><\/p>\n<p><span style=\"font-size: inherit; font-family: inherit; font-weight: inherit;\"><sup>w sali gimnastycznej dot. edukacji zdrowotnej<br><\/sup><strong>kl. 1 &#8211; 8,<\/strong> godz. <\/span><strong style=\"font-size: inherit; font-family: inherit;\">18<sup>00<\/sup><\/strong><\/p>\n<\/td>\n<\/tr>\n<tr style=\"border-color: #143469;\">\n<td style=\"height: 93px; width: 38.8853%; border-style: dotted; border-color: #1e3861; background-color: #f2eded;\" width=\"43%\">\n<p><strong>zebrania z rodzicami <span style=\"text-decoration: underline;\">(obecni wszyscy nauczyciele)<\/span><\/strong><br>&nbsp;informacje o post\u0119pach w nauce i zachowaniu<\/p>\n<\/td>\n<td style=\"height: 93px; width: 21.8388%; border-style: dotted; border-color: #1e3861; text-align: center; background-color: #a4d1a3;\" width=\"31%\">&nbsp;18&nbsp; listopada 2025&nbsp; &nbsp;&#8211;&nbsp; wtorek<p><\/p>\n<\/td>\n<td style=\"height: 93px; width: 23.8747%; border-style: dotted; border-color: #1e3861; text-align: center; background-color: #faf7f7;\" width=\"24%\"><strong style=\"font-size: inherit; font-family: inherit;\">&nbsp;kl. 1 \u2013 4, <\/strong><span style=\"font-size: inherit; font-family: inherit; font-weight: inherit;\">godz. <\/span><strong style=\"font-size: inherit; font-family: inherit;\">17<sup>30<br><\/sup><\/strong><strong>&nbsp;kl. 5 \u2013 8, <\/strong>godz. <strong>18<sup>30<\/sup><\/strong><\/td>\n<\/tr>\n<tr style=\"border-color: #143469;\">\n<td style=\"height: 134px; width: 38.8853%; border-style: dotted; border-color: #1e3861; background-color: #f2eded;\" width=\"43%\"><strong>&nbsp;zebrania z rodzicami<br><\/strong>&nbsp;spotkanie z wychowawc\u0105, informacja o wynikach klasyfikacji \u015br\u00f3drocznej<\/td>\n<td style=\"height: 134px; width: 21.8388%; border-style: dotted; border-color: #1e3861; text-align: center; background-color: #a4d1a3;\" width=\"31%\">&nbsp; &nbsp;3 lutego 2026&nbsp; &nbsp;&#8211; wtorek<\/td>\n<td style=\"height: 134px; width: 23.8747%; border-style: dotted; border-color: #1e3861; text-align: center; background-color: #faf7f7;\" width=\"24%\"><strong style=\"font-size: inherit; font-family: inherit;\">&nbsp;kl. 1 \u2013 4,<\/strong><span style=\"font-size: inherit; font-family: inherit; font-weight: inherit;\"> godz. <\/span><strong style=\"font-size: inherit; font-family: inherit;\">17<sup>30<br><\/sup><\/strong><strong>&nbsp;kl. 5 \u2013 8,<\/strong> godz. <strong>18<sup>30<\/sup><\/strong><\/td>\n<\/tr>\n<tr style=\"border-color: #143469;\">\n<td style=\"height: 140px; width: 38.8853%; border-style: dotted; border-color: #1e3861; background-color: #f2eded;\" width=\"43%\"><strong>&nbsp;zebrania z rodzicami <u>(obecni wszyscy nauczyciele)<\/u><\/strong><u><br><\/u>&nbsp;informacyjne o post\u0119pach w nauce i zachowaniu<\/td>\n<td style=\"height: 140px; width: 21.8388%; border-style: dotted; border-color: #1e3861; text-align: center; background-color: #a4d1a3;\" width=\"31%\">&nbsp;21 kwietnia 2026&nbsp; &nbsp;&#8211; wtorek<\/td>\n<td style=\"height: 140px; width: 23.8747%; border-style: dotted; border-color: #1e3861; text-align: center; background-color: #faf7f7;\" width=\"24%\"><strong style=\"font-size: inherit; font-family: inherit;\">&nbsp;kl. 1 \u2013 4,<\/strong><span style=\"font-size: inherit; font-family: inherit; font-weight: inherit;\"> godz. <\/span><strong style=\"font-size: inherit; font-family: inherit;\">17<sup>30<br><\/sup><\/strong><strong>&nbsp;kl. 5 \u2013 8,<\/strong> godz. <strong>18<sup>30<\/sup><\/strong><\/td>\n<\/tr>\n<tr style=\"border-color: #143469;\">\n<td style=\"height: 125px; width: 38.8853%; border-style: dotted; border-color: #1e3861; background-color: #f2eded;\" width=\"43%\"><strong>&nbsp;zebrania z rodzicami <u>(obecni wszyscy nauczyciele)<\/u><\/strong><u><br><\/u>&nbsp;oceny przewidywane z zaj\u0119\u0107&nbsp; &nbsp;edukacyjnych i zachowania<\/td>\n<td style=\"height: 125px; width: 21.8388%; border-style: dotted; border-color: #1e3861; text-align: center; background-color: #a4d1a3;\" width=\"31%\">&nbsp;8 czerwca 2026 &#8211;&nbsp; &nbsp;poniedzia\u0142ek<\/td>\n<td style=\"height: 125px; width: 23.8747%; border-style: dotted; border-color: #1e3861; text-align: center; background-color: #faf7f7;\" width=\"24%\"><strong style=\"font-size: inherit; font-family: inherit;\">&nbsp;kl. 1 \u2013 4<\/strong><span style=\"font-size: inherit; font-family: inherit; font-weight: inherit;\"> godz. <\/span><strong style=\"font-size: inherit; font-family: inherit;\">17<sup>30<br><\/sup><\/strong><strong>&nbsp;kl. 5 \u2013 8,<\/strong> godz. <strong>18<sup>30<\/sup><\/strong><\/td>\n<\/tr>\n<\/tbody>\n<\/table>\n\n","protected":false},"excerpt":{"rendered":"<p>TERMINARZ SPOTKA\u0143 Z RODZICAMI w roku szkolnym 2025\/2026 &nbsp;wst\u0119pne spotkanie&nbsp; &nbsp;informacyjne z wychowawc\u0105:&nbsp;&#8211; system oceniania,&nbsp;&#8211; programy i wymagania z&nbsp; &nbsp; &nbsp; &nbsp; &nbsp;przedmiot\u00f3w,&nbsp;&#8211; wybory do Rady Oddzia\u0142owej,&nbsp;&#8211; informacja dotycz\u0105ca organizacji pracy szko\u0142y &nbsp;9 wrze\u015bnia 2025 &#8211; wtorek &nbsp;kl. 4 \u2013 8, godz. 1730 w sali gimnastycznej dot. edukacji zdrowotnejkl. 1 &#8211; 8, godz. 1800 zebrania [&hellip;]<\/p>\n","protected":false},"author":3,"featured_media":0,"parent":39,"menu_order":0,"comment_status":"closed","ping_status":"closed","template":"","meta":{"footnotes":""},"class_list":["post-277","page","type-page","status-publish","hentry"],"_links":{"self":[{"href":"https:\/\/sp1.zielonka.pl\/index.php\/wp-json\/wp\/v2\/pages\/277","targetHints":{"allow":["GET"]}}],"collection":[{"href":"https:\/\/sp1.zielonka.pl\/index.php\/wp-json\/wp\/v2\/pages"}],"about":[{"href":"https:\/\/sp1.zielonka.pl\/index.php\/wp-json\/wp\/v2\/types\/page"}],"author":[{"embeddable":true,"href":"https:\/\/sp1.zielonka.pl\/index.php\/wp-json\/wp\/v2\/users\/3"}],"replies":[{"embeddable":true,"href":"https:\/\/sp1.zielonka.pl\/index.php\/wp-json\/wp\/v2\/comments?post=277"}],"version-history":[{"count":39,"href":"https:\/\/sp1.zielonka.pl\/index.php\/wp-json\/wp\/v2\/pages\/277\/revisions"}],"predecessor-version":[{"id":25299,"href":"https:\/\/sp1.zielonka.pl\/index.php\/wp-json\/wp\/v2\/pages\/277\/revisions\/25299"}],"up":[{"embeddable":true,"href":"https:\/\/sp1.zielonka.pl\/index.php\/wp-json\/wp\/v2\/pages\/39"}],"wp:attachment":[{"href":"https:\/\/sp1.zielonka.pl\/index.php\/wp-json\/wp\/v2\/media?parent=277"}],"curies":[{"name":"wp","href":"https:\/\/api.w.org\/{rel}","templated":true}]}}