{"id":275,"date":"2017-10-12T09:38:54","date_gmt":"2017-10-12T07:38:54","guid":{"rendered":"http:\/\/sp1.zielonka.pl\/sp1\/?page_id=275"},"modified":"2025-09-29T13:38:12","modified_gmt":"2025-09-29T11:38:12","slug":"kalendarz-roku-szkolnego","status":"publish","type":"page","link":"https:\/\/sp1.zielonka.pl\/index.php\/aktualnosci\/dla-rodzicow\/kalendarz-roku-szkolnego\/","title":{"rendered":"KALENDARZ ROKU SZKOLNEGO"},"content":{"rendered":"<p>Szko\u0142a Podstawowa Nr 1 im. Boles\u0142awa Prusa w Zielonce<\/p>\n<p style=\"text-align: center;\"><strong>KALENDARZ ROKU SZKOLNEGO 2025\/2026<\/strong><\/p>\n<p style=\"text-align: center;\">Rozpocz\u0119cie roku szkolnego<br \/>\n<strong><em>1 wrze\u015bnia 2025 r.<\/em><\/strong><\/p>\n<p style=\"text-align: center;\">\u00a0\u00a0 Zimowa przerwa \u015bwi\u0105teczna<br \/>\n<strong><em>22 grudnia 2025 r. &#8211; 1 stycznia 2026 r.<\/em><\/strong><\/p>\n<p style=\"text-align: center;\">Ferie zimowe<br \/>\n<strong><em>19 stycznia &#8211; 1 lutego 2026 r.<\/em><\/strong><\/p>\n<p style=\"text-align: center;\">Wiosenna przerwa \u015bwi\u0105teczna<br \/>\n<strong><em>2 &#8211; 7 kwietnia 2026 r.<\/em><\/strong><strong><em>\u00a0<\/em><\/strong><\/p>\n<p style=\"text-align: center;\">Egzamin \u00f3smoklasisty<br \/>\n<strong><em>\u00a0 \u00a0 \u00a0 \u00a0 \u00a0 \u00a0 \u00a0 \u00a0 \u00a0 \u00a0 \u00a0 \u00a0 \u00a011 &#8211; 13 maja 2026<\/em><\/strong><strong><em>\u00a0r.\u00a0 \u00a0 \u00a0 \u00a0 \u00a0 \u00a0 \u00a0 \u00a0 \u00a0 \u00a0 \u00a0 \u00a0 \u00a0 \u00a0\u00a0<\/em><\/strong><\/p>\n<p style=\"text-align: center;\">Zako\u0144czenie rocznych zaj\u0119\u0107 dydaktyczno-wychowawczych<br \/>\n<strong><em>26 czerwca 2026r.<\/em><\/strong><\/p>\n<p style=\"text-align: center;\">Ferie letnie<br \/>\n<strong><em>\u00a0<\/em><\/strong><strong><em>29 czerwca &#8211; 31 sierpnia 2026r.<\/em><\/strong><\/p>\n<p style=\"text-align: center;\"><em><strong><u>Dni dodatkowo wolne od zaj\u0119\u0107 dydaktyczno &#8211; wychowawczych<br \/>\nw roku szkolnym 2025\/2026\u00a0<\/u><\/strong><\/em><\/p>\n<p style=\"text-align: center;\">31 pa\u017adziernika 2025 roku (pi\u0105tek)<\/p>\n<p style=\"text-align: center;\">10 listopada 2025 roku (poniedzia\u0142ek)<\/p>\n<p style=\"text-align: center;\">2 i 5 stycznia 2026 roku (pi\u0105tek i poniedzia\u0142ek)<\/p>\n<p style=\"text-align: center;\">11 &#8211; 13 maja 2026 roku (poniedzia\u0142ek &#8211; \u015broda)<\/p>\n<p style=\"text-align: center;\">5 czerwca 2026 roku (pi\u0105tek)<\/p>\n<p style=\"text-align: center;\">\u00a0\u00a0\u00a0\u00a0\u00a0 \u00a0\u00a0\u00a0\u00a0\u00a0\u00a0<em><strong>\u00a0<u>Dni ustawowo wolne od pracy w roku szkolnym 2025\/2026<\/u><\/strong><\/em><\/p>\n<p style=\"text-align: center;\">11 listopada 2025 roku (wtorek)<\/p>\n<p style=\"text-align: center;\">6 stycznia 2026 roku (wtorek)<\/p>\n<p style=\"text-align: center;\">1 maja 2026 roku (pi\u0105tek)<\/p>\n<p style=\"text-align: center;\">4 czerwca 2026 roku (czwartek)<\/p>\n<p style=\"text-align: center;\">\n","protected":false},"excerpt":{"rendered":"<p>Szko\u0142a Podstawowa Nr 1 im. Boles\u0142awa Prusa w Zielonce KALENDARZ ROKU SZKOLNEGO 2025\/2026 Rozpocz\u0119cie roku szkolnego 1 wrze\u015bnia 2025 r. \u00a0\u00a0 Zimowa przerwa \u015bwi\u0105teczna 22 grudnia 2025 r. &#8211; 1 stycznia 2026 r. Ferie zimowe 19 stycznia &#8211; 1 lutego 2026 r. Wiosenna przerwa \u015bwi\u0105teczna 2 &#8211; 7 kwietnia 2026 r.\u00a0 Egzamin \u00f3smoklasisty \u00a0 \u00a0 [&hellip;]<\/p>\n","protected":false},"author":3,"featured_media":0,"parent":39,"menu_order":0,"comment_status":"closed","ping_status":"closed","template":"","meta":[],"_links":{"self":[{"href":"https:\/\/sp1.zielonka.pl\/index.php\/wp-json\/wp\/v2\/pages\/275"}],"collection":[{"href":"https:\/\/sp1.zielonka.pl\/index.php\/wp-json\/wp\/v2\/pages"}],"about":[{"href":"https:\/\/sp1.zielonka.pl\/index.php\/wp-json\/wp\/v2\/types\/page"}],"author":[{"embeddable":true,"href":"https:\/\/sp1.zielonka.pl\/index.php\/wp-json\/wp\/v2\/users\/3"}],"replies":[{"embeddable":true,"href":"https:\/\/sp1.zielonka.pl\/index.php\/wp-json\/wp\/v2\/comments?post=275"}],"version-history":[{"count":20,"href":"https:\/\/sp1.zielonka.pl\/index.php\/wp-json\/wp\/v2\/pages\/275\/revisions"}],"predecessor-version":[{"id":22556,"href":"https:\/\/sp1.zielonka.pl\/index.php\/wp-json\/wp\/v2\/pages\/275\/revisions\/22556"}],"up":[{"embeddable":true,"href":"https:\/\/sp1.zielonka.pl\/index.php\/wp-json\/wp\/v2\/pages\/39"}],"wp:attachment":[{"href":"https:\/\/sp1.zielonka.pl\/index.php\/wp-json\/wp\/v2\/media?parent=275"}],"curies":[{"name":"wp","href":"https:\/\/api.w.org\/{rel}","templated":true}]}}