{"id":253,"date":"2017-10-11T12:07:01","date_gmt":"2017-10-11T10:07:01","guid":{"rendered":"http:\/\/sp1.zielonka.pl\/sp1\/?page_id=253"},"modified":"2025-08-14T15:31:46","modified_gmt":"2025-08-14T13:31:46","slug":"wykaz-podrecznikow","status":"publish","type":"page","link":"https:\/\/sp1.zielonka.pl\/index.php\/aktualnosci\/dla-uczniow\/wykaz-podrecznikow\/","title":{"rendered":"WYKAZ PODR\u0118CZNIK\u00d3W"},"content":{"rendered":"<p><strong>Podr\u0119czniki i materia\u0142y \u0107wiczeniowe dla uczni\u00f3w klas 1-8 zapewnia szko\u0142a.<\/strong><br><strong>Rodzice we w\u0142asnym zakresie zakupuj\u0105 podr\u0119czniki do <u>religii<\/u>.<\/strong><\/p>\n<p><a href=\"http:\/\/sp1.zielonka.pl\/wp-content\/uploads\/2025\/08\/Wykaz-podrecznikow-25_26_strona.pdf\">Wykaz podr\u0119cznik\u00f3w 25_26<\/a><\/p>\n<p><a href=\"http:\/\/sp1.zielonka.pl\/wp-content\/uploads\/2025\/08\/Podreczniki-2025-2026_religia.pdf\">Podr\u0119czniki 2025-2026_religia<\/a><\/p>\n\n","protected":false},"excerpt":{"rendered":"<p>Podr\u0119czniki i materia\u0142y \u0107wiczeniowe dla uczni\u00f3w klas 1-8 zapewnia szko\u0142a.Rodzice we w\u0142asnym zakresie zakupuj\u0105 podr\u0119czniki do religii. Wykaz podr\u0119cznik\u00f3w 25_26 Podr\u0119czniki 2025-2026_religia<\/p>\n","protected":false},"author":1,"featured_media":0,"parent":26,"menu_order":0,"comment_status":"closed","ping_status":"closed","template":"","meta":[],"_links":{"self":[{"href":"https:\/\/sp1.zielonka.pl\/index.php\/wp-json\/wp\/v2\/pages\/253"}],"collection":[{"href":"https:\/\/sp1.zielonka.pl\/index.php\/wp-json\/wp\/v2\/pages"}],"about":[{"href":"https:\/\/sp1.zielonka.pl\/index.php\/wp-json\/wp\/v2\/types\/page"}],"author":[{"embeddable":true,"href":"https:\/\/sp1.zielonka.pl\/index.php\/wp-json\/wp\/v2\/users\/1"}],"replies":[{"embeddable":true,"href":"https:\/\/sp1.zielonka.pl\/index.php\/wp-json\/wp\/v2\/comments?post=253"}],"version-history":[{"count":16,"href":"https:\/\/sp1.zielonka.pl\/index.php\/wp-json\/wp\/v2\/pages\/253\/revisions"}],"predecessor-version":[{"id":22083,"href":"https:\/\/sp1.zielonka.pl\/index.php\/wp-json\/wp\/v2\/pages\/253\/revisions\/22083"}],"up":[{"embeddable":true,"href":"https:\/\/sp1.zielonka.pl\/index.php\/wp-json\/wp\/v2\/pages\/26"}],"wp:attachment":[{"href":"https:\/\/sp1.zielonka.pl\/index.php\/wp-json\/wp\/v2\/media?parent=253"}],"curies":[{"name":"wp","href":"https:\/\/api.w.org\/{rel}","templated":true}]}}