{"id":21,"date":"2017-10-10T10:41:00","date_gmt":"2017-10-10T08:41:00","guid":{"rendered":"http:\/\/sp1.zielonka.pl\/sp1\/?page_id=21"},"modified":"2017-10-10T10:43:14","modified_gmt":"2017-10-10T08:43:14","slug":"o-szkole","status":"publish","type":"page","link":"https:\/\/sp1.zielonka.pl\/index.php\/o-szkole\/","title":{"rendered":"O SZKOLE"},"content":{"rendered":"<p>1918 rok to nie tylko czas rozpadu Austro-W\u0119gier, upadku II Rzeszy niemieckiej i pogr\u0105\u017cenia si\u0119 Rosji w mrokach bolszewickiej rewolucji, ale przede wszystkim to czas wskrzeszania Polski po 123 latach niebytu. Z tym to okresem naszych dziej\u00f3w, czasem odrodzenia naszej pa\u0144stwowo\u015bci i towarzysz\u0105cemu tym wydarzeniom entuzjazmem zaanga\u017cowaniem, po\u015bwi\u0119ceniem ludzi na rzecz Niepodleg\u0142ej Polski nierozerwalnie zwi\u0105zywa\u0142y si\u0119 losy naszego miasta, naszej szko\u0142y. Jak \u0142atwo mo\u017cna stwierdzi\u0107 na podstawie istniej\u0105cych \u017ar\u00f3de\u0142 dzieje szko\u0142y w Zielonce si\u0119gaj\u0105 1918 roku i wywodz\u0105 si\u0119 z tzw. \u201eKomplet\u00f3w\u201d prowadzonych z pobudek patriotycznych w ramach prac spo\u0142ecznych przez najbardziej \u015bwiat\u0142ych mieszka\u0144c\u00f3w tej osady. Wraz z odzyskaniem niepodleg\u0142o\u015bci, z potrzeby chwili podj\u0119to z powodzeniem pr\u00f3b\u0119 powo\u0142ania plac\u00f3wki o\u015bwiatowej. Istniej\u0105ce \u201ekomplety\u201d przekszta\u0142cono w szko\u0142\u0119. Pierwsz\u0105 siedzib\u0105 jej sta\u0142o si\u0119 z inicjatywy kpt. Wac\u0142awa Olbrychta cz\u0119\u015b\u0107 jego prywatnego domu, dzi\u015b ju\u017c nie istniej\u0105cego przy ul. Mickiewicza 3.<\/p>\n","protected":false},"excerpt":{"rendered":"<p>1918 rok to nie tylko czas rozpadu Austro-W\u0119gier, upadku II Rzeszy niemieckiej i pogr\u0105\u017cenia si\u0119 Rosji w mrokach bolszewickiej rewolucji, ale przede wszystkim to czas wskrzeszania Polski po 123 latach niebytu. Z tym to okresem naszych dziej\u00f3w, czasem odrodzenia naszej pa\u0144stwowo\u015bci i towarzysz\u0105cemu tym wydarzeniom entuzjazmem zaanga\u017cowaniem, po\u015bwi\u0119ceniem ludzi na rzecz Niepodleg\u0142ej Polski nierozerwalnie zwi\u0105zywa\u0142y [&hellip;]<\/p>\n","protected":false},"author":1,"featured_media":0,"parent":0,"menu_order":0,"comment_status":"closed","ping_status":"closed","template":"","meta":{"footnotes":""},"class_list":["post-21","page","type-page","status-publish","hentry"],"_links":{"self":[{"href":"https:\/\/sp1.zielonka.pl\/index.php\/wp-json\/wp\/v2\/pages\/21","targetHints":{"allow":["GET"]}}],"collection":[{"href":"https:\/\/sp1.zielonka.pl\/index.php\/wp-json\/wp\/v2\/pages"}],"about":[{"href":"https:\/\/sp1.zielonka.pl\/index.php\/wp-json\/wp\/v2\/types\/page"}],"author":[{"embeddable":true,"href":"https:\/\/sp1.zielonka.pl\/index.php\/wp-json\/wp\/v2\/users\/1"}],"replies":[{"embeddable":true,"href":"https:\/\/sp1.zielonka.pl\/index.php\/wp-json\/wp\/v2\/comments?post=21"}],"version-history":[{"count":2,"href":"https:\/\/sp1.zielonka.pl\/index.php\/wp-json\/wp\/v2\/pages\/21\/revisions"}],"predecessor-version":[{"id":23,"href":"https:\/\/sp1.zielonka.pl\/index.php\/wp-json\/wp\/v2\/pages\/21\/revisions\/23"}],"wp:attachment":[{"href":"https:\/\/sp1.zielonka.pl\/index.php\/wp-json\/wp\/v2\/media?parent=21"}],"curies":[{"name":"wp","href":"https:\/\/api.w.org\/{rel}","templated":true}]}}