{"id":2048,"date":"2018-09-06T10:51:38","date_gmt":"2018-09-06T08:51:38","guid":{"rendered":"http:\/\/sp1.zielonka.pl\/sp1\/?page_id=2048"},"modified":"2019-10-31T12:06:20","modified_gmt":"2019-10-31T11:06:20","slug":"trening-w-sluchawkach-forbrain","status":"publish","type":"page","link":"https:\/\/sp1.zielonka.pl\/index.php\/trening-w-sluchawkach-forbrain\/","title":{"rendered":"Trening w s\u0142uchawkach Forbrain"},"content":{"rendered":"<p>Od pa\u017adziernika 2017 roku nasi uczniowie mog\u0105 korzysta\u0107 z nowej formy stymulacji za\u00a0 pomoc\u0105 s\u0142uchawek Forbrain.<\/p>\n<p>S\u0142uchawki z mikrofonem FORBRAIN\u00ae maj\u0105 wielofunkcyjne zastosowanie. Urz\u0105dzenie to wykorzystywane jest podczas zaj\u0119\u0107 logopedycznych, terapii pedagogicznej oraz terapii SI. Uczniowie u\u017cywaj\u0105 s\u0142uchawek podczas g\u0142o\u015bnego czytania, recytacji, \u0107wicze\u0144 artykulacji i spontanicznej rozmowy po kilkana\u015bcie minut dziennie przez kilka tygodni, co dzia\u0142a jak trening s\u0142uchowo-g\u0142osowy.<\/p>\n<p>&nbsp;<\/p>\n<p><img loading=\"lazy\" decoding=\"async\" class=\"alignnone wp-image-2049 aligncenter\" src=\"https:\/\/sp1.zielonka.pl\/wp-content\/uploads\/2018\/09\/s\u0142uchawki2-300x234.jpg\" alt=\"\" width=\"376\" height=\"293\" \/><\/p>\n<p>&nbsp;<\/p>\n<p>Filtr dynamiczny zastosowany w tym urz\u0105dzeniu koryguje d\u017awi\u0119k g\u0142osu i natychmiast przekazuje go z powrotem do nas <strong>przez przewodnictwo kostne, czyli za pomoc\u0105 drga\u0144 ko\u015bci czaszki <\/strong>z przodu, tu\u017c przy uchu. Przewodnictwo kostne pozwala s\u0142ysze\u0107 sw\u00f3j w\u0142asny\u00a0g\u0142os w bardzo wyra\u017any i naturalny spos\u00f3b. Takie przekazywanie d\u017awi\u0119ku dzia\u0142a 10 razy szybciej ni\u017c przekaz drog\u0105 powietrzn\u0105, a jego jako\u015b\u0107 jest du\u017co wy\u017csza.<br \/>\nZe wzgl\u0119du na wzmocnione przewodzenie d\u017awi\u0119ku drog\u0105 kostn\u0105 oraz efekt sprz\u0119\u017cenia zwrotnego trening w s\u0142uchawkach doskonale stymuluje:<\/p>\n<ul>\n<li>s\u0142uch i nadaj\u0105 si\u0119\u00a0 do\u00a0<strong>pracy logopedycznej \u2013 <\/strong>wzmacniana jest autokontrola i artykulacja, spowalniane jest tempo m\u00f3wienia niezb\u0119dne w terapii j\u0105kania, poprawia si\u0119 p\u0142ynno\u015b\u0107 mowy<\/li>\n<li>uk\u0142ad przedsionkowy\u00a0 u <strong>dzieci z zaburzeniami przetwarzania s\u0142uchowego oraz SI <\/strong><strong>&#8211; <\/strong>Forbrain oddzia\u0142uje jednocze\u015bnie na wszystkie elementy s\u0142uchowo-g\u0142osowego sprz\u0119\u017cenia zwotnego i zapewnia uk\u0142adowi nerwowemu\u00a0<strong>doskona\u0142y trening sensoryczny.<\/strong><\/li>\n<li>Ze wzgl\u0119du na przewodzenie kostne, kt\u00f3re reguluje prac\u0119 uk\u0142adu autonomicznego i wp\u0142ywa na poziom pobudzenia m\u00f3zgu &#8211; nadaje si\u0119 dla\u00a0<strong>os\u00f3b nadpobudliwych<\/strong><\/li>\n<li>Ze wzgl\u0119du na przewodzenie kostne i mechanizm sprz\u0119\u017cenia zwrotnego &#8211; zalecane jest dla os\u00f3b z\u00a0<strong>problemami z koncentracj\u0105 uwagi i pami\u0119ci\u0105.<\/strong><\/li>\n<li>Ze wzgl\u0119du na w\/w mechanizmy &#8211; wskazane jest dla dzieci\u00a0<strong>z dysleksj\u0105 gdy\u017c poprawia umiej\u0119tno\u015b\u0107<\/strong> czytania i pisania<\/li>\n<\/ul>\n<p><img loading=\"lazy\" decoding=\"async\" class=\"wp-image-2054 aligncenter\" src=\"https:\/\/sp1.zielonka.pl\/wp-content\/uploads\/2018\/09\/forbrain600-300x131.jpg\" alt=\"\" width=\"362\" height=\"158\" \/><img loading=\"lazy\" decoding=\"async\" class=\"size-medium wp-image-2055 aligncenter\" src=\"https:\/\/sp1.zielonka.pl\/wp-content\/uploads\/2018\/09\/images-300x50.jpg\" alt=\"\" width=\"300\" height=\"50\" \/><\/p>\n<p>&nbsp;<\/p>\n<p>Informacje na temat s\u0142uchawek i ich zastosowania zaczerpni\u0119to ze strony <u><a href=\"http:\/\/www.forbrain.com\">www.forbrain.com<\/a><\/u><\/p>\n<p>&nbsp;<\/p>\n<p><strong>Podzi\u0119kowanie Radzie Rodzic\u00f3w<\/strong><\/p>\n<p>Po raz kolejny bardzo serdecznie dzi\u0119kujemy Radzie Rodzic\u00f3w za ogromne wsparcie finansowe. W pa\u017adzierniku\u00a0 2017 po konsultacji z terapeutami Rada Rodzic\u00f3w wyposa\u017cy\u0142a gabinety w 4 pary s\u0142uchawek\u00a0 Forbrain. Zakupiony sprz\u0119t wykorzystujemy podczas zaj\u0119\u0107 logopedycznych, terapii pedagogicznej oraz terapii SI. Dzi\u0119ki wielkiemu zaanga\u017cowaniu rodzic\u00f3w nasi uczniowie mog\u0105 korzysta\u0107 z coraz szerszej oferty pomocy psychologiczno-pedagogicznej.<\/p>\n","protected":false},"excerpt":{"rendered":"<p>Od pa\u017adziernika 2017 roku nasi uczniowie mog\u0105 korzysta\u0107 z nowej formy stymulacji za\u00a0 pomoc\u0105 s\u0142uchawek Forbrain. S\u0142uchawki z mikrofonem FORBRAIN\u00ae maj\u0105 wielofunkcyjne zastosowanie. Urz\u0105dzenie to wykorzystywane jest podczas zaj\u0119\u0107 logopedycznych, terapii pedagogicznej oraz terapii SI. Uczniowie u\u017cywaj\u0105 s\u0142uchawek podczas g\u0142o\u015bnego czytania, recytacji, \u0107wicze\u0144 artykulacji i spontanicznej rozmowy po kilkana\u015bcie minut dziennie przez kilka tygodni, co [&hellip;]<\/p>\n","protected":false},"author":3,"featured_media":0,"parent":0,"menu_order":0,"comment_status":"closed","ping_status":"closed","template":"","meta":{"footnotes":""},"class_list":["post-2048","page","type-page","status-publish","hentry"],"_links":{"self":[{"href":"https:\/\/sp1.zielonka.pl\/index.php\/wp-json\/wp\/v2\/pages\/2048","targetHints":{"allow":["GET"]}}],"collection":[{"href":"https:\/\/sp1.zielonka.pl\/index.php\/wp-json\/wp\/v2\/pages"}],"about":[{"href":"https:\/\/sp1.zielonka.pl\/index.php\/wp-json\/wp\/v2\/types\/page"}],"author":[{"embeddable":true,"href":"https:\/\/sp1.zielonka.pl\/index.php\/wp-json\/wp\/v2\/users\/3"}],"replies":[{"embeddable":true,"href":"https:\/\/sp1.zielonka.pl\/index.php\/wp-json\/wp\/v2\/comments?post=2048"}],"version-history":[{"count":10,"href":"https:\/\/sp1.zielonka.pl\/index.php\/wp-json\/wp\/v2\/pages\/2048\/revisions"}],"predecessor-version":[{"id":4039,"href":"https:\/\/sp1.zielonka.pl\/index.php\/wp-json\/wp\/v2\/pages\/2048\/revisions\/4039"}],"wp:attachment":[{"href":"https:\/\/sp1.zielonka.pl\/index.php\/wp-json\/wp\/v2\/media?parent=2048"}],"curies":[{"name":"wp","href":"https:\/\/api.w.org\/{rel}","templated":true}]}}