{"id":2024,"date":"2018-09-06T09:38:51","date_gmt":"2018-09-06T07:38:51","guid":{"rendered":"http:\/\/sp1.zielonka.pl\/sp1\/?page_id=2024"},"modified":"2021-02-23T12:41:45","modified_gmt":"2021-02-23T11:41:45","slug":"terapia-integracji-sensorycznej","status":"publish","type":"page","link":"https:\/\/sp1.zielonka.pl\/index.php\/pomoc-psychologiczno-pedagogiczna\/zajecia-specjalistyczne\/terapia-integracji-sensorycznej\/","title":{"rendered":"Terapia integracji sensorycznej"},"content":{"rendered":"\n<div class=\"wp-block-media-text alignwide is-stacked-on-mobile\" style=\"grid-template-columns:52% auto\"><figure class=\"wp-block-media-text__media\"><a href=\"https:\/\/sp1.zielonka.pl\/index.php\/galeria\/gallery\/si\/\"><img loading=\"lazy\" decoding=\"async\" width=\"800\" height=\"369\" src=\"https:\/\/sp1.zielonka.pl\/wp-content\/uploads\/2020\/12\/si4.jpg\" alt=\"\" class=\"wp-image-6831 size-full\" srcset=\"https:\/\/sp1.zielonka.pl\/wp-content\/uploads\/2020\/12\/si4.jpg 800w, https:\/\/sp1.zielonka.pl\/wp-content\/uploads\/2020\/12\/si4-300x138.jpg 300w, https:\/\/sp1.zielonka.pl\/wp-content\/uploads\/2020\/12\/si4-768x354.jpg 768w, https:\/\/sp1.zielonka.pl\/wp-content\/uploads\/2020\/12\/si4-24x11.jpg 24w, https:\/\/sp1.zielonka.pl\/wp-content\/uploads\/2020\/12\/si4-36x17.jpg 36w, https:\/\/sp1.zielonka.pl\/wp-content\/uploads\/2020\/12\/si4-48x22.jpg 48w\" sizes=\"auto, (max-width: 800px) 100vw, 800px\" \/><\/a><\/figure><div class=\"wp-block-media-text__content\">\n<p class=\"has-normal-font-size\">Dziecko musi posiada\u0107 diagnoz\u0119 proces\u00f3w integracji sensorycznej ze wskazaniami do terapii. Diagnoz\u0119 rodzic sk\u0142ada w sekretariacie szko\u0142y lub u pedagoga szkolnego, gdzie jest rejestrowana. Nast\u0119pnie dokument jest przekazywany do terapeuty a dziecko wpisane na list\u0119 oczekuj\u0105cych.<\/p>\n<\/div><\/div>\n\n\n<p>Kilka s\u0142\u00f3w na temat integracji sensorycznej, zaburze\u0144 przetwarzania zmys\u0142owego oraz terapii<br \/><strong><em>Co to jest integracja sensoryczna?<br \/><\/em><\/strong>\u00a0 \u00a0 \u00a0 \u00a0 \u00a0 \u00a0Integracj\u0105 sensoryczn\u0105 najkr\u00f3cej mo\u017cna nazwa\u0107\u00a0 adekwatne przetwarzanie wra\u017ce\u0144 zmys\u0142owych czyli bod\u017ac\u00f3w docieraj\u0105cych do m\u00f3zgu. Prawid\u0142owo przebiegaj\u0105ce procesy sensoryczne s\u0105 podstaw\u0105 efektywnego uczenia si\u0119. Funkcje korowe mog\u0105 prawid\u0142owo si\u0119 rozwija\u0107 i funkcjonowa\u0107 jedynie na bazie zintegrowanej informacji z uk\u0142ad\u00f3w zmys\u0142owych. Od nich\u00a0 zale\u017cny jest rozw\u00f3j sprawno\u015bci sensorycznych takich jak koordynacja ruchowa, planowanie motoryczne, lateralizacja, w\u0142a\u015bciwe czucia cia\u0142a (schemat cia\u0142a), uwaga oraz r\u00f3wnowaga emocjonalna, kt\u00f3re s\u0105 niezb\u0119dne w procesie edukacyjnym. Stanowi\u0105 wi\u0119c podstaw\u0119 dla percepcji s\u0142uchowej, wzrokowej, mowy, umiej\u0119tno\u015bci czytania i pisania.<br \/>\u00a0 \u00a0 \u00a0 \u00a0 \u00a0 Deficyty integracji sensorycznej to zaburzenia w interpretacji bod\u017ac\u00f3w przez centralny uk\u0142ad nerwowy, objawiaj\u0105ce si\u0119 trudno\u015bciami w nabywaniu sprawno\u015bci fizycznej, samoobs\u0142udze, w opanowaniu technik szkolnych, problemach emocjonalnych (nadruchliwo\u015b\u0107, labilno\u015b\u0107 nastroj\u00f3w). Deficyty integracji sensorycznej na og\u00f3\u0142 nie ust\u0119puj\u0105 samoistnie dlatego wa\u017cne jest aby podejmowa\u0107 odpowiednie dzia\u0142ania terapeutyczne niweluj\u0105ce lub minimalizuj\u0105ce skutki zaburze\u0144.<br \/>\u00a0 \u00a0 \u00a0 \u00a0 \u00a0Istot\u0105<strong> Terapii Integracji Sensorycznej<\/strong> <strong>(<\/strong>opracowanej przez J.Ayres<strong> ) <\/strong>jest stymulacja podstawowych system\u00f3w zmys\u0142owych tj. przedsionkowego (zmys\u0142 ruchu i r\u00f3wnowagi), proprioceptywnego (zmys\u0142 czucia g\u0142\u0119bokiego) i czuciowego (zmys\u0142 dotyku). Oddzia\u0142ywania terapeutyczne maj\u0105 na celu rozwijanie prawid\u0142owego odbioru bod\u017ac\u00f3w docieraj\u0105cych do m\u00f3zgu poprzez zmys\u0142y: wzrok, s\u0142uch, dotyk, smak, w\u0119ch oraz r\u00f3wnowagi.<br \/>\u00a0 \u00a0 \u00a0 \u00a0 \u00a0Terapia prowadzona jest w sali wyposa\u017conej w odpowiednie przyrz\u0105dy i pomoce do stymulacji podstawowych system\u00f3w sensorycznych.<\/p>\n<p>\u00a0<\/p>","protected":false},"excerpt":{"rendered":"<p>Dziecko musi posiada\u0107 diagnoz\u0119 proces\u00f3w integracji sensorycznej ze wskazaniami do terapii. Diagnoz\u0119 rodzic sk\u0142ada w sekretariacie szko\u0142y lub u pedagoga szkolnego, gdzie jest rejestrowana. Nast\u0119pnie dokument jest przekazywany do terapeuty a dziecko wpisane na list\u0119 oczekuj\u0105cych. Kilka s\u0142\u00f3w na temat integracji sensorycznej, zaburze\u0144 przetwarzania zmys\u0142owego oraz terapiiCo to jest integracja sensoryczna?\u00a0 \u00a0 \u00a0 \u00a0 \u00a0 [&hellip;]<\/p>\n","protected":false},"author":3,"featured_media":0,"parent":1008,"menu_order":0,"comment_status":"closed","ping_status":"closed","template":"","meta":{"footnotes":""},"class_list":["post-2024","page","type-page","status-publish","hentry"],"_links":{"self":[{"href":"https:\/\/sp1.zielonka.pl\/index.php\/wp-json\/wp\/v2\/pages\/2024","targetHints":{"allow":["GET"]}}],"collection":[{"href":"https:\/\/sp1.zielonka.pl\/index.php\/wp-json\/wp\/v2\/pages"}],"about":[{"href":"https:\/\/sp1.zielonka.pl\/index.php\/wp-json\/wp\/v2\/types\/page"}],"author":[{"embeddable":true,"href":"https:\/\/sp1.zielonka.pl\/index.php\/wp-json\/wp\/v2\/users\/3"}],"replies":[{"embeddable":true,"href":"https:\/\/sp1.zielonka.pl\/index.php\/wp-json\/wp\/v2\/comments?post=2024"}],"version-history":[{"count":11,"href":"https:\/\/sp1.zielonka.pl\/index.php\/wp-json\/wp\/v2\/pages\/2024\/revisions"}],"predecessor-version":[{"id":6874,"href":"https:\/\/sp1.zielonka.pl\/index.php\/wp-json\/wp\/v2\/pages\/2024\/revisions\/6874"}],"up":[{"embeddable":true,"href":"https:\/\/sp1.zielonka.pl\/index.php\/wp-json\/wp\/v2\/pages\/1008"}],"wp:attachment":[{"href":"https:\/\/sp1.zielonka.pl\/index.php\/wp-json\/wp\/v2\/media?parent=2024"}],"curies":[{"name":"wp","href":"https:\/\/api.w.org\/{rel}","templated":true}]}}