{"id":2019,"date":"2018-09-06T09:31:41","date_gmt":"2018-09-06T07:31:41","guid":{"rendered":"http:\/\/sp1.zielonka.pl\/sp1\/?page_id=2019"},"modified":"2018-09-06T09:31:41","modified_gmt":"2018-09-06T07:31:41","slug":"zajecia-logopedyczne","status":"publish","type":"page","link":"https:\/\/sp1.zielonka.pl\/index.php\/pomoc-psychologiczno-pedagogiczna\/zajecia-specjalistyczne\/zajecia-logopedyczne\/","title":{"rendered":"Zaj\u0119cia logopedyczne"},"content":{"rendered":"<p>Logopedia zajmuje si\u0119 kszta\u0142towaniem mowy, zapobieganiem zaburzeniom mowy i ich usuwaniem. Rozw\u00f3j mowy, opanowanie systemu j\u0119zykowego i poziom \u015bwiadomo\u015bci fonologicznej dziecka stanowi baz\u0119 do podj\u0119cia nauki szkolnej dlatego na progu szko\u0142y konieczne jest wyr\u00f3wnywanie szans edukacyjnych w tym zakresie poprzez dzia\u0142ania terapeutyczne.<\/p>\n<p>&nbsp;<\/p>\n<p>W naszej szkole opiek\u0105 logopedyczn\u0105 obj\u0119te s\u0105 dzieci ucz\u0119szczaj\u0105ce do grupy przedszkolnej oraz uczniowie klas 1-8.<\/p>\n<p><strong>\u00a0<\/strong><\/p>\n<p><strong>G\u0142\u00f3wnym celem <\/strong>terapii jest niwelowanie wad artykulacyjnych a co za tym idzie lepsze funkcjonowanie dziecka w sytuacji szkolnej poprzez:<br \/>\n\u2022 usprawnienie motoryki narz\u0105d\u00f3w artykulacyjnych oraz ich w\u0142a\u015bciw\u0105 koordynacja,<br \/>\n\u2022 tworzenie sytuacji sprzyjaj\u0105cych spontanicznemu wypowiadaniu si\u0119,<br \/>\n\u2022 zach\u0119canie dziecka do udzia\u0142u w rozmowie kierowanej, tematycznej,<br \/>\n\u2022 wzbogacanie s\u0142ownictwa, reedukacja od strony gramatycznej mowy,<br \/>\n\u2022 przezwyci\u0119\u017canie trudno\u015bci artykulacyjnych,<br \/>\n\u2022 zdobycie nowych do\u015bwiadcze\u0144 werbalnych,<br \/>\n\u2022 utrwalanie prawid\u0142owej wymowy g\u0142osek,<\/p>\n<p>Wa\u017cnym elementem\u00a0\u00a0 terapii logopedycznej s\u0105 <strong>\u0107wiczenia s\u0142uchowe: kszta\u0142cenie umiej\u0119tno\u015bci analizy i syntezy s\u0142uchowej.<\/strong><\/p>\n<p>Sprawne funkcjonowanie analizatora s\u0142uchowego jest jednym z warunk\u00f3w opanowania umiej\u0119tno\u015bci czytania i pisania. Umiej\u0119tno\u015b\u0107 r\u00f3\u017cnicowania d\u017awi\u0119k\u00f3w mowy ludzkiej okre\u015bla si\u0119 mianem s\u0142uchu fonematycznego.<\/p>\n<p>Cel \u0107wicze\u0144 s\u0142uchowych, usprawniaj\u0105cych funkcje analizatora s\u0142uchowego:<br \/>\n\u2022 wyrabianie wra\u017cliwo\u015bci s\u0142uchowej,<br \/>\n\u2022 nabywanie umiej\u0119tno\u015bci rozpoznawania, por\u00f3wnywania i na\u015bladowania d\u017awi\u0119k\u00f3w,<br \/>\n\u2022 nabywanie umiej\u0119tno\u015bci r\u00f3\u017cnicowania cz\u0119\u015bci wyraz\u00f3w,<br \/>\n\u2022 nabycie umiej\u0119tno\u015bci dokonywania syntezy wyraz\u00f3w,<br \/>\n\u2022 koncentrowanie uwagi s\u0142uchowej na d\u017awi\u0119kach, kt\u00f3re nale\u017cy rozpozna\u0107,<br \/>\n\u2022 kszta\u0142cenie my\u015blenia, spostrzegawczo\u015bci,<br \/>\n\u2022 rozumienie bardziej skomplikowanych polece\u0144 s\u0142ownych,<br \/>\n\u2022 rozpoznawanie okre\u015blonych schemat\u00f3w rytmicznych.<\/p>\n<p>&nbsp;<\/p>\n<p>Podczas zaj\u0119\u0107 logopedycznych uczniowie korzystaj\u0105 ze s\u0142uchawek Forbrain, kt\u00f3re s\u0105 doskona\u0142ym treningiem s\u0142uchowym.<\/p>\n","protected":false},"excerpt":{"rendered":"<p>Logopedia zajmuje si\u0119 kszta\u0142towaniem mowy, zapobieganiem zaburzeniom mowy i ich usuwaniem. Rozw\u00f3j mowy, opanowanie systemu j\u0119zykowego i poziom \u015bwiadomo\u015bci fonologicznej dziecka stanowi baz\u0119 do podj\u0119cia nauki szkolnej dlatego na progu szko\u0142y konieczne jest wyr\u00f3wnywanie szans edukacyjnych w tym zakresie poprzez dzia\u0142ania terapeutyczne. &nbsp; W naszej szkole opiek\u0105 logopedyczn\u0105 obj\u0119te s\u0105 dzieci ucz\u0119szczaj\u0105ce do grupy przedszkolnej [&hellip;]<\/p>\n","protected":false},"author":3,"featured_media":0,"parent":1008,"menu_order":0,"comment_status":"closed","ping_status":"closed","template":"","meta":{"footnotes":""},"class_list":["post-2019","page","type-page","status-publish","hentry"],"_links":{"self":[{"href":"https:\/\/sp1.zielonka.pl\/index.php\/wp-json\/wp\/v2\/pages\/2019","targetHints":{"allow":["GET"]}}],"collection":[{"href":"https:\/\/sp1.zielonka.pl\/index.php\/wp-json\/wp\/v2\/pages"}],"about":[{"href":"https:\/\/sp1.zielonka.pl\/index.php\/wp-json\/wp\/v2\/types\/page"}],"author":[{"embeddable":true,"href":"https:\/\/sp1.zielonka.pl\/index.php\/wp-json\/wp\/v2\/users\/3"}],"replies":[{"embeddable":true,"href":"https:\/\/sp1.zielonka.pl\/index.php\/wp-json\/wp\/v2\/comments?post=2019"}],"version-history":[{"count":1,"href":"https:\/\/sp1.zielonka.pl\/index.php\/wp-json\/wp\/v2\/pages\/2019\/revisions"}],"predecessor-version":[{"id":2021,"href":"https:\/\/sp1.zielonka.pl\/index.php\/wp-json\/wp\/v2\/pages\/2019\/revisions\/2021"}],"up":[{"embeddable":true,"href":"https:\/\/sp1.zielonka.pl\/index.php\/wp-json\/wp\/v2\/pages\/1008"}],"wp:attachment":[{"href":"https:\/\/sp1.zielonka.pl\/index.php\/wp-json\/wp\/v2\/media?parent=2019"}],"curies":[{"name":"wp","href":"https:\/\/api.w.org\/{rel}","templated":true}]}}