{"id":2016,"date":"2018-09-06T09:29:19","date_gmt":"2018-09-06T07:29:19","guid":{"rendered":"http:\/\/sp1.zielonka.pl\/sp1\/?page_id=2016"},"modified":"2021-02-24T20:35:18","modified_gmt":"2021-02-24T19:35:18","slug":"terapia-pedagogiczna","status":"publish","type":"page","link":"https:\/\/sp1.zielonka.pl\/index.php\/pomoc-psychologiczno-pedagogiczna\/zajecia-specjalistyczne\/terapia-pedagogiczna\/","title":{"rendered":"Terapia pedagogiczna"},"content":{"rendered":"<p>Zaj\u0119cia korekcyjno-kompensacyjne to zaj\u0119cia, kt\u00f3re usprawniaj\u0105 podstawowe funkcje niezb\u0119dne w nauce czytania i pisania. Do tych funkcji nale\u017c\u0105: funkcje s\u0142uchowe, wzrokowe, grafomotoryczne, koordynacja wzrokowo-ruchowa.<br \/>\nZ zaj\u0119\u0107 korzystaj\u0105 uczniowie, kt\u00f3rzy posiadaj\u0105 zalecenia w opinii psychologiczno-pedagogicznej.<br \/>\nNa zaj\u0119ciach dzieci \u0107wicz\u0105 czytanie ze zrozumieniem, ortografi\u0119, pami\u0119\u0107 wzrokow\u0105<br \/>\ni s\u0142uchow\u0105 oraz wiele innych umiej\u0119tno\u015bci.<\/p>\n","protected":false},"excerpt":{"rendered":"<p>Zaj\u0119cia korekcyjno-kompensacyjne to zaj\u0119cia, kt\u00f3re usprawniaj\u0105 podstawowe funkcje niezb\u0119dne w nauce czytania i pisania. Do tych funkcji nale\u017c\u0105: funkcje s\u0142uchowe, wzrokowe, grafomotoryczne, koordynacja wzrokowo-ruchowa. Z zaj\u0119\u0107 korzystaj\u0105 uczniowie, kt\u00f3rzy posiadaj\u0105 zalecenia w opinii psychologiczno-pedagogicznej. Na zaj\u0119ciach dzieci \u0107wicz\u0105 czytanie ze zrozumieniem, ortografi\u0119, pami\u0119\u0107 wzrokow\u0105 i s\u0142uchow\u0105 oraz wiele innych umiej\u0119tno\u015bci.<\/p>\n","protected":false},"author":3,"featured_media":0,"parent":1008,"menu_order":0,"comment_status":"closed","ping_status":"closed","template":"","meta":{"footnotes":""},"class_list":["post-2016","page","type-page","status-publish","hentry"],"_links":{"self":[{"href":"https:\/\/sp1.zielonka.pl\/index.php\/wp-json\/wp\/v2\/pages\/2016","targetHints":{"allow":["GET"]}}],"collection":[{"href":"https:\/\/sp1.zielonka.pl\/index.php\/wp-json\/wp\/v2\/pages"}],"about":[{"href":"https:\/\/sp1.zielonka.pl\/index.php\/wp-json\/wp\/v2\/types\/page"}],"author":[{"embeddable":true,"href":"https:\/\/sp1.zielonka.pl\/index.php\/wp-json\/wp\/v2\/users\/3"}],"replies":[{"embeddable":true,"href":"https:\/\/sp1.zielonka.pl\/index.php\/wp-json\/wp\/v2\/comments?post=2016"}],"version-history":[{"count":1,"href":"https:\/\/sp1.zielonka.pl\/index.php\/wp-json\/wp\/v2\/pages\/2016\/revisions"}],"predecessor-version":[{"id":2017,"href":"https:\/\/sp1.zielonka.pl\/index.php\/wp-json\/wp\/v2\/pages\/2016\/revisions\/2017"}],"up":[{"embeddable":true,"href":"https:\/\/sp1.zielonka.pl\/index.php\/wp-json\/wp\/v2\/pages\/1008"}],"wp:attachment":[{"href":"https:\/\/sp1.zielonka.pl\/index.php\/wp-json\/wp\/v2\/media?parent=2016"}],"curies":[{"name":"wp","href":"https:\/\/api.w.org\/{rel}","templated":true}]}}