{"id":16812,"date":"2024-04-12T13:07:55","date_gmt":"2024-04-12T11:07:55","guid":{"rendered":"http:\/\/sp1.zielonka.pl\/?page_id=16812"},"modified":"2025-10-16T20:01:04","modified_gmt":"2025-10-16T18:01:04","slug":"szkolny-klub-mediacji","status":"publish","type":"page","link":"https:\/\/sp1.zielonka.pl\/index.php\/szkolny-klub-mediacji\/","title":{"rendered":"Szkolny Klub Mediacji"},"content":{"rendered":"\n<hr class=\"wp-block-separator\"\/>\n\n\n\n<p><img loading=\"lazy\" decoding=\"async\" class=\"wp-image-22875 alignleft\" src=\"https:\/\/sp1.zielonka.pl\/wp-content\/uploads\/2025\/10\/Logo.jpg\" alt=\"\" width=\"210\" height=\"203\" srcset=\"https:\/\/sp1.zielonka.pl\/wp-content\/uploads\/2025\/10\/Logo.jpg 851w, https:\/\/sp1.zielonka.pl\/wp-content\/uploads\/2025\/10\/Logo-300x290.jpg 300w, https:\/\/sp1.zielonka.pl\/wp-content\/uploads\/2025\/10\/Logo-768x743.jpg 768w, https:\/\/sp1.zielonka.pl\/wp-content\/uploads\/2025\/10\/Logo-24x24.jpg 24w, https:\/\/sp1.zielonka.pl\/wp-content\/uploads\/2025\/10\/Logo-36x36.jpg 36w, https:\/\/sp1.zielonka.pl\/wp-content\/uploads\/2025\/10\/Logo-48x46.jpg 48w\" sizes=\"auto, (max-width: 210px) 100vw, 210px\" \/> <img loading=\"lazy\" decoding=\"async\" class=\"alignnone  wp-image-22876\" src=\"https:\/\/sp1.zielonka.pl\/wp-content\/uploads\/2025\/10\/Szkolny-Klub-Mediacji-1.png\" alt=\"\" width=\"228\" height=\"191\" srcset=\"https:\/\/sp1.zielonka.pl\/wp-content\/uploads\/2025\/10\/Szkolny-Klub-Mediacji-1.png 940w, https:\/\/sp1.zielonka.pl\/wp-content\/uploads\/2025\/10\/Szkolny-Klub-Mediacji-1-300x251.png 300w, https:\/\/sp1.zielonka.pl\/wp-content\/uploads\/2025\/10\/Szkolny-Klub-Mediacji-1-768x644.png 768w, https:\/\/sp1.zielonka.pl\/wp-content\/uploads\/2025\/10\/Szkolny-Klub-Mediacji-1-24x20.png 24w, https:\/\/sp1.zielonka.pl\/wp-content\/uploads\/2025\/10\/Szkolny-Klub-Mediacji-1-36x30.png 36w, https:\/\/sp1.zielonka.pl\/wp-content\/uploads\/2025\/10\/Szkolny-Klub-Mediacji-1-48x40.png 48w\" sizes=\"auto, (max-width: 228px) 100vw, 228px\" \/><\/p>\n<p>W Mi\u0119dzynarodowym Dniu Mediacji przypominamy o dzia\u0142aj\u0105cym w naszej szkole Klubie Mediacji &#8211; zapraszamy ch\u0119tnych uczni\u00f3w, kt\u00f3rym pasuje termin na spotkania szkoleniowe we \u015brody w godz. 13.40-14.25 w s.10. Najbli\u017csze spotkanie &#8211; 29 pa\u017adziernika. Pozosta\u0142ym zaproponujemy dodatkowy termin (informacja u psychologa szkolnego). Wszystkich uczni\u00f3w, nauczycieli i rodzic\u00f3w prosimy o zg\u0142aszanie ch\u0119ci skorzystania z pomocy w rozwi\u0105zaniu sporu, konfliktu, nieporozumienia. Zapewniamy przeszkolonych mediator\u00f3w, przyjazn\u0105 atmosfer\u0119, wsparcie w wyja\u015bnieniu \u017ar\u00f3d\u0142a konfliktu i w osi\u0105gni\u0119ciu porozumienia.<\/p>\n<p style=\"text-align: right;\">Do zobaczenia na mediacjach!<\/p>\n<p>&nbsp;<\/p>\n<p>MEDIACJE<br><strong><em>Co to jest mediacja?<br><\/em><\/strong>Mediacja to alternatywny spos\u00f3b rozwi\u0105zywania spor\u00f3w czy konflikt\u00f3w, pr\u00f3ba doprowadzenia do ugodowego, satysfakcjonuj\u0105cego strony rozwi\u0105zania. Mediacje s\u0105 dobrowolne, prowadzone przy udziale osoby trzeciej \u2013 mediatora, kt\u00f3ry wspiera przebieg negocjacji, \u0142agodzi powstaj\u0105ce napi\u0119cia i pomaga doj\u015b\u0107 do porozumienia.<br><em><strong>Rodzaje mediacji.<br><\/strong><\/em>Mediacje dotycz\u0105 r\u00f3\u017cnych sfer \u017cycia i dzielimy je na:<\/p>\n<ul>\n<li>rodzinne<\/li>\n<li>gospodarcze<\/li>\n<li>pracownicze<\/li>\n<li>karne<\/li>\n<li>cywilne<\/li>\n<li>szkolne, o\u015bwiatowe i r\u00f3wie\u015bnicze<br><br><em style=\"font-size: revert; color: initial;\"><strong>Jak przebiegaj\u0105 mediacje?<\/strong><\/em><\/li>\n<\/ul>\n<ul>\n<li>Pierwszym etapem mediacji s\u0105 indywidualne spotkania mediatora osobno z ka\u017cd\u0105 ze skonfliktowanych stron w celu om\u00f3wienia zasad i regu\u0142 ca\u0142ego procesu, celu i korzy\u015bci, ustalenia przedmiotu sporu, punktu widzenia stron, ich oczekiwa\u0144, potrzeb i warunk\u00f3w rozwi\u0105zania konfliktu.<\/li>\n<li>Kolejny etap to wsp\u00f3lne spotkania obu stron z udzia\u0142em mediatora lub za jego po\u015brednictwem, w tym tak\u017ce on-line.<\/li>\n<li>Mediacje ko\u0144cz\u0105 si\u0119 podpisaniem ugody, kt\u00f3ra ma moc prawn\u0105 (jest zatwierdzana przez s\u0105d).<\/li>\n<\/ul>\n<p><em><strong>Jak\u0105 rol\u0119 odgrywa mediator?<\/strong><\/em><\/p>\n<p>Mediator jest osob\u0105 fachowo przygotowan\u0105, bezstronn\u0105, neutraln\u0105 (nie narzuca, nie sugeruje), niezale\u017cn\u0105, umiej\u0119tnie buduj\u0105c\u0105 atmosfer\u0119 koncentracji na problemie, zrozumieniu wsp\u00f3lnych interes\u00f3w. Mediator zarz\u0105dza rozmowami, wspiera w kierunku wypracowania ugody. Pomaga prze\u0142ama\u0107 bariery blokuj\u0105ce porozumienie. Traktuje strony r\u00f3wnorz\u0119dnie. <br>Szko\u0142a jest \u015brodowiskiem, w kt\u00f3rym tak\u017ce pojawiaj\u0105 si\u0119 konflikty. Tradycyjnie s\u0105 one rozstrzygane przez autorytety (nauczyciel, wychowawca, dyrektor, pedagog\/psycholog szkolny). Mediacje natomiast wzbogacaj\u0105 umiej\u0119tno\u015b\u0107 radzenia sobie z sytuacjami konfliktowymi, wzmacniaj\u0105 podmiotowo\u015b\u0107, szacunek do drugiego cz\u0142owieka. Ich zalet\u0105 jest konstruktywny dialog, wsp\u00f3\u0142praca, wsp\u00f3lne szukanie rozwi\u0105za\u0144, \u015bwiadome podj\u0119cie odpowiedzialno\u015bci za wypracowane porozumienie. Sprzyjaj\u0105 budowaniu relacji nawet w sytuacji sporu. Pozwalaj\u0105 na zako\u0144czenie konfliktu bez si\u0119gania po \u015brodki prawne (policja, s\u0105d, Rzecznik Praw Dziecka, organ prowadz\u0105cy, nadzoruj\u0105cy szko\u0142\u0119).<\/p>\n<p>Wi\u0119cej informacji na temat mediacji r\u00f3wie\u015bniczych:<\/p>\n<p><a href=\"https:\/\/mediator.org.pl\/o-mediacji\/mediacje-rowniesnicze\/\">https:\/\/mediator.org.pl\/o-mediacji\/mediacje-rowniesnicze\/<\/a><\/p>\n<p>Opracowano na podstawie:<\/p>\n<p><a href=\"http:\/\/www.gov.pl\">www.gov.pl<\/a><\/p>\n<p><a href=\"http:\/\/www.mediator.org.pl\">www.mediator.org.pl<\/a><\/p>\n<p>\u201eStandardy mediacji r\u00f3wie\u015bniczej i szkolnej w szko\u0142ach i innych palc\u00f3wkach o\u015bwiatowych\u201d (Rzecznik Praw Dziecka) <a href=\"http:\/\/www.legnica.sr.gov.pl\">www.legnica.sr.gov.pl<\/a><\/p>\n\n\n\n<hr class=\"wp-block-separator\"\/>\n\n\n\n<p>\u00a0<\/p>\n<p>\u00a0<\/p>\n<hr \/>\n<p><a href=\"https:\/\/sp1.zielonka.pl\/wp-content\/uploads\/2024\/05\/Regulamin-SKM.pdf\">Regulamin SKM<\/a><\/p>\n<p><strong>Podstawowe informacje na temat mediacji:<\/strong><\/p>\n<p><a href=\"https:\/\/sp1.zielonka.pl\/wp-content\/uploads\/2024\/05\/Po-co-szkole-mediacja.pdf\">Po co szkole mediacja<\/a><\/p>\n<p><a href=\"https:\/\/sp1.zielonka.pl\/wp-content\/uploads\/2024\/05\/Slowniczek.pdf\">S\u0142owniczek<\/a><\/p>\n<p><a href=\"https:\/\/sp1.zielonka.pl\/wp-content\/uploads\/2024\/05\/Sprawy-do-mediacji.pdf\">Sprawy do mediacji<\/a><\/p>\n<p><a href=\"https:\/\/sp1.zielonka.pl\/wp-content\/uploads\/2024\/05\/Zalety-mediacji.pdf\">Zalety mediacji<\/a><\/p>\n<p><a href=\"https:\/\/sp1.zielonka.pl\/wp-content\/uploads\/2024\/05\/Zasady-mediacji.pdf\">Zasady mediacji<\/a><\/p>\n<p><strong>Materia\u0142y dla rodzic\u00f3w:<\/strong><\/p>\n<p><a href=\"https:\/\/sp1.zielonka.pl\/wp-content\/uploads\/2024\/05\/Prezentacja-dla-rodzicow-KOMUNIKACJA.pdf\">Prezentacja dla rodzic\u00f3w KOMUNIKACJA<\/a><\/p>\n<p><a href=\"https:\/\/sp1.zielonka.pl\/wp-content\/uploads\/2024\/05\/Prezentacja-dla-rodzicow-KONFLIKT.pdf\">Prezentacja dla rodzic\u00f3w KONFLIKT<\/a><\/p>\n<p><a href=\"https:\/\/sp1.zielonka.pl\/wp-content\/uploads\/2024\/05\/Prezentacja-dla-rodzicow-WYRAZANIE-POTRZEB-I-EMOCJI.pdf\">Prezentacja dla rodzic\u00f3w WYRA\u017bANIE POTRZEB I EMOCJI<\/a><\/p>\n\n\n\n<div class=\"wp-block-media-text alignwide is-stacked-on-mobile\"><figure class=\"wp-block-media-text__media\"><a href=\"https:\/\/sp1.zielonka.pl\/index.php\/galeria\/gallery\/mediacje\/\"><img decoding=\"async\" src=\"https:\/\/sp1.zielonka.pl\/wp-content\/uploads\/2024\/06\/12-czerwca-1.jpg\" alt=\"\" class=\"wp-image-17563 size-full\"\/><\/a><\/figure><div class=\"wp-block-media-text__content\">\n<p>12 czerwca Szkolny Klub Mediacj<\/p>\n\n\n\n<p class=\"has-small-font-size\">Na ostatnich w tym roku szkolnym zaj\u0119ciach podsumowali\u015bmy nasz\u0105 wiedz\u0119 i umiej\u0119tno\u015bci mediacyjne &#8211; by\u0142 quiz i kolejna symulacja rozwi\u0105zania sporu uczniowskiego. Na dalsze spotkania czekamy do wrze\u015bnia a wszystkim \u017cyczymy wakacji bez konflikt\u00f3w, a je\u017celi nawet takie si\u0119 pojawi\u0105 &#8211; jeste\u015bmy przygotowani ?<\/p>\n<\/div><\/div>\n\n\n\n<div class=\"wp-block-media-text alignwide has-media-on-the-right is-stacked-on-mobile\" style=\"grid-template-columns:auto 31%\"><figure class=\"wp-block-media-text__media\"><img loading=\"lazy\" decoding=\"async\" width=\"640\" height=\"360\" src=\"https:\/\/sp1.zielonka.pl\/wp-content\/uploads\/2024\/05\/Mediacje-22-maja.jpg\" alt=\"\" class=\"wp-image-17328 size-full\" srcset=\"https:\/\/sp1.zielonka.pl\/wp-content\/uploads\/2024\/05\/Mediacje-22-maja.jpg 640w, https:\/\/sp1.zielonka.pl\/wp-content\/uploads\/2024\/05\/Mediacje-22-maja-300x169.jpg 300w, https:\/\/sp1.zielonka.pl\/wp-content\/uploads\/2024\/05\/Mediacje-22-maja-24x14.jpg 24w, https:\/\/sp1.zielonka.pl\/wp-content\/uploads\/2024\/05\/Mediacje-22-maja-36x20.jpg 36w, https:\/\/sp1.zielonka.pl\/wp-content\/uploads\/2024\/05\/Mediacje-22-maja-48x27.jpg 48w\" sizes=\"auto, (max-width: 640px) 100vw, 640px\" \/><\/figure><div class=\"wp-block-media-text__content\">\n<p class=\"has-small-font-size\">22 maja &#8211; kolejna porcja solidnego treningu mediacyjnego. \u0106wiczyli\u015bmy rozwi\u0105zywanie trudnych sytuacji, kt\u00f3re uczniowie znaj\u0105 ze swojego codziennego szkolnego i pozaszkolnego \u017cycia.<\/p>\n<\/div><\/div>\n\n\n\n<div class=\"wp-block-media-text alignwide is-stacked-on-mobile\" style=\"grid-template-columns:17% auto\"><figure class=\"wp-block-media-text__media\"><img loading=\"lazy\" decoding=\"async\" width=\"576\" height=\"1024\" src=\"https:\/\/sp1.zielonka.pl\/wp-content\/uploads\/2024\/05\/Mediacje-8-maja-2-576x1024.jpg\" alt=\"\" class=\"wp-image-17186 size-full\" srcset=\"https:\/\/sp1.zielonka.pl\/wp-content\/uploads\/2024\/05\/Mediacje-8-maja-2-576x1024.jpg 576w, https:\/\/sp1.zielonka.pl\/wp-content\/uploads\/2024\/05\/Mediacje-8-maja-2-169x300.jpg 169w, https:\/\/sp1.zielonka.pl\/wp-content\/uploads\/2024\/05\/Mediacje-8-maja-2-768x1365.jpg 768w, https:\/\/sp1.zielonka.pl\/wp-content\/uploads\/2024\/05\/Mediacje-8-maja-2-864x1536.jpg 864w, https:\/\/sp1.zielonka.pl\/wp-content\/uploads\/2024\/05\/Mediacje-8-maja-2-1152x2048.jpg 1152w, https:\/\/sp1.zielonka.pl\/wp-content\/uploads\/2024\/05\/Mediacje-8-maja-2-14x24.jpg 14w, https:\/\/sp1.zielonka.pl\/wp-content\/uploads\/2024\/05\/Mediacje-8-maja-2-20x36.jpg 20w, https:\/\/sp1.zielonka.pl\/wp-content\/uploads\/2024\/05\/Mediacje-8-maja-2-27x48.jpg 27w, https:\/\/sp1.zielonka.pl\/wp-content\/uploads\/2024\/05\/Mediacje-8-maja-2-scaled.jpg 1440w\" sizes=\"auto, (max-width: 576px) 100vw, 576px\" \/><\/figure><div class=\"wp-block-media-text__content\">\n<p>8 maja &#8211; Szkolny Klub Mediacji<\/p>\n\n\n\n<p class=\"has-small-font-size\">W ramach szkolenia \u0107wiczyli\u015bmy mediacj\u0119 w celu rozwi\u0105zania sporu mi\u0119dzy dwiema uczennicami. Konflikt dotyczy\u0142 \u015bci\u0105gania przez jedn\u0105 z nich na sprawdzianie. Spraw\u0119 do mediacji skierowa\u0142 nauczyciel, mediator przedstawi\u0142 zasady, cel i przebieg rozmowy, wspiera\u0142 komunikacj\u0119 i d\u0105\u017cenie do porozumienia, a co najwa\u017cniejsze obie strony znalaz\u0142y dobre dla nich rozwi\u0105zanie, co potwierdza podpisana ugoda. Gratulujemy! ?<\/p>\n<\/div><\/div>\n\n\n\n<figure class=\"wp-block-image size-full\"><img loading=\"lazy\" decoding=\"async\" width=\"800\" height=\"450\" src=\"https:\/\/sp1.zielonka.pl\/wp-content\/uploads\/2024\/05\/Mediacje-8-maja-1-1.jpg\" alt=\"\" class=\"wp-image-17188\" srcset=\"https:\/\/sp1.zielonka.pl\/wp-content\/uploads\/2024\/05\/Mediacje-8-maja-1-1.jpg 800w, https:\/\/sp1.zielonka.pl\/wp-content\/uploads\/2024\/05\/Mediacje-8-maja-1-1-300x169.jpg 300w, https:\/\/sp1.zielonka.pl\/wp-content\/uploads\/2024\/05\/Mediacje-8-maja-1-1-768x432.jpg 768w, https:\/\/sp1.zielonka.pl\/wp-content\/uploads\/2024\/05\/Mediacje-8-maja-1-1-24x14.jpg 24w, https:\/\/sp1.zielonka.pl\/wp-content\/uploads\/2024\/05\/Mediacje-8-maja-1-1-36x20.jpg 36w, https:\/\/sp1.zielonka.pl\/wp-content\/uploads\/2024\/05\/Mediacje-8-maja-1-1-48x27.jpg 48w\" sizes=\"auto, (max-width: 800px) 100vw, 800px\" \/><\/figure>\n\n\n\n<figure class=\"wp-block-gallery has-nested-images columns-default is-cropped wp-block-gallery-1 is-layout-flex wp-block-gallery-is-layout-flex\">\n<figure class=\"wp-block-image size-large\"><img loading=\"lazy\" decoding=\"async\" width=\"620\" height=\"600\" data-id=\"16968\" src=\"https:\/\/sp1.zielonka.pl\/wp-content\/uploads\/2024\/04\/Antoni-Tarajda-logo.jpg\" alt=\"\" class=\"wp-image-16968\" srcset=\"https:\/\/sp1.zielonka.pl\/wp-content\/uploads\/2024\/04\/Antoni-Tarajda-logo.jpg 620w, https:\/\/sp1.zielonka.pl\/wp-content\/uploads\/2024\/04\/Antoni-Tarajda-logo-300x290.jpg 300w, https:\/\/sp1.zielonka.pl\/wp-content\/uploads\/2024\/04\/Antoni-Tarajda-logo-24x24.jpg 24w, https:\/\/sp1.zielonka.pl\/wp-content\/uploads\/2024\/04\/Antoni-Tarajda-logo-36x36.jpg 36w, https:\/\/sp1.zielonka.pl\/wp-content\/uploads\/2024\/04\/Antoni-Tarajda-logo-48x46.jpg 48w\" sizes=\"auto, (max-width: 620px) 100vw, 620px\" \/><figcaption>Antoni Tarajda<\/figcaption><\/figure>\n\n\n\n<figure class=\"wp-block-image size-large\"><img loading=\"lazy\" decoding=\"async\" width=\"566\" height=\"800\" data-id=\"16965\" src=\"https:\/\/sp1.zielonka.pl\/wp-content\/uploads\/2024\/04\/Antoni-Tarajda-1-1.jpg\" alt=\"\" class=\"wp-image-16965\" srcset=\"https:\/\/sp1.zielonka.pl\/wp-content\/uploads\/2024\/04\/Antoni-Tarajda-1-1.jpg 566w, https:\/\/sp1.zielonka.pl\/wp-content\/uploads\/2024\/04\/Antoni-Tarajda-1-1-212x300.jpg 212w, https:\/\/sp1.zielonka.pl\/wp-content\/uploads\/2024\/04\/Antoni-Tarajda-1-1-17x24.jpg 17w, https:\/\/sp1.zielonka.pl\/wp-content\/uploads\/2024\/04\/Antoni-Tarajda-1-1-25x36.jpg 25w, https:\/\/sp1.zielonka.pl\/wp-content\/uploads\/2024\/04\/Antoni-Tarajda-1-1-34x48.jpg 34w\" sizes=\"auto, (max-width: 566px) 100vw, 566px\" \/><\/figure>\n\n\n\n<figure class=\"wp-block-image size-large\"><img loading=\"lazy\" decoding=\"async\" width=\"600\" height=\"719\" data-id=\"16966\" src=\"https:\/\/sp1.zielonka.pl\/wp-content\/uploads\/2024\/04\/Dominik-Trebicki.jpg\" alt=\"\" class=\"wp-image-16966\" srcset=\"https:\/\/sp1.zielonka.pl\/wp-content\/uploads\/2024\/04\/Dominik-Trebicki.jpg 600w, https:\/\/sp1.zielonka.pl\/wp-content\/uploads\/2024\/04\/Dominik-Trebicki-250x300.jpg 250w, https:\/\/sp1.zielonka.pl\/wp-content\/uploads\/2024\/04\/Dominik-Trebicki-20x24.jpg 20w, https:\/\/sp1.zielonka.pl\/wp-content\/uploads\/2024\/04\/Dominik-Trebicki-30x36.jpg 30w, https:\/\/sp1.zielonka.pl\/wp-content\/uploads\/2024\/04\/Dominik-Trebicki-40x48.jpg 40w\" sizes=\"auto, (max-width: 600px) 100vw, 600px\" \/><figcaption>Dominik Tr\u0119bicki<\/figcaption><\/figure>\n\n\n\n<figure class=\"wp-block-image size-large\"><img loading=\"lazy\" decoding=\"async\" width=\"800\" height=\"450\" data-id=\"16969\" src=\"https:\/\/sp1.zielonka.pl\/wp-content\/uploads\/2024\/04\/Laura-Kepczynska-rotated.jpg\" alt=\"\" class=\"wp-image-16969\" srcset=\"https:\/\/sp1.zielonka.pl\/wp-content\/uploads\/2024\/04\/Laura-Kepczynska-rotated.jpg 800w, https:\/\/sp1.zielonka.pl\/wp-content\/uploads\/2024\/04\/Laura-Kepczynska-300x169.jpg 300w, https:\/\/sp1.zielonka.pl\/wp-content\/uploads\/2024\/04\/Laura-Kepczynska-768x432.jpg 768w, https:\/\/sp1.zielonka.pl\/wp-content\/uploads\/2024\/04\/Laura-Kepczynska-24x14.jpg 24w, https:\/\/sp1.zielonka.pl\/wp-content\/uploads\/2024\/04\/Laura-Kepczynska-36x20.jpg 36w, https:\/\/sp1.zielonka.pl\/wp-content\/uploads\/2024\/04\/Laura-Kepczynska-48x27.jpg 48w\" sizes=\"auto, (max-width: 800px) 100vw, 800px\" \/><figcaption>Laura K\u0119pczy\u0144ska<\/figcaption><\/figure>\n\n\n\n<figure class=\"wp-block-image size-large\"><img loading=\"lazy\" decoding=\"async\" width=\"600\" height=\"600\" data-id=\"16967\" src=\"https:\/\/sp1.zielonka.pl\/wp-content\/uploads\/2024\/04\/Maria-Gawerek.png\" alt=\"\" class=\"wp-image-16967\" srcset=\"https:\/\/sp1.zielonka.pl\/wp-content\/uploads\/2024\/04\/Maria-Gawerek.png 600w, https:\/\/sp1.zielonka.pl\/wp-content\/uploads\/2024\/04\/Maria-Gawerek-300x300.png 300w, https:\/\/sp1.zielonka.pl\/wp-content\/uploads\/2024\/04\/Maria-Gawerek-150x150.png 150w, https:\/\/sp1.zielonka.pl\/wp-content\/uploads\/2024\/04\/Maria-Gawerek-24x24.png 24w, https:\/\/sp1.zielonka.pl\/wp-content\/uploads\/2024\/04\/Maria-Gawerek-36x36.png 36w, https:\/\/sp1.zielonka.pl\/wp-content\/uploads\/2024\/04\/Maria-Gawerek-48x48.png 48w\" sizes=\"auto, (max-width: 600px) 100vw, 600px\" \/><figcaption>Maria Gawerek<\/figcaption><\/figure>\n<figcaption class=\"blocks-gallery-caption\">Prace konkursowe na logo Szkolnego Klubu Medjacji<\/figcaption><\/figure>\n\n\n\n<p><\/p>\n\n\n\n<figure class=\"wp-block-gallery has-nested-images columns-default is-cropped wp-block-gallery-2 is-layout-flex wp-block-gallery-is-layout-flex\">\n<figure class=\"wp-block-image size-large\"><img loading=\"lazy\" decoding=\"async\" width=\"800\" height=\"600\" data-id=\"16861\" src=\"https:\/\/sp1.zielonka.pl\/wp-content\/uploads\/2024\/04\/17-kwietnia-1.jpg\" alt=\"\" class=\"wp-image-16861\" srcset=\"https:\/\/sp1.zielonka.pl\/wp-content\/uploads\/2024\/04\/17-kwietnia-1.jpg 800w, https:\/\/sp1.zielonka.pl\/wp-content\/uploads\/2024\/04\/17-kwietnia-1-300x225.jpg 300w, https:\/\/sp1.zielonka.pl\/wp-content\/uploads\/2024\/04\/17-kwietnia-1-768x576.jpg 768w, https:\/\/sp1.zielonka.pl\/wp-content\/uploads\/2024\/04\/17-kwietnia-1-24x18.jpg 24w, https:\/\/sp1.zielonka.pl\/wp-content\/uploads\/2024\/04\/17-kwietnia-1-36x27.jpg 36w, https:\/\/sp1.zielonka.pl\/wp-content\/uploads\/2024\/04\/17-kwietnia-1-48x36.jpg 48w\" sizes=\"auto, (max-width: 800px) 100vw, 800px\" \/><\/figure>\n\n\n\n<figure class=\"wp-block-image size-large\"><img loading=\"lazy\" decoding=\"async\" width=\"800\" height=\"600\" data-id=\"16862\" src=\"https:\/\/sp1.zielonka.pl\/wp-content\/uploads\/2024\/04\/17-kwietnia-2.jpg\" alt=\"\" class=\"wp-image-16862\" srcset=\"https:\/\/sp1.zielonka.pl\/wp-content\/uploads\/2024\/04\/17-kwietnia-2.jpg 800w, https:\/\/sp1.zielonka.pl\/wp-content\/uploads\/2024\/04\/17-kwietnia-2-300x225.jpg 300w, https:\/\/sp1.zielonka.pl\/wp-content\/uploads\/2024\/04\/17-kwietnia-2-768x576.jpg 768w, https:\/\/sp1.zielonka.pl\/wp-content\/uploads\/2024\/04\/17-kwietnia-2-24x18.jpg 24w, https:\/\/sp1.zielonka.pl\/wp-content\/uploads\/2024\/04\/17-kwietnia-2-36x27.jpg 36w, https:\/\/sp1.zielonka.pl\/wp-content\/uploads\/2024\/04\/17-kwietnia-2-48x36.jpg 48w\" sizes=\"auto, (max-width: 800px) 100vw, 800px\" \/><\/figure>\n<figcaption class=\"blocks-gallery-caption\">Tym razem zaj\u0119li\u015bmy si\u0119 formalno\u015bciami i dokumentacj\u0105 &#8211; wiemy ju\u017c, jak zg\u0142osi\u0107 spraw\u0119 do mediacji, jak napisa\u0107 sprawozdanie i ugod\u0119. \u0106wiczyli\u015bmy te\u017c rozwi\u0105zanie kolejnego konfliktu mi\u0119dzy uczniami &#8211; przyszli mediatorzy bardzo aktywnie wcielili si\u0119 w swoje role ?<\/figcaption><\/figure>\n\n\n\n<figure class=\"wp-block-gallery has-nested-images columns-default is-cropped wp-block-gallery-3 is-layout-flex wp-block-gallery-is-layout-flex\">\n<figure class=\"wp-block-image size-large\"><img loading=\"lazy\" decoding=\"async\" width=\"800\" height=\"450\" data-id=\"16813\" src=\"https:\/\/sp1.zielonka.pl\/wp-content\/uploads\/2024\/04\/Mediacje-10-kwietnia-1.jpg\" alt=\"\" class=\"wp-image-16813\" srcset=\"https:\/\/sp1.zielonka.pl\/wp-content\/uploads\/2024\/04\/Mediacje-10-kwietnia-1.jpg 800w, https:\/\/sp1.zielonka.pl\/wp-content\/uploads\/2024\/04\/Mediacje-10-kwietnia-1-300x169.jpg 300w, https:\/\/sp1.zielonka.pl\/wp-content\/uploads\/2024\/04\/Mediacje-10-kwietnia-1-768x432.jpg 768w, https:\/\/sp1.zielonka.pl\/wp-content\/uploads\/2024\/04\/Mediacje-10-kwietnia-1-24x14.jpg 24w, https:\/\/sp1.zielonka.pl\/wp-content\/uploads\/2024\/04\/Mediacje-10-kwietnia-1-36x20.jpg 36w, https:\/\/sp1.zielonka.pl\/wp-content\/uploads\/2024\/04\/Mediacje-10-kwietnia-1-48x27.jpg 48w\" sizes=\"auto, (max-width: 800px) 100vw, 800px\" \/><\/figure>\n\n\n\n<figure class=\"wp-block-image size-large\"><img loading=\"lazy\" decoding=\"async\" width=\"800\" height=\"450\" data-id=\"16814\" src=\"https:\/\/sp1.zielonka.pl\/wp-content\/uploads\/2024\/04\/Mediacje-10-kwietnia-2.jpg\" alt=\"\" class=\"wp-image-16814\" srcset=\"https:\/\/sp1.zielonka.pl\/wp-content\/uploads\/2024\/04\/Mediacje-10-kwietnia-2.jpg 800w, https:\/\/sp1.zielonka.pl\/wp-content\/uploads\/2024\/04\/Mediacje-10-kwietnia-2-300x169.jpg 300w, https:\/\/sp1.zielonka.pl\/wp-content\/uploads\/2024\/04\/Mediacje-10-kwietnia-2-768x432.jpg 768w, https:\/\/sp1.zielonka.pl\/wp-content\/uploads\/2024\/04\/Mediacje-10-kwietnia-2-24x14.jpg 24w, https:\/\/sp1.zielonka.pl\/wp-content\/uploads\/2024\/04\/Mediacje-10-kwietnia-2-36x20.jpg 36w, https:\/\/sp1.zielonka.pl\/wp-content\/uploads\/2024\/04\/Mediacje-10-kwietnia-2-48x27.jpg 48w\" sizes=\"auto, (max-width: 800px) 100vw, 800px\" \/><\/figure>\n<figcaption class=\"blocks-gallery-caption\">Szkolny Klub Mediacji &#8211;&nbsp; szczeg\u00f3\u0142owo poznali\u015bmy etapy i przebieg mediacji. Ju\u017c wiemy, jak mediator mo\u017ce zaproponowa\u0107 mediacj\u0119, jak wyja\u015bni\u0107 jej cel i zasady, jak pokierowa\u0107 rozmow\u0105 i jak doprowadzi\u0107 do ustalenia wsp\u00f3lnego rozwi\u0105zania. Obejrzeli\u015bmy film oraz przeprowadzili\u015bmy symulacj\u0119 sytuacji konfliktowej i pr\u00f3by jej rozwi\u0105zania \ud83d\ude42<\/figcaption><\/figure>\n","protected":false},"excerpt":{"rendered":"<p>W Mi\u0119dzynarodowym Dniu Mediacji przypominamy o dzia\u0142aj\u0105cym w naszej szkole Klubie Mediacji &#8211; zapraszamy ch\u0119tnych uczni\u00f3w, kt\u00f3rym pasuje termin na spotkania szkoleniowe we \u015brody w godz. 13.40-14.25 w s.10. Najbli\u017csze spotkanie &#8211; 29 pa\u017adziernika. Pozosta\u0142ym zaproponujemy dodatkowy termin (informacja u psychologa szkolnego). Wszystkich uczni\u00f3w, nauczycieli i rodzic\u00f3w prosimy o zg\u0142aszanie ch\u0119ci skorzystania z pomocy w [&hellip;]<\/p>\n","protected":false},"author":4,"featured_media":0,"parent":0,"menu_order":0,"comment_status":"closed","ping_status":"closed","template":"","meta":{"footnotes":""},"class_list":["post-16812","page","type-page","status-publish","hentry"],"_links":{"self":[{"href":"https:\/\/sp1.zielonka.pl\/index.php\/wp-json\/wp\/v2\/pages\/16812","targetHints":{"allow":["GET"]}}],"collection":[{"href":"https:\/\/sp1.zielonka.pl\/index.php\/wp-json\/wp\/v2\/pages"}],"about":[{"href":"https:\/\/sp1.zielonka.pl\/index.php\/wp-json\/wp\/v2\/types\/page"}],"author":[{"embeddable":true,"href":"https:\/\/sp1.zielonka.pl\/index.php\/wp-json\/wp\/v2\/users\/4"}],"replies":[{"embeddable":true,"href":"https:\/\/sp1.zielonka.pl\/index.php\/wp-json\/wp\/v2\/comments?post=16812"}],"version-history":[{"count":11,"href":"https:\/\/sp1.zielonka.pl\/index.php\/wp-json\/wp\/v2\/pages\/16812\/revisions"}],"predecessor-version":[{"id":22878,"href":"https:\/\/sp1.zielonka.pl\/index.php\/wp-json\/wp\/v2\/pages\/16812\/revisions\/22878"}],"wp:attachment":[{"href":"https:\/\/sp1.zielonka.pl\/index.php\/wp-json\/wp\/v2\/media?parent=16812"}],"curies":[{"name":"wp","href":"https:\/\/api.w.org\/{rel}","templated":true}]}}