{"id":1008,"date":"2018-02-08T12:04:55","date_gmt":"2018-02-08T11:04:55","guid":{"rendered":"http:\/\/sp1.zielonka.pl\/sp1\/?page_id=1008"},"modified":"2021-02-28T21:27:57","modified_gmt":"2021-02-28T20:27:57","slug":"zajecia-specjalistyczne","status":"publish","type":"page","link":"https:\/\/sp1.zielonka.pl\/index.php\/pomoc-psychologiczno-pedagogiczna\/zajecia-specjalistyczne\/","title":{"rendered":"Zaj\u0119cia specjalistyczne"},"content":{"rendered":"<ul>\n<li><a href=\"https:\/\/sp1.zielonka.pl\/index.php\/pomoc-psychologiczno-pedagogiczna\/zajecia-specjalistyczne\/terapia-pedagogiczna\/\">terapia pedagogiczna<\/a><\/li>\n<li><a href=\"https:\/\/sp1.zielonka.pl\/index.php\/pomoc-psychologiczno-pedagogiczna\/zajecia-specjalistyczne\/zajecia-logopedyczne\/\">zaj\u0119cia logopedyczne<\/a><\/li>\n<li><a href=\"https:\/\/sp1.zielonka.pl\/index.php\/terapia-integracji-sensorycznej\/\">terapia integracji sensorycznej<\/a><\/li>\n<li><a href=\"https:\/\/sp1.zielonka.pl\/index.php\/pomoc-psychologiczno-pedagogiczna\/zajecia-specjalistyczne\/terapia-reki\/\">terapia r\u0119ki<\/a><\/li>\n<li><a href=\"https:\/\/sp1.zielonka.pl\/index.php\/trening-w-sluchawkach-forbrain\/\">trening w s\u0142uchawkach Forbrain<\/a><\/li>\n<\/ul>\n\n","protected":false},"excerpt":{"rendered":"<p>terapia pedagogiczna zaj\u0119cia logopedyczne terapia integracji sensorycznej terapia r\u0119ki trening w s\u0142uchawkach Forbrain<\/p>\n","protected":false},"author":3,"featured_media":0,"parent":990,"menu_order":0,"comment_status":"closed","ping_status":"closed","template":"","meta":{"footnotes":""},"class_list":["post-1008","page","type-page","status-publish","hentry"],"_links":{"self":[{"href":"https:\/\/sp1.zielonka.pl\/index.php\/wp-json\/wp\/v2\/pages\/1008","targetHints":{"allow":["GET"]}}],"collection":[{"href":"https:\/\/sp1.zielonka.pl\/index.php\/wp-json\/wp\/v2\/pages"}],"about":[{"href":"https:\/\/sp1.zielonka.pl\/index.php\/wp-json\/wp\/v2\/types\/page"}],"author":[{"embeddable":true,"href":"https:\/\/sp1.zielonka.pl\/index.php\/wp-json\/wp\/v2\/users\/3"}],"replies":[{"embeddable":true,"href":"https:\/\/sp1.zielonka.pl\/index.php\/wp-json\/wp\/v2\/comments?post=1008"}],"version-history":[{"count":12,"href":"https:\/\/sp1.zielonka.pl\/index.php\/wp-json\/wp\/v2\/pages\/1008\/revisions"}],"predecessor-version":[{"id":6971,"href":"https:\/\/sp1.zielonka.pl\/index.php\/wp-json\/wp\/v2\/pages\/1008\/revisions\/6971"}],"up":[{"embeddable":true,"href":"https:\/\/sp1.zielonka.pl\/index.php\/wp-json\/wp\/v2\/pages\/990"}],"wp:attachment":[{"href":"https:\/\/sp1.zielonka.pl\/index.php\/wp-json\/wp\/v2\/media?parent=1008"}],"curies":[{"name":"wp","href":"https:\/\/api.w.org\/{rel}","templated":true}]}}