{"id":6967,"date":"2021-02-26T16:28:13","date_gmt":"2021-02-26T15:28:13","guid":{"rendered":"http:\/\/sp1.zielonka.pl\/?page_id=6967"},"modified":"2021-02-26T16:28:13","modified_gmt":"2021-02-26T15:28:13","slug":"zajecia-korekcyjno-kompensacyjne","status":"publish","type":"page","link":"http:\/\/sp1.zielonka.pl\/index.php\/pomoc-psychologiczno-pedagogiczna\/zajecia-korekcyjno-kompensacyjne\/","title":{"rendered":"Zaj\u0119cia korekcyjno-kompensacyjne"},"content":{"rendered":"\n<p>G\u0142\u00f3wny cel zaj\u0119\u0107 korekcyjno-kompensacyjnych to pomoc dziecku w przezwyci\u0119\u017caniu trudno\u015bci i umo\u017cliwienie mu prawid\u0142owego funkcjonowania w zespole klasowym oraz osi\u0105gania pozytywnych wynik\u00f3w szkolnych. Celem jest tak\u017ce stworzenie dziecku mo\u017cliwo\u015bci rozwoju umys\u0142owego, spo\u0142ecznego oraz emocjonalnego. A tak\u017ce zbudowanie u dziecka odpowiedniej samooceny.<\/p>\n<p>Wielu rodzic\u00f3w uwa\u017ca, \u017ce zaj\u0119cia korekcyjno-kompensacyjne s\u0105 tym samym co zaj\u0119cia wyr\u00f3wnawcze. Rozr\u00f3\u017cnienie tych dw\u00f3ch rodzaj\u00f3w zaj\u0119\u0107 jest kluczowe. Zaj\u0119cia wyr\u00f3wnawcze s\u0105 w\u0142a\u015bciwe wtedy, gdy dziecko ma zaleg\u0142o\u015bci z wiadomo\u015bci z konkretnego przedmiotu. Natomiast, gdy dziecko ma trudno\u015bci z prawid\u0142owym uczeniem si\u0119, wtedy zastosowanie maj\u0105 zaj\u0119cia korekcyjno-kompensacyjne.<\/p>\n<p>Zaj\u0119cia obejmuj\u0105:<\/p>\n<ul>\n<li>usprawnianie proces\u00f3w psychomotorycznych wa\u017cnych w opanowaniu umiej\u0119tno\u015bci czytania, pisania i liczenia m.in. uwaga, pami\u0119\u0107, spostrzeganie, logiczne my\u015blenie,<\/li>\n<li>\u0107wiczenia zaburzonych lub op\u00f3\u017anionych funkcji analizatora s\u0142uchowego, wzrokowego, kinestetyczno-ruchowego.<\/li>\n<li>\u0107wiczenia koordynacji wzrokowo-ruchowej, koncentracji uwagi<\/li>\n<li>\u0107wiczenia ortograficzne<\/li>\n<li>rozbudzanie motywacji u dzieci<\/li>\n<li>budowanie w\u0142a\u015bciwej samooceny<\/li>\n<li>odzia\u0142ywanie psychoterapeutyczne, wyciszaj\u0105ce a jednocze\u015bnie aktywizuj\u0105ce dzieci<\/li>\n<\/ul>\n","protected":false},"excerpt":{"rendered":"<p>G\u0142\u00f3wny cel zaj\u0119\u0107 korekcyjno-kompensacyjnych to pomoc dziecku w przezwyci\u0119\u017caniu trudno\u015bci i umo\u017cliwienie mu prawid\u0142owego funkcjonowania w zespole klasowym oraz osi\u0105gania pozytywnych wynik\u00f3w szkolnych. Celem jest tak\u017ce stworzenie dziecku mo\u017cliwo\u015bci rozwoju umys\u0142owego, spo\u0142ecznego oraz emocjonalnego. A tak\u017ce zbudowanie u dziecka odpowiedniej samooceny. Wielu rodzic\u00f3w uwa\u017ca, \u017ce zaj\u0119cia korekcyjno-kompensacyjne s\u0105 tym samym co zaj\u0119cia wyr\u00f3wnawcze. Rozr\u00f3\u017cnienie tych [&hellip;]<\/p>\n","protected":false},"author":3,"featured_media":0,"parent":990,"menu_order":0,"comment_status":"closed","ping_status":"closed","template":"","meta":[],"_links":{"self":[{"href":"http:\/\/sp1.zielonka.pl\/index.php\/wp-json\/wp\/v2\/pages\/6967"}],"collection":[{"href":"http:\/\/sp1.zielonka.pl\/index.php\/wp-json\/wp\/v2\/pages"}],"about":[{"href":"http:\/\/sp1.zielonka.pl\/index.php\/wp-json\/wp\/v2\/types\/page"}],"author":[{"embeddable":true,"href":"http:\/\/sp1.zielonka.pl\/index.php\/wp-json\/wp\/v2\/users\/3"}],"replies":[{"embeddable":true,"href":"http:\/\/sp1.zielonka.pl\/index.php\/wp-json\/wp\/v2\/comments?post=6967"}],"version-history":[{"count":1,"href":"http:\/\/sp1.zielonka.pl\/index.php\/wp-json\/wp\/v2\/pages\/6967\/revisions"}],"predecessor-version":[{"id":6968,"href":"http:\/\/sp1.zielonka.pl\/index.php\/wp-json\/wp\/v2\/pages\/6967\/revisions\/6968"}],"up":[{"embeddable":true,"href":"http:\/\/sp1.zielonka.pl\/index.php\/wp-json\/wp\/v2\/pages\/990"}],"wp:attachment":[{"href":"http:\/\/sp1.zielonka.pl\/index.php\/wp-json\/wp\/v2\/media?parent=6967"}],"curies":[{"name":"wp","href":"https:\/\/api.w.org\/{rel}","templated":true}]}}