{"id":5007,"date":"2020-03-12T16:01:39","date_gmt":"2020-03-12T15:01:39","guid":{"rendered":"http:\/\/sp1.zielonka.pl\/?page_id=5007"},"modified":"2024-09-09T19:52:15","modified_gmt":"2024-09-09T17:52:15","slug":"chemia","status":"publish","type":"page","link":"http:\/\/sp1.zielonka.pl\/index.php\/chemia\/","title":{"rendered":"Chemia"},"content":{"rendered":"<p>Kliknij \u017ceby wr\u00f3ci\u0107 do <a href=\"http:\/\/sp1.zielonka.pl\/index.php\/wymagania-na-poszczegolne-oceny\/\">listy przedmiot\u00f3w<\/a><\/p>\n\n\n<p><a href=\"http:\/\/sp1.zielonka.pl\/wp-content\/uploads\/2024\/09\/Chem_SP_Chemiabeztajemnic_Kl7_wymagania_edukacyjne_Podstawa2024.pdf\">Chem_SP_Chemiabeztajemnic_Kl7_wymagania_edukacyjne_Podstawa2024<\/a> <br \/><a href=\"http:\/\/sp1.zielonka.pl\/wp-content\/uploads\/2024\/09\/Chemia_SP_Chemibeztajemnic_Kl8_wymagania_edukacyjnez-chemii_2024.pdf\">Chemia_SP_Chemibeztajemnic_Kl8_wymagania_edukacyjnez chemii_2024<\/a><\/p>\n","protected":false},"excerpt":{"rendered":"<p>Kliknij \u017ceby wr\u00f3ci\u0107 do listy przedmiot\u00f3w Chem_SP_Chemiabeztajemnic_Kl7_wymagania_edukacyjne_Podstawa2024 Chemia_SP_Chemibeztajemnic_Kl8_wymagania_edukacyjnez chemii_2024<\/p>\n","protected":false},"author":3,"featured_media":0,"parent":0,"menu_order":0,"comment_status":"closed","ping_status":"closed","template":"","meta":[],"_links":{"self":[{"href":"http:\/\/sp1.zielonka.pl\/index.php\/wp-json\/wp\/v2\/pages\/5007"}],"collection":[{"href":"http:\/\/sp1.zielonka.pl\/index.php\/wp-json\/wp\/v2\/pages"}],"about":[{"href":"http:\/\/sp1.zielonka.pl\/index.php\/wp-json\/wp\/v2\/types\/page"}],"author":[{"embeddable":true,"href":"http:\/\/sp1.zielonka.pl\/index.php\/wp-json\/wp\/v2\/users\/3"}],"replies":[{"embeddable":true,"href":"http:\/\/sp1.zielonka.pl\/index.php\/wp-json\/wp\/v2\/comments?post=5007"}],"version-history":[{"count":23,"href":"http:\/\/sp1.zielonka.pl\/index.php\/wp-json\/wp\/v2\/pages\/5007\/revisions"}],"predecessor-version":[{"id":17987,"href":"http:\/\/sp1.zielonka.pl\/index.php\/wp-json\/wp\/v2\/pages\/5007\/revisions\/17987"}],"wp:attachment":[{"href":"http:\/\/sp1.zielonka.pl\/index.php\/wp-json\/wp\/v2\/media?parent=5007"}],"curies":[{"name":"wp","href":"https:\/\/api.w.org\/{rel}","templated":true}]}}