{"id":5005,"date":"2020-03-12T16:01:30","date_gmt":"2020-03-12T15:01:30","guid":{"rendered":"http:\/\/sp1.zielonka.pl\/?page_id=5005"},"modified":"2024-09-08T13:39:13","modified_gmt":"2024-09-08T11:39:13","slug":"matematyka","status":"publish","type":"page","link":"http:\/\/sp1.zielonka.pl\/index.php\/matematyka\/","title":{"rendered":"Matematyka"},"content":{"rendered":"\n<p><a href=\"http:\/\/sp1.zielonka.pl\/wp-content\/uploads\/2024\/09\/Katalog_wymagan_2024_matematyka-_klasa_4.pdf\">Katalog_wymaga\u0144_2024_matematyka _klasa_4<\/a> <br \/><a href=\"http:\/\/sp1.zielonka.pl\/wp-content\/uploads\/2024\/09\/Katalog_wymagan_2024_matematyka_klasa_5.pdf\">Katalog_wymaga\u0144_2024_matematyka_klasa_5<\/a> <br \/><a href=\"http:\/\/sp1.zielonka.pl\/wp-content\/uploads\/2023\/09\/matematyka-klasa-6.pdf\">Wymagania matematyka klasa 6<\/a> <br \/><a href=\"http:\/\/sp1.zielonka.pl\/wp-content\/uploads\/2023\/09\/Wymagania_matematyka_klasa_7.pdf\">Wymagania_matematyka_klasa_7<\/a> <br \/><a href=\"http:\/\/sp1.zielonka.pl\/wp-content\/uploads\/2024\/09\/Katalog_wymagan_2024_matematyka_klasa_8.pdf\">Katalog_wymaga\u0144_2024_matematyka_klasa_8<\/a><br \/><br \/>Kliknij \u017ceby wr\u00f3ci\u0107 do <a href=\"http:\/\/sp1.zielonka.pl\/index.php\/wymagania-na-poszczegolne-oceny\/\">listy przedmiot\u00f3w<\/a><\/p>\n","protected":false},"excerpt":{"rendered":"<p>Katalog_wymaga\u0144_2024_matematyka _klasa_4 Katalog_wymaga\u0144_2024_matematyka_klasa_5 Wymagania matematyka klasa 6 Wymagania_matematyka_klasa_7 Katalog_wymaga\u0144_2024_matematyka_klasa_8 Kliknij \u017ceby wr\u00f3ci\u0107 do listy przedmiot\u00f3w<\/p>\n","protected":false},"author":3,"featured_media":0,"parent":0,"menu_order":0,"comment_status":"closed","ping_status":"closed","template":"","meta":[],"_links":{"self":[{"href":"http:\/\/sp1.zielonka.pl\/index.php\/wp-json\/wp\/v2\/pages\/5005"}],"collection":[{"href":"http:\/\/sp1.zielonka.pl\/index.php\/wp-json\/wp\/v2\/pages"}],"about":[{"href":"http:\/\/sp1.zielonka.pl\/index.php\/wp-json\/wp\/v2\/types\/page"}],"author":[{"embeddable":true,"href":"http:\/\/sp1.zielonka.pl\/index.php\/wp-json\/wp\/v2\/users\/3"}],"replies":[{"embeddable":true,"href":"http:\/\/sp1.zielonka.pl\/index.php\/wp-json\/wp\/v2\/comments?post=5005"}],"version-history":[{"count":25,"href":"http:\/\/sp1.zielonka.pl\/index.php\/wp-json\/wp\/v2\/pages\/5005\/revisions"}],"predecessor-version":[{"id":17970,"href":"http:\/\/sp1.zielonka.pl\/index.php\/wp-json\/wp\/v2\/pages\/5005\/revisions\/17970"}],"wp:attachment":[{"href":"http:\/\/sp1.zielonka.pl\/index.php\/wp-json\/wp\/v2\/media?parent=5005"}],"curies":[{"name":"wp","href":"https:\/\/api.w.org\/{rel}","templated":true}]}}