{"id":5003,"date":"2020-03-12T16:01:18","date_gmt":"2020-03-12T15:01:18","guid":{"rendered":"http:\/\/sp1.zielonka.pl\/?page_id=5003"},"modified":"2025-10-02T19:07:41","modified_gmt":"2025-10-02T17:07:41","slug":"plastyka","status":"publish","type":"page","link":"http:\/\/sp1.zielonka.pl\/index.php\/plastyka\/","title":{"rendered":"Plastyka"},"content":{"rendered":"<p>Kliknij \u017ceby wr\u00f3ci\u0107 do <a href=\"http:\/\/sp1.zielonka.pl\/index.php\/wymagania-na-poszczegolne-oceny\/\">listy przedmiot\u00f3w<\/a><\/p>\n<p><a href=\"http:\/\/sp1.zielonka.pl\/wp-content\/uploads\/2025\/10\/Kryteria-oceniania-z-plastyki-.pdf\">Kryteria oceniania z plastyki<\/a><\/p>\n","protected":false},"excerpt":{"rendered":"<p>Kliknij \u017ceby wr\u00f3ci\u0107 do listy przedmiot\u00f3w Kryteria oceniania z plastyki<\/p>\n","protected":false},"author":3,"featured_media":0,"parent":0,"menu_order":0,"comment_status":"closed","ping_status":"closed","template":"","meta":[],"_links":{"self":[{"href":"http:\/\/sp1.zielonka.pl\/index.php\/wp-json\/wp\/v2\/pages\/5003"}],"collection":[{"href":"http:\/\/sp1.zielonka.pl\/index.php\/wp-json\/wp\/v2\/pages"}],"about":[{"href":"http:\/\/sp1.zielonka.pl\/index.php\/wp-json\/wp\/v2\/types\/page"}],"author":[{"embeddable":true,"href":"http:\/\/sp1.zielonka.pl\/index.php\/wp-json\/wp\/v2\/users\/3"}],"replies":[{"embeddable":true,"href":"http:\/\/sp1.zielonka.pl\/index.php\/wp-json\/wp\/v2\/comments?post=5003"}],"version-history":[{"count":15,"href":"http:\/\/sp1.zielonka.pl\/index.php\/wp-json\/wp\/v2\/pages\/5003\/revisions"}],"predecessor-version":[{"id":22702,"href":"http:\/\/sp1.zielonka.pl\/index.php\/wp-json\/wp\/v2\/pages\/5003\/revisions\/22702"}],"wp:attachment":[{"href":"http:\/\/sp1.zielonka.pl\/index.php\/wp-json\/wp\/v2\/media?parent=5003"}],"curies":[{"name":"wp","href":"https:\/\/api.w.org\/{rel}","templated":true}]}}