{"id":4997,"date":"2020-03-12T16:00:45","date_gmt":"2020-03-12T15:00:45","guid":{"rendered":"http:\/\/sp1.zielonka.pl\/?page_id=4997"},"modified":"2024-09-09T13:50:41","modified_gmt":"2024-09-09T11:50:41","slug":"historia","status":"publish","type":"page","link":"http:\/\/sp1.zielonka.pl\/index.php\/historia\/","title":{"rendered":"Historia"},"content":{"rendered":"<p>Kliknij \u017ceby wr\u00f3ci\u0107 do <a href=\"http:\/\/sp1.zielonka.pl\/index.php\/wymagania-na-poszczegolne-oceny\/\">listy przedmiot\u00f3w<\/a><\/p>\n<p><a href=\"http:\/\/sp1.zielonka.pl\/wp-content\/uploads\/2024\/09\/Historia-klasa-4-wymagania-na-poszczegolne-oceny-dla-klasy-4.pdf\">Historia-klasa-4-wymagania-na-poszczeg\u00f3lne-oceny<\/a><br \/>\n<a href=\"http:\/\/sp1.zielonka.pl\/wp-content\/uploads\/2024\/09\/Historia-klasa-5-wymagania-na-poszczegolne-oceny.pdf\">Historia-klasa-5-wymagania-na-poszczeg\u00f3lne-oceny<\/a><br \/>\n<a href=\"http:\/\/sp1.zielonka.pl\/wp-content\/uploads\/2024\/09\/Historia-klasa-6-wymagania-na-poszczegolne-oceny.pdf\">Historia-klasa-6-wymagania-na-poszczegolne-oceny<\/a><br \/>\n<a href=\"http:\/\/sp1.zielonka.pl\/wp-content\/uploads\/2024\/09\/Historia-klasa-7-wczoraj-i-dzis-wymagania-na-poszczegolne-oceny.pdf\">Historia-klasa-7-wymagania-na-poszczeg\u00f3lne-oceny<\/a><br \/>\n<a href=\"http:\/\/sp1.zielonka.pl\/wp-content\/uploads\/2024\/09\/Historia-klasa-8-wymagania-na-poszczegolne-oceny.pdf\">Historia-klasa-8-wymagania-na-poszczegolne-oceny<\/a><\/p>\n","protected":false},"excerpt":{"rendered":"<p>Kliknij \u017ceby wr\u00f3ci\u0107 do listy przedmiot\u00f3w Historia-klasa-4-wymagania-na-poszczeg\u00f3lne-oceny Historia-klasa-5-wymagania-na-poszczeg\u00f3lne-oceny Historia-klasa-6-wymagania-na-poszczegolne-oceny Historia-klasa-7-wymagania-na-poszczeg\u00f3lne-oceny Historia-klasa-8-wymagania-na-poszczegolne-oceny<\/p>\n","protected":false},"author":3,"featured_media":0,"parent":0,"menu_order":0,"comment_status":"closed","ping_status":"closed","template":"","meta":[],"_links":{"self":[{"href":"http:\/\/sp1.zielonka.pl\/index.php\/wp-json\/wp\/v2\/pages\/4997"}],"collection":[{"href":"http:\/\/sp1.zielonka.pl\/index.php\/wp-json\/wp\/v2\/pages"}],"about":[{"href":"http:\/\/sp1.zielonka.pl\/index.php\/wp-json\/wp\/v2\/types\/page"}],"author":[{"embeddable":true,"href":"http:\/\/sp1.zielonka.pl\/index.php\/wp-json\/wp\/v2\/users\/3"}],"replies":[{"embeddable":true,"href":"http:\/\/sp1.zielonka.pl\/index.php\/wp-json\/wp\/v2\/comments?post=4997"}],"version-history":[{"count":13,"href":"http:\/\/sp1.zielonka.pl\/index.php\/wp-json\/wp\/v2\/pages\/4997\/revisions"}],"predecessor-version":[{"id":17979,"href":"http:\/\/sp1.zielonka.pl\/index.php\/wp-json\/wp\/v2\/pages\/4997\/revisions\/17979"}],"wp:attachment":[{"href":"http:\/\/sp1.zielonka.pl\/index.php\/wp-json\/wp\/v2\/media?parent=4997"}],"curies":[{"name":"wp","href":"https:\/\/api.w.org\/{rel}","templated":true}]}}