{"id":4995,"date":"2020-03-12T16:00:36","date_gmt":"2020-03-12T15:00:36","guid":{"rendered":"http:\/\/sp1.zielonka.pl\/?page_id=4995"},"modified":"2023-09-11T22:13:12","modified_gmt":"2023-09-11T20:13:12","slug":"jezyk-hiszpanski","status":"publish","type":"page","link":"http:\/\/sp1.zielonka.pl\/index.php\/jezyk-hiszpanski\/","title":{"rendered":"J\u0119zyk hiszpa\u0144ski"},"content":{"rendered":"<p>Kliknij \u017ceby wr\u00f3ci\u0107 do <a href=\"http:\/\/sp1.zielonka.pl\/index.php\/wymagania-na-poszczegolne-oceny\/\">listy przedmiot\u00f3w<\/a><\/p>\n<p><a href=\"http:\/\/sp1.zielonka.pl\/wp-content\/uploads\/2023\/09\/Jezyk-hiszpanski-wymagania-na-poszczegolne-oceny.pdf\">J\u0119zyk-hiszpa\u0144ski-wymagania-na-poszczeg\u00f3lne-oceny<\/a><\/p>\n\n","protected":false},"excerpt":{"rendered":"<p>Kliknij \u017ceby wr\u00f3ci\u0107 do listy przedmiot\u00f3w J\u0119zyk-hiszpa\u0144ski-wymagania-na-poszczeg\u00f3lne-oceny<\/p>\n","protected":false},"author":3,"featured_media":0,"parent":0,"menu_order":0,"comment_status":"closed","ping_status":"closed","template":"","meta":[],"_links":{"self":[{"href":"http:\/\/sp1.zielonka.pl\/index.php\/wp-json\/wp\/v2\/pages\/4995"}],"collection":[{"href":"http:\/\/sp1.zielonka.pl\/index.php\/wp-json\/wp\/v2\/pages"}],"about":[{"href":"http:\/\/sp1.zielonka.pl\/index.php\/wp-json\/wp\/v2\/types\/page"}],"author":[{"embeddable":true,"href":"http:\/\/sp1.zielonka.pl\/index.php\/wp-json\/wp\/v2\/users\/3"}],"replies":[{"embeddable":true,"href":"http:\/\/sp1.zielonka.pl\/index.php\/wp-json\/wp\/v2\/comments?post=4995"}],"version-history":[{"count":13,"href":"http:\/\/sp1.zielonka.pl\/index.php\/wp-json\/wp\/v2\/pages\/4995\/revisions"}],"predecessor-version":[{"id":14014,"href":"http:\/\/sp1.zielonka.pl\/index.php\/wp-json\/wp\/v2\/pages\/4995\/revisions\/14014"}],"wp:attachment":[{"href":"http:\/\/sp1.zielonka.pl\/index.php\/wp-json\/wp\/v2\/media?parent=4995"}],"curies":[{"name":"wp","href":"https:\/\/api.w.org\/{rel}","templated":true}]}}