{"id":4993,"date":"2020-03-12T16:00:25","date_gmt":"2020-03-12T15:00:25","guid":{"rendered":"http:\/\/sp1.zielonka.pl\/?page_id=4993"},"modified":"2024-09-10T14:39:26","modified_gmt":"2024-09-10T12:39:26","slug":"jezyk-angielski","status":"publish","type":"page","link":"http:\/\/sp1.zielonka.pl\/index.php\/jezyk-angielski\/","title":{"rendered":"J\u0119zyk angielski"},"content":{"rendered":"<p>Kliknij \u017ceby wr\u00f3ci\u0107 do <a href=\"http:\/\/sp1.zielonka.pl\/index.php\/wymagania-na-poszczegolne-oceny\/\">listy przedmiot\u00f3w<\/a><\/p>\n<p><a href=\"http:\/\/sp1.zielonka.pl\/wp-content\/uploads\/2024\/09\/Brainy_kl4_kryteria_oceniania_24-25.pdf\">Brainy_kl4_kryteria_oceniania_24-25<\/a><br \/>\n<a href=\"http:\/\/sp1.zielonka.pl\/wp-content\/uploads\/2024\/09\/Brainy_kl5_kryteria_oceniania__24-25.pdf\">Brainy_kl5_kryteria_oceniania__24-25<\/a><br \/>\n<a href=\"http:\/\/sp1.zielonka.pl\/wp-content\/uploads\/2024\/09\/Wymagania-edukacyjne-klasa-6.pdf\">Wymagania-edukacyjne-klasa 6<\/a><br \/>\n<a href=\"http:\/\/sp1.zielonka.pl\/wp-content\/uploads\/2024\/09\/Wymagania-edukacyjne-klasa-7.pdf\">Wymagania-edukacyjne-klasa 7<\/a><br \/>\n<a href=\"http:\/\/sp1.zielonka.pl\/wp-content\/uploads\/2024\/09\/Repetytorium_Osmoklasisty_cz2_kryteria_oceniania_24-25.pdf\">Repetytorium_Osmoklasisty_cz2_kryteria_oceniania_24-25<\/a><\/p>\n","protected":false},"excerpt":{"rendered":"<p>Kliknij \u017ceby wr\u00f3ci\u0107 do listy przedmiot\u00f3w Brainy_kl4_kryteria_oceniania_24-25 Brainy_kl5_kryteria_oceniania__24-25 Wymagania-edukacyjne-klasa 6 Wymagania-edukacyjne-klasa 7 Repetytorium_Osmoklasisty_cz2_kryteria_oceniania_24-25<\/p>\n","protected":false},"author":3,"featured_media":0,"parent":0,"menu_order":0,"comment_status":"closed","ping_status":"closed","template":"","meta":[],"_links":{"self":[{"href":"http:\/\/sp1.zielonka.pl\/index.php\/wp-json\/wp\/v2\/pages\/4993"}],"collection":[{"href":"http:\/\/sp1.zielonka.pl\/index.php\/wp-json\/wp\/v2\/pages"}],"about":[{"href":"http:\/\/sp1.zielonka.pl\/index.php\/wp-json\/wp\/v2\/types\/page"}],"author":[{"embeddable":true,"href":"http:\/\/sp1.zielonka.pl\/index.php\/wp-json\/wp\/v2\/users\/3"}],"replies":[{"embeddable":true,"href":"http:\/\/sp1.zielonka.pl\/index.php\/wp-json\/wp\/v2\/comments?post=4993"}],"version-history":[{"count":12,"href":"http:\/\/sp1.zielonka.pl\/index.php\/wp-json\/wp\/v2\/pages\/4993\/revisions"}],"predecessor-version":[{"id":18007,"href":"http:\/\/sp1.zielonka.pl\/index.php\/wp-json\/wp\/v2\/pages\/4993\/revisions\/18007"}],"wp:attachment":[{"href":"http:\/\/sp1.zielonka.pl\/index.php\/wp-json\/wp\/v2\/media?parent=4993"}],"curies":[{"name":"wp","href":"https:\/\/api.w.org\/{rel}","templated":true}]}}