{"id":4991,"date":"2020-03-12T16:00:15","date_gmt":"2020-03-12T15:00:15","guid":{"rendered":"http:\/\/sp1.zielonka.pl\/?page_id=4991"},"modified":"2024-09-09T20:02:18","modified_gmt":"2024-09-09T18:02:18","slug":"jezyk-polski","status":"publish","type":"page","link":"http:\/\/sp1.zielonka.pl\/index.php\/jezyk-polski\/","title":{"rendered":"J\u0119zyk polski"},"content":{"rendered":"<p>Kliknij \u017ceby wr\u00f3ci\u0107 do <a href=\"http:\/\/sp1.zielonka.pl\/index.php\/wymagania-na-poszczegolne-oceny\/\">listy przedmiot\u00f3w<\/a><\/p>\n<p><a href=\"http:\/\/sp1.zielonka.pl\/wp-content\/uploads\/2024\/09\/Jezyk-polski-kryteria-oceniania-dla-4-klasy-sp-nowy-2.pdf\">J\u0119zyk polski-kryteria-oceniania-dla-4-klasy-sp-nowy-2<\/a><br><a href=\"http:\/\/sp1.zielonka.pl\/wp-content\/uploads\/2024\/09\/Jezyk-polski-kryteria-oceniania-dla-klasy-5-nowy-2.pdf\">J\u0119zyk polski-kryteria-oceniania-dla-klasy-5-nowy-2<\/a><br><a href=\"http:\/\/sp1.zielonka.pl\/wp-content\/uploads\/2024\/09\/Jezyk-polski-kryteria-oceniania-dla-klasy-6-nowy.pdf\">J\u0119zyk polski-kryteria-oceniania-dla-klasy-6-nowy<\/a><br><a href=\"http:\/\/sp1.zielonka.pl\/wp-content\/uploads\/2024\/09\/Jezyk-polski-kryteria-oceniania-dla-klasy-7-nowy-2-1.pdf\">J\u0119zyk polski-kryteria-oceniania-dla-klasy-7-nowy-2<\/a><br><a href=\"http:\/\/sp1.zielonka.pl\/wp-content\/uploads\/2024\/09\/Jezyk-polski-kryteria-oceniania-dla-kl-8-nowy-2.pdf\">J\u0119zyk polski-kryteria-oceniania-dla-kl-8-nowy-2<\/a><\/p>\n\n","protected":false},"excerpt":{"rendered":"<p>Kliknij \u017ceby wr\u00f3ci\u0107 do listy przedmiot\u00f3w J\u0119zyk polski-kryteria-oceniania-dla-4-klasy-sp-nowy-2J\u0119zyk polski-kryteria-oceniania-dla-klasy-5-nowy-2J\u0119zyk polski-kryteria-oceniania-dla-klasy-6-nowyJ\u0119zyk polski-kryteria-oceniania-dla-klasy-7-nowy-2J\u0119zyk polski-kryteria-oceniania-dla-kl-8-nowy-2<\/p>\n","protected":false},"author":3,"featured_media":0,"parent":0,"menu_order":0,"comment_status":"closed","ping_status":"closed","template":"","meta":[],"_links":{"self":[{"href":"http:\/\/sp1.zielonka.pl\/index.php\/wp-json\/wp\/v2\/pages\/4991"}],"collection":[{"href":"http:\/\/sp1.zielonka.pl\/index.php\/wp-json\/wp\/v2\/pages"}],"about":[{"href":"http:\/\/sp1.zielonka.pl\/index.php\/wp-json\/wp\/v2\/types\/page"}],"author":[{"embeddable":true,"href":"http:\/\/sp1.zielonka.pl\/index.php\/wp-json\/wp\/v2\/users\/3"}],"replies":[{"embeddable":true,"href":"http:\/\/sp1.zielonka.pl\/index.php\/wp-json\/wp\/v2\/comments?post=4991"}],"version-history":[{"count":17,"href":"http:\/\/sp1.zielonka.pl\/index.php\/wp-json\/wp\/v2\/pages\/4991\/revisions"}],"predecessor-version":[{"id":17996,"href":"http:\/\/sp1.zielonka.pl\/index.php\/wp-json\/wp\/v2\/pages\/4991\/revisions\/17996"}],"wp:attachment":[{"href":"http:\/\/sp1.zielonka.pl\/index.php\/wp-json\/wp\/v2\/media?parent=4991"}],"curies":[{"name":"wp","href":"https:\/\/api.w.org\/{rel}","templated":true}]}}