{"id":4985,"date":"2020-03-12T15:59:32","date_gmt":"2020-03-12T14:59:32","guid":{"rendered":"http:\/\/sp1.zielonka.pl\/?page_id=4985"},"modified":"2021-12-12T22:24:13","modified_gmt":"2021-12-12T21:24:13","slug":"religia","status":"publish","type":"page","link":"http:\/\/sp1.zielonka.pl\/index.php\/religia\/","title":{"rendered":"Religia"},"content":{"rendered":"<p>Kliknij \u017ceby wr\u00f3ci\u0107 do <a href=\"http:\/\/sp1.zielonka.pl\/index.php\/wymagania-na-poszczegolne-oceny\/\">listy przedmiot\u00f3w<\/a><\/p>\n<p><a href=\"http:\/\/sp1.zielonka.pl\/wp-content\/uploads\/2021\/12\/Religia_wymagania-klasy_1-8-1.pdf\">Religia_wymagania-klasy_1-8<\/a><\/p>\n","protected":false},"excerpt":{"rendered":"<p>Kliknij \u017ceby wr\u00f3ci\u0107 do listy przedmiot\u00f3w Religia_wymagania-klasy_1-8<\/p>\n","protected":false},"author":3,"featured_media":0,"parent":0,"menu_order":0,"comment_status":"closed","ping_status":"closed","template":"","meta":[],"_links":{"self":[{"href":"http:\/\/sp1.zielonka.pl\/index.php\/wp-json\/wp\/v2\/pages\/4985"}],"collection":[{"href":"http:\/\/sp1.zielonka.pl\/index.php\/wp-json\/wp\/v2\/pages"}],"about":[{"href":"http:\/\/sp1.zielonka.pl\/index.php\/wp-json\/wp\/v2\/types\/page"}],"author":[{"embeddable":true,"href":"http:\/\/sp1.zielonka.pl\/index.php\/wp-json\/wp\/v2\/users\/3"}],"replies":[{"embeddable":true,"href":"http:\/\/sp1.zielonka.pl\/index.php\/wp-json\/wp\/v2\/comments?post=4985"}],"version-history":[{"count":5,"href":"http:\/\/sp1.zielonka.pl\/index.php\/wp-json\/wp\/v2\/pages\/4985\/revisions"}],"predecessor-version":[{"id":9369,"href":"http:\/\/sp1.zielonka.pl\/index.php\/wp-json\/wp\/v2\/pages\/4985\/revisions\/9369"}],"wp:attachment":[{"href":"http:\/\/sp1.zielonka.pl\/index.php\/wp-json\/wp\/v2\/media?parent=4985"}],"curies":[{"name":"wp","href":"https:\/\/api.w.org\/{rel}","templated":true}]}}