{"id":4978,"date":"2020-03-12T15:45:52","date_gmt":"2020-03-12T14:45:52","guid":{"rendered":"http:\/\/sp1.zielonka.pl\/?page_id=4978"},"modified":"2024-09-08T13:28:07","modified_gmt":"2024-09-08T11:28:07","slug":"geografia","status":"publish","type":"page","link":"http:\/\/sp1.zielonka.pl\/index.php\/geografia\/","title":{"rendered":"Geografia"},"content":{"rendered":"<p>Kliknij \u017ceby wr\u00f3ci\u0107 do <a href=\"http:\/\/sp1.zielonka.pl\/index.php\/wymagania-na-poszczegolne-oceny\/\">listy przedmiot\u00f3w<\/a><\/p>\n<p><a href=\"http:\/\/sp1.zielonka.pl\/wp-content\/uploads\/2024\/09\/Geografia-kl.5-wymagania-na-poszczegolne-oceny.pdf\">Geografia kl.5 &#8211; wymagania na poszczeg\u00f3lne oceny<\/a><br \/>\n<a href=\"http:\/\/sp1.zielonka.pl\/wp-content\/uploads\/2024\/09\/Geografia-kl.6-wymagania-na-poszczegolne-oceny.pdf\">Geografia kl.6- wymagania na poszczeg\u00f3lne oceny<\/a><br \/>\n<a href=\"http:\/\/sp1.zielonka.pl\/wp-content\/uploads\/2024\/09\/Geografia-kl.7-wymagania-na-poszczegolne-oceny.pdf\">Geografia kl.7-wymagania na poszczeg\u00f3lne oceny<\/a><br \/>\n<a href=\"http:\/\/sp1.zielonka.pl\/wp-content\/uploads\/2024\/09\/Geografia-kl.8-wymagania-na-poszczegolne-oceny.pdf\">Geografia kl.8-wymagania na poszczeg\u00f3lne oceny<\/a><\/p>\n","protected":false},"excerpt":{"rendered":"<p>Kliknij \u017ceby wr\u00f3ci\u0107 do listy przedmiot\u00f3w Geografia kl.5 &#8211; wymagania na poszczeg\u00f3lne oceny Geografia kl.6- wymagania na poszczeg\u00f3lne oceny Geografia kl.7-wymagania na poszczeg\u00f3lne oceny Geografia kl.8-wymagania na poszczeg\u00f3lne oceny<\/p>\n","protected":false},"author":3,"featured_media":0,"parent":0,"menu_order":0,"comment_status":"closed","ping_status":"closed","template":"","meta":[],"_links":{"self":[{"href":"http:\/\/sp1.zielonka.pl\/index.php\/wp-json\/wp\/v2\/pages\/4978"}],"collection":[{"href":"http:\/\/sp1.zielonka.pl\/index.php\/wp-json\/wp\/v2\/pages"}],"about":[{"href":"http:\/\/sp1.zielonka.pl\/index.php\/wp-json\/wp\/v2\/types\/page"}],"author":[{"embeddable":true,"href":"http:\/\/sp1.zielonka.pl\/index.php\/wp-json\/wp\/v2\/users\/3"}],"replies":[{"embeddable":true,"href":"http:\/\/sp1.zielonka.pl\/index.php\/wp-json\/wp\/v2\/comments?post=4978"}],"version-history":[{"count":8,"href":"http:\/\/sp1.zielonka.pl\/index.php\/wp-json\/wp\/v2\/pages\/4978\/revisions"}],"predecessor-version":[{"id":17961,"href":"http:\/\/sp1.zielonka.pl\/index.php\/wp-json\/wp\/v2\/pages\/4978\/revisions\/17961"}],"wp:attachment":[{"href":"http:\/\/sp1.zielonka.pl\/index.php\/wp-json\/wp\/v2\/media?parent=4978"}],"curies":[{"name":"wp","href":"https:\/\/api.w.org\/{rel}","templated":true}]}}